{"id":16873,"date":"2023-07-29T16:15:37","date_gmt":"2023-07-29T15:15:37","guid":{"rendered":"https:\/\/montanhasmagicas.pt\/?page_id=16873"},"modified":"2023-07-29T16:15:37","modified_gmt":"2023-07-29T15:15:37","slug":"ou-manger","status":"publish","type":"page","link":"https:\/\/montanhasmagicas.pt\/fr\/route-de-leau-et-de-la-pierre\/decouvrir\/ou-manger\/","title":{"rendered":"O\u00f9 Manger"},"content":{"rendered":"<p>[vc_row full_width=\u00a0\u00bbstretch_row\u00a0\u00bb vc_row_background=\u00a0\u00bb\u00a0\u00bb][vc_column][vc_row_inner][vc_column_inner][vc_column_text]<\/p>\n<h5 class=\"intro\" style=\"text-align: center;\">Tout au long du territoire, il y a des restaurants qui servent le meilleur de la cuisine locale typique et de la gastronomie portugaise traditionnelle. D\u00e9couvrez o\u00f9 ils se trouvent !<\/h5>\n<div class=\"description\">\n<div class=\"rich-text\">\n<p style=\"text-align: center;\">Dans les villes qui sont les \u00ab\u00a0portes d&rsquo;entr\u00e9e\u00a0\u00bb des Montanhas M\u00e1gicas\u00ae, l&rsquo;offre de restauration est large et diversifi\u00e9e. Au fur et \u00e0 mesure que l&rsquo;on s&rsquo;\u00e9loigne des centres urbains, cette offre se rar\u00e9fie naturellement, mais elle est bien qualifi\u00e9e, avec des restaurants \u00e0 dominante de cuisine montagnarde typique ou avec des caract\u00e9ristiques plus sp\u00e9cifiques des lieux o\u00f9 ils se trouvent, \u00e0 savoir au bord de la rivi\u00e8re. Dans certains cas, une r\u00e9servation pr\u00e9alable est n\u00e9cessaire.<\/p>\n<p style=\"text-align: center;\">Les f\u00eates, les p\u00e8lerinages et les \u00e9v\u00e9nements gastronomiques qui se d\u00e9roulent sur l&rsquo;ensemble du territoire sont d&rsquo;excellentes occasions de d\u00e9guster les plats typiques, les douceurs r\u00e9gionales et les vins locaux, dans une atmosph\u00e8re de grande animation et de retrouvailles avec les traditions, les usages et les coutumes locales.<\/p>\n<\/div>\n<\/div>\n<p>[\/vc_column_text][\/vc_column_inner][\/vc_row_inner][vc_row_inner][vc_column_inner]        <div class=\"container\">\n            <div class=\"vc_row row mm-archive-row separator-top-bottom\">\n                <div class=\"vc_col-lg-12 vc_col-md-12 vc_col-sm-12 vc_col-xs-12 mm-body-archive-column\">\n                    <div class=\"vc_row row\">\n                        <div class=\"vc_col-lg-12 vc_col-md-12 vc_col-sm-12 vc_col-xs-12 break-space-60\">\t\t\t\t\t\n    <div class=\"filter-wrapper\">\n        <div class=\"filters-form-wrapper\">\n            <div class=\"form-box\">\n                <form action=\"#\" method=\"POST\" id=\"form-search-restaurant\">\n                    <div class=\"vc_row row form-row break-space-30\">\t\n                        <div class=\"vc_col-lg-12 vc_col-md-12 vc_col-sm-12 vc_col-xs-12 form-column\">\t\n                            <div class=\"legend-wrapper\">\t\n                                <label for=\"search-restaurant\">Recherche<\/label>\n\t\t\t\t\t\t\t\t<button type=\"button\" onclick=\"reset_restaurant();\" class=\"clerar-filters\"><i class=\"fa fa-close\"><\/i>Effacer les filtres<\/button>\n\t\t\t\t\t\t\t<\/div>\n                            <div class=\"input-wrapper search-wrapper\">\n                                <input class=\"search-input\" name=\"s\" id=\"search-restaurant\" placeholder=\"Recherche...\" type=\"text\" autocomplete=\"off\">\n                                <div class=\"form-icon search\">\n                                    <button type=\"submit\" id=\"search\"><i class=\"fa fa-search\"><\/i><\/button>\n                                <\/div>\t\n                            <\/div>\t\n                        <\/div>\n                    <\/div>\n                    <div class=\"vc_row row form-row columns-3\">\t\n                        <div class=\"vc_col-lg-4 vc_col-md-4 vc_col-sm-12 vc_col-xs-12 form-column\">\n                            <label for=\"county-restaurant\">Comt\u00e9<\/label>\n                            <div class=\"input-wrapper\">\n                                <select id=\"county-restaurant\" name=\"county\" class=\"form-select\">\n                                    <option selected disabled value=\"\">Comt\u00e9<\/option>\n                                                                    <\/select>\n                                <div class=\"form-icon\">\n                                    <i class=\"fa fa-map-marker\"><\/i>\n                                <\/div>\t\n                            <\/div>\t\n                        <\/div>\t\n                        <div class=\"vc_col-lg-4 vc_col-md-4 vc_col-sm-12 vc_col-xs-12 form-column\">\n                            <label for=\"type-restaurant\">Type de Restaurant<\/label>\n                            <div class=\"input-wrapper\">\n                                <select id=\"type-restaurant\" name=\"type_restaurant\" class=\"form-select\">\n                                    <option selected disabled value=\"\">Type de Restaurant<\/option>\n                                                                    <\/select>\n                                <div class=\"form-icon\">\n                                    <i class=\"fa fa-tag\"><\/i>\n                                <\/div>\t\n                            <\/div>\t\n                        <\/div>\t\n                        <div class=\"vc_col-lg-4 vc_col-md-4 vc_col-sm-12 vc_col-xs-12 form-column\">\n                            <label for=\"type-kitchen\">Type de Cuisine<\/label>\n                            <div class=\"input-wrapper\">\n                                <select id=\"type-kitchen\" name=\"type_kitchen\" class=\"form-select\">\n                                    <option selected disabled value>Type de Cuisine<\/option>\n                                                                    <\/select>\n                                <div class=\"form-icon\">\n                                    <i class=\"fa fa-info\"><\/i>\n                                <\/div>\t\n                            <\/div>\t\n                        <\/div>\t\n                    <\/div>\t\t\n                <\/form>\n            <\/div>\t\t\n        <\/div>\t\n        <div class=\"filters-btn-wrapper\">\n            <button class=\"btn-filters\"><i class=\"fa fa-filter\"><\/i><p class=\"show-filters-txt\">Afficher les filtres<\/p><p class=\"hide-filters-txt\">Masquer les filtres<\/p><\/button>\n            <div class=\"line\"><\/div>\n            <div class=\"hidden-bg\"><\/div>\n        <\/div>\n    <\/div>\n<\/div>\n\n<script type=\"text\/javascript\">\n    var $ = jQuery;\n    var current_page  = 1;\n    var formElement = $(\"#form-search-restaurant\");\n\n    function get_serialize_form() {\n        var formArray = formElement.serializeArray();\n        var formArrayOrganized = {};\n\n        $.each(formArray, function() {\n            formArrayOrganized[this.name] = this.value;\n        });\n        return formArrayOrganized;\n    }\n\n    function reset_search(){\n        current_page = 1;\n        $('#grid').empty();\n    }\n\n\tfunction filter_restaurants(filters){\n\t\tconst ajax_url  = \"https:\/\/montanhasmagicas.pt\/wp-admin\/admin-ajax.php\";\n        const loader    = $(\".mm-archive-loading\");\n        const grid      = $(\"#grid\");\n\n        \n\t\t$.ajax({\n\t\t\turl: ajax_url,\n\t\t\ttype: \"POST\",\n\t\t\tdata:{\n\t\t\t\taction: 'filters_rota_pedra_agua_grid',\n\t\t\t\tfilters: filters,\n                paged: current_page,\n                post_type: 'restaurant'\n\t\t\t},\n\t\t\tbeforeSend: function() {\n\t\t\t\tloader.css(\"display\", \"flex\");\n\t\t\t},\n\t\t\tsuccess: function(response) {\n                loader.hide();\n                if(response != \"\"){\n                    grid.append(response);\n                }\n\t\t\t},\n\t\t\terror: function(error) {\n                loader.hide();\n\t\t\t\tconsole.log(error);\n\t\t\t}\n\t\t});\n\t}\n\n    function reset_restaurant() {\n        reset_search();\n        formElement[0].reset();\n        filter_restaurants(get_serialize_form());\n    }\n\n\tjQuery(document).ready(function($) {\n\t\tfilter_restaurants(get_serialize_form());\n\n        formElement.submit(function(e) {\n            e.preventDefault();\n            reset_search();\n            filter_restaurants(get_serialize_form());\n        });\n\n        formElement.find(\"select\").on(\"change\", function() {\n            reset_search();\n            filter_restaurants(get_serialize_form());\n        });\n\n        $(document).on(\"click\", \"#load-more\", function() {\n            $(this).parent(\"div\").remove();\n            current_page++;\n            filter_restaurants(get_serialize_form());\n        });\n\t});\n\n<\/script>\n                        <div class=\"vc_col-lg-12 vc_col-md-12 vc_col-sm-12 vc_col-xs-12 break-space-45\">\n                            <div class=\"row vc_row vc_row-o-equal-height vc_row-flex grid-2\" id=\"grid\"><\/div>\n                        <\/div>\n                        <div class=\"vc_col-xs-12 mm-archive-loading\"><div class=\"lds-ring\"><div><\/div><div><\/div><div><\/div><div><\/div><\/div><\/div>\n                    <\/div>\n                <\/div>\n            <\/div>\n        <\/div>\n\n    [\/vc_column_inner][\/vc_row_inner][\/vc_column][\/vc_row]<\/p>\n","protected":false},"excerpt":{"rendered":"<p>[vc_row full_width=\u00a0\u00bbstretch_row\u00a0\u00bb vc_row_background=\u00a0\u00bb\u00a0\u00bb][vc_column][vc_row_inner][vc_column_inner][vc_column_text] Tout au long du territoire, il y a des restaurants qui servent le meilleur de la cuisine locale typique et de la gastronomie portugaise traditionnelle. D\u00e9couvrez o\u00f9 ils se trouvent ! Dans les villes qui sont les \u00ab\u00a0portes d&rsquo;entr\u00e9e\u00a0\u00bb des Montanhas M\u00e1gicas\u00ae, l&rsquo;offre de restauration est large et diversifi\u00e9e. Au fur et [&hellip;]<\/p>\n","protected":false},"author":1,"featured_media":16420,"parent":16877,"menu_order":9,"comment_status":"closed","ping_status":"closed","template":"page-rotapedra.php","meta":{"footnotes":""},"class_list":["post-16873","page","type-page","status-publish","has-post-thumbnail","hentry"],"_links":{"self":[{"href":"https:\/\/montanhasmagicas.pt\/fr\/wp-json\/wp\/v2\/pages\/16873","targetHints":{"allow":["GET"]}}],"collection":[{"href":"https:\/\/montanhasmagicas.pt\/fr\/wp-json\/wp\/v2\/pages"}],"about":[{"href":"https:\/\/montanhasmagicas.pt\/fr\/wp-json\/wp\/v2\/types\/page"}],"author":[{"embeddable":true,"href":"https:\/\/montanhasmagicas.pt\/fr\/wp-json\/wp\/v2\/users\/1"}],"replies":[{"embeddable":true,"href":"https:\/\/montanhasmagicas.pt\/fr\/wp-json\/wp\/v2\/comments?post=16873"}],"version-history":[{"count":0,"href":"https:\/\/montanhasmagicas.pt\/fr\/wp-json\/wp\/v2\/pages\/16873\/revisions"}],"up":[{"embeddable":true,"href":"https:\/\/montanhasmagicas.pt\/fr\/wp-json\/wp\/v2\/pages\/16877"}],"wp:featuredmedia":[{"embeddable":true,"href":"https:\/\/montanhasmagicas.pt\/fr\/wp-json\/wp\/v2\/media\/16420"}],"wp:attachment":[{"href":"https:\/\/montanhasmagicas.pt\/fr\/wp-json\/wp\/v2\/media?parent=16873"}],"curies":[{"name":"wp","href":"https:\/\/api.w.org\/{rel}","templated":true}]}}