{"id":17555,"date":"2024-03-18T10:17:19","date_gmt":"2024-03-18T10:17:19","guid":{"rendered":"https:\/\/montanhasmagicas.pt\/?page_id=17555"},"modified":"2024-03-18T10:24:01","modified_gmt":"2024-03-18T10:24:01","slug":"habitantes","status":"publish","type":"page","link":"https:\/\/montanhasmagicas.pt\/es\/montanhas-magicas\/habitantes\/","title":{"rendered":"Habitantes"},"content":{"rendered":"<p>[vc_row vc_row_background=\u00bb\u00bb][vc_column][vc_row_inner][vc_column_inner][vc_column_text]<\/p>\n<h2>\u00a1Descubra en la sencillez y amabilidad de nuestra gente una de las experiencias m\u00e1s positivas de su visita!<\/h2>\n<p>Es en la forma sencilla, amable y alegre de ser y vivir que est\u00e1n las principales caracter\u00edsticas de los habitantes de las Montanhas M\u00e1gicas\u00ae.<\/p>\n<p>Durante un recorrido por el pueblo, en el restaurante, un bar o incluso en el mercado local, conozca la gente y el territorio m\u00e1s de que podr\u00eda conocer de otra manera.<\/p>\n<p><b>Poblaci\u00f3n<\/b><\/p>\n<p>Seg\u00fan los Censos de 2011, viven en las Montanhas M\u00e1gicas cerca de 127 mil personas. La edad de los habitantes var\u00eda ligeramente entre los siete municipios del territorio. Del 13% al 16% tienen hasta 14 a\u00f1os; 11% y al 13% tienen entre 15 y 24 a\u00f1os; 49% al 56% tienen entre 25 y 64 a\u00f1os; y del 17% al 28% tienen m\u00e1s de 64 a\u00f1os.<\/p>\n<p>Las municipalidades m\u00e1s pobladas de las Montanhas M\u00e1gicas son Vale de Cambra, Arouca y Cinf\u00e3es, con m\u00e1s de 20.000 habitantes, especialmente concentrados en las sedes de las municipalidades y en las parroquias vecinas. Las municipalidades restantes tienen entre 12.000 y 17.000 personas. Las municipalidades con mayor \u00e1rea geogr\u00e1fica son las de Castro Daire, S\u00e3o Pedro do Sul y Arouca (entre 38 y 33 mil hect\u00e1reas).<\/p>\n<p><b>Actividades econ\u00f3micas<\/b><\/p>\n<p>Debido a las caracter\u00edsticas predominantemente monta\u00f1osas de este territorio y la a fertilidad inusual de sus valles, la agricultura y el pastoreo fueron, durante muchos siglos, las principales actividades de los habitantes, teniendo la actividad minera ocupado un lugar destacado, especialmente durante y despu\u00e9s de unas pocas d\u00e9cadas le las Guerras Mundiales.<\/p>\n<p>La actividad agr\u00edcola potenci\u00f3, entre otros, el desarrollo de la industria l\u00e1ctea, haciendo posible la implementaci\u00f3n de algunas grandes empresas de peso a nivel nacional e internacional. El crecimiento de este sector ha dado lugar a la aplicaci\u00f3n de otras industrias complementarias, como la metalmec\u00e1nica o la industria del embalaje. Estos tres sectores, junto con lo de las maderas, contribuyeron y siguen siendo fundamentales para la \u00abfuerza\u00bb industrial del territorio.<\/p>\n<p>Con el creciente abandono de la agricultura y del pastoreo, muchas personas, especialmente los j\u00f3venes, que se vieron obligados a migrar y emigrar, causando una severa desertificaci\u00f3n, especialmente de los pueblos y parroquias m\u00e1s aislados.<\/p>\n<p>A pesar del abandono significativo de la actividad agr\u00edcola, las condiciones \u00f3ptimas que ofrece el territorio para practicar esta actividad ha estimulado el surgimiento de nuevas empresas relacionadas con la producci\u00f3n de t\u00e9s y hierbas, algunas de las cuales son de producci\u00f3n ecol\u00f3gica, as\u00ed como la producci\u00f3n de frutas, especialmente los ar\u00e1ndanos y otros frutos rojos.<\/p>\n<p>La producci\u00f3n de vino verde sigue siendo una de las actividades m\u00e1s importantes, y la cr\u00eda de ganado de raza Arouquesa y del cabrito de Gralheira tambi\u00e9n son actividades con un peso significativo en el contexto del sector primario.<\/p>\n<p>El sector terciario es predominante en la mayor\u00eda de las municipalidades de este territorio, con tasas que oscilan entre 65% y 45%. A pesar de ser una peque\u00f1a diferencia, en las municipalidades de Castelo de Paiva y Vale de Cambra domina el sector secundario.<\/p>\n<p>El turismo ha asumido una importancia creciente y cada vez m\u00e1s estrat\u00e9gica en todas las actividades econ\u00f3micas del territorio.<\/p>\n<p><b>Tiempo Libre<\/b><\/p>\n<p>El deporte es una de las actividades m\u00e1s apreciadas por los habitantes de las Montanhas M\u00e1gicas, sobre todo la pr\u00e1ctica de senderismo y ciclismo de monta\u00f1a al aire libre. Los m\u00e1s de 600 km de rutas de senderismo existentes en el territorio, los Passadi\u00e7os do Paiva, la Ecopista del Vouga, los parques deportivos y de ocio y los paisajes y recursos naturales que pueden utilizar, tan cerca de casa, justifican sus preferencias.<\/p>\n<p>A los j\u00f3venes les gusta organizar equipos y participar en torneos de f\u00fatbol, y este deporte a nivel profesional se ha destacado en algunos de nuestras municipalidades.<\/p>\n<p>Los mercados locales de agricultores, las ferias y exposiciones, las fiestas y romer\u00edas y todos los eventos y actividades culturales que tienen lugar durante todo el a\u00f1o, en las Montanhas M\u00e1gicas, siempre tienen gran apoyo, asistencia y participaci\u00f3n de los habitantes, lo que revela su esp\u00edritu alegre y su gusto por la vida.<\/p>\n<p><b>Figuras p\u00fablicas<\/b><\/p>\n<p><strong><em>Isabel Silvestre (de la m\u00fasica y de las artes esc\u00e9nicas)<\/em><\/strong><\/p>\n<p>\u00bfQui\u00e9n no conoce la inconfundible voz y la sonrisa contagiosa de Isabel Silvestre?<\/p>\n<p>Natural de Manhouce, en la municipalidad de S\u00e3o Pedro do Sul, Isabel Silvestre fue profesora de escuela primaria. En 1978 fund\u00f3 el grupo de Cantares e Trajes de Manhouce, y en 1992, se dio a conocer al p\u00fablico en general a trav\u00e9s de su participaci\u00f3n en la m\u00fasica de GNR, \u00abPron\u00fancia do Norte.\u00bb<\/p>\n<p>Particip\u00f3 en el disco tributo a Ant\u00f3nio Varia\u00e7\u00f5es junto con nombres como S\u00e9rgio Godinho, M\u00e3o Morta, Madredeus y Delfins. Su primer \u00e1lbum, compuesto por varias canciones populares, cuyas ra\u00edces se remontan a los lugares donde naci\u00f3 y creci\u00f3, fue producido por Jo\u00e3o Gil.<\/p>\n<p>Uno de los temas m\u00e1s populares que interpreta es \u00abA gente n\u00e3o l\u00ea\u00bb, con letra de Carlos T\u00ea y la m\u00fasica de autor\u00eda de Rui Veloso.<\/p>\n<p>Autora de publicaciones como el \u00abCancioneiro de Manhouce\u00bb y el libro \u00abDo\u00e7uras\u00bb, Isabel Silvestre es muy querida y apreciada por los habitantes de las Montanhas M\u00e1gicas. <a href=\"http:\/\/www.letras.com.br\/biografia\/isabel-silvestre\" target=\"_blank\" rel=\"noopener\">M\u00e1s informaci\u00f3n.<\/a><\/p>\n<p><strong><em>Manuel Sobrinho Sim\u00f5es (del \u00e1mbito cient\u00edfico)<\/em><\/strong><\/p>\n<p>Con una fuerte conexi\u00f3n con Arouca, en virtud de su padre y abuelo paterno naturales de la municipalidad, Manuel Sobrino Simoes, Pat\u00f3logo, Profesor Catedr\u00e1tico de la Facultad de Medicina de la Universidad de Oporto y Presidente de IPATIMUP &#8211; Instituto de Patolog\u00eda e Inmunolog\u00eda Molecular y Celular de la Universidad de Oporto (que fund\u00f3 en 1989). Fue elegido en el a\u00f1o 2015 el pat\u00f3logo m\u00e1s influyente en el mundo por la revista brit\u00e1nica The Patologist y recibi\u00f3 un homenaje del Consejo General de la Universidad de Oporto. En 2016 gan\u00f3 el Gran Premio de Ci\u00eancia Viva Montepio. <a href=\"https:\/\/sigarra.up.pt\/up\/pt\/web_base.gera_pagina?p_pagina=antigos%20estudantes%20ilustres%20-%20manuel%20sobrinho%20sim%C3%B5es\" target=\"_blank\" rel=\"noopener\">M\u00e1s informaci\u00f3n.<\/a>[\/vc_column_text][\/vc_column_inner][\/vc_row_inner][\/vc_column][\/vc_row][vc_row][vc_column]\n\t\t\t\t<div class=\"gallery-img-video\">\n\t\t\t\t<h4 class=\"title\">Galer\u00eda<\/h4>\n\t\t\t\t\t\t\t\t<div class=\"gallery-wrapper\">\n\t\t\t\t\t\t\t\t\t\t\t<div id=\"img-gallery-tab-69e6100e4f4cf\" class=\"gallery-tab active\">\n\t\t\t\t\t\t\t<div class=\"lightbox-gallery lightbox-gallery-69e6100e4f4cf gallery-wrapper col-3\">\n\t\t\t\t\t\t\t\t\t\t\t\t\t\t\t\t\t<a href=\"https:\/\/montanhasmagicas.pt\/wp-content\/uploads\/2024\/03\/atividades-pedagogicas-1024x683.jpg\">\n\t\t\t\t\t\t\t\t\t\t<div class=\"wrapper\">\n\t\t\t\t\t\t\t\t\t\t\t<img decoding=\"async\" src=\"https:\/\/montanhasmagicas.pt\/wp-content\/uploads\/2024\/03\/atividades-pedagogicas-1024x683.jpg\" title=\"Atividades Pedag\u00f3gicas\" alt=\"\">\n\t\t\t\t\t\t\t\t\t\t<\/div>\n\t\t\t\t\t\t\t\t\t<\/a>\n\t\t\t\t\t\t\t\t\t\t\t\t\t\t\t\t\t<a href=\"https:\/\/montanhasmagicas.pt\/wp-content\/uploads\/2024\/03\/capa-habitantes-1024x556.jpg\">\n\t\t\t\t\t\t\t\t\t\t<div class=\"wrapper\">\n\t\t\t\t\t\t\t\t\t\t\t<img decoding=\"async\" src=\"https:\/\/montanhasmagicas.pt\/wp-content\/uploads\/2024\/03\/capa-habitantes-1024x556.jpg\" title=\"Festival da Castanha\" alt=\"\">\n\t\t\t\t\t\t\t\t\t\t<\/div>\n\t\t\t\t\t\t\t\t\t<\/a>\n\t\t\t\t\t\t\t\t\t\t\t\t\t\t\t\t\t<a href=\"https:\/\/montanhasmagicas.pt\/wp-content\/uploads\/2024\/03\/festival-folclore-1024x744.jpg\">\n\t\t\t\t\t\t\t\t\t\t<div class=\"wrapper\">\n\t\t\t\t\t\t\t\t\t\t\t<img decoding=\"async\" src=\"https:\/\/montanhasmagicas.pt\/wp-content\/uploads\/2024\/03\/festival-folclore-1024x744.jpg\" title=\"Festival de Folclore\" alt=\"\">\n\t\t\t\t\t\t\t\t\t\t<\/div>\n\t\t\t\t\t\t\t\t\t<\/a>\n\t\t\t\t\t\t\t\t\t\t\t\t\t\t\t\t\t<a href=\"https:\/\/montanhasmagicas.pt\/wp-content\/uploads\/2024\/03\/grupo-teatro-montemuro-1024x685.jpg\">\n\t\t\t\t\t\t\t\t\t\t<div class=\"wrapper\">\n\t\t\t\t\t\t\t\t\t\t\t<img decoding=\"async\" src=\"https:\/\/montanhasmagicas.pt\/wp-content\/uploads\/2024\/03\/grupo-teatro-montemuro-1024x685.jpg\" title=\"Grupo de Teatro de Montemuro\" alt=\"\">\n\t\t\t\t\t\t\t\t\t\t<\/div>\n\t\t\t\t\t\t\t\t\t<\/a>\n\t\t\t\t\t\t\t\t\t\t\t\t\t\t\t\t\t<a href=\"https:\/\/montanhasmagicas.pt\/wp-content\/uploads\/2024\/03\/habitantes-1-1024x682.jpg\">\n\t\t\t\t\t\t\t\t\t\t<div class=\"wrapper\">\n\t\t\t\t\t\t\t\t\t\t\t<img decoding=\"async\" src=\"https:\/\/montanhasmagicas.pt\/wp-content\/uploads\/2024\/03\/habitantes-1-1024x682.jpg\" title=\"Habitantes\" alt=\"\">\n\t\t\t\t\t\t\t\t\t\t<\/div>\n\t\t\t\t\t\t\t\t\t<\/a>\n\t\t\t\t\t\t\t\t\t\t\t\t\t\t\t\t\t<a href=\"https:\/\/montanhasmagicas.pt\/wp-content\/uploads\/2024\/03\/isabel-silvestre-1024x682.jpg\">\n\t\t\t\t\t\t\t\t\t\t<div class=\"wrapper\">\n\t\t\t\t\t\t\t\t\t\t\t<img decoding=\"async\" src=\"https:\/\/montanhasmagicas.pt\/wp-content\/uploads\/2024\/03\/isabel-silvestre-1024x682.jpg\" title=\"Isabel Silvestre\" alt=\"\">\n\t\t\t\t\t\t\t\t\t\t<\/div>\n\t\t\t\t\t\t\t\t\t<\/a>\n\t\t\t\t\t\t\t\t\t\t\t\t\t\t\t\t\t<a href=\"https:\/\/montanhasmagicas.pt\/wp-content\/uploads\/2024\/03\/serra-da-freita-1024x479.jpg\">\n\t\t\t\t\t\t\t\t\t\t<div class=\"wrapper\">\n\t\t\t\t\t\t\t\t\t\t\t<img decoding=\"async\" src=\"https:\/\/montanhasmagicas.pt\/wp-content\/uploads\/2024\/03\/serra-da-freita-1024x479.jpg\" title=\"Serra da Freita\" alt=\"\">\n\t\t\t\t\t\t\t\t\t\t<\/div>\n\t\t\t\t\t\t\t\t\t<\/a>\n\t\t\t\t\t\t\t\t\t\t\t\t\t\t\t\t\t<a href=\"https:\/\/montanhasmagicas.pt\/wp-content\/uploads\/2024\/02\/rafting-1024x682.jpg\">\n\t\t\t\t\t\t\t\t\t\t<div class=\"wrapper\">\n\t\t\t\t\t\t\t\t\t\t\t<img decoding=\"async\" src=\"https:\/\/montanhasmagicas.pt\/wp-content\/uploads\/2024\/02\/rafting-1024x682.jpg\" title=\"Rafting Rio Paiva\" alt=\"\">\n\t\t\t\t\t\t\t\t\t\t<\/div>\n\t\t\t\t\t\t\t\t\t<\/a>\n\t\t\t\t\t\t\t\t\t\t\t\t\t\t\t<\/div>\n\t\t\t\t\t\t<\/div>\n\t\t\t\t\t\t\t\t\t\t\t\t\t\t<\/div>\n\t\t\t<\/div>\n\t\t\t\t<script type=\"text\/javascript\">\n            jQuery(document).ready(function($) {\n\t\t\t\tvar lightbox = new SimpleLightbox('.lightbox-gallery-69e6100e4f4cf a', { \/* options *\/ });\n\n                \n\t\t\t\t\n\t\t\t});\n\t\t<\/script>\n\t[\/vc_column][\/vc_row]<\/p>\n","protected":false},"excerpt":{"rendered":"<p>[vc_row vc_row_background=\u00bb\u00bb][vc_column][vc_row_inner][vc_column_inner][vc_column_text] \u00a1Descubra en la sencillez y amabilidad de nuestra gente una de las experiencias m\u00e1s positivas de su visita! Es en la forma sencilla, amable y alegre de ser y vivir que est\u00e1n las principales caracter\u00edsticas de los habitantes de las Montanhas M\u00e1gicas\u00ae. Durante un recorrido por el pueblo, en el restaurante, un bar [&hellip;]<\/p>\n","protected":false},"author":1,"featured_media":1380,"parent":16386,"menu_order":116,"comment_status":"closed","ping_status":"closed","template":"page-general.php","meta":{"footnotes":""},"class_list":["post-17555","page","type-page","status-publish","has-post-thumbnail","hentry"],"_links":{"self":[{"href":"https:\/\/montanhasmagicas.pt\/es\/wp-json\/wp\/v2\/pages\/17555","targetHints":{"allow":["GET"]}}],"collection":[{"href":"https:\/\/montanhasmagicas.pt\/es\/wp-json\/wp\/v2\/pages"}],"about":[{"href":"https:\/\/montanhasmagicas.pt\/es\/wp-json\/wp\/v2\/types\/page"}],"author":[{"embeddable":true,"href":"https:\/\/montanhasmagicas.pt\/es\/wp-json\/wp\/v2\/users\/1"}],"replies":[{"embeddable":true,"href":"https:\/\/montanhasmagicas.pt\/es\/wp-json\/wp\/v2\/comments?post=17555"}],"version-history":[{"count":0,"href":"https:\/\/montanhasmagicas.pt\/es\/wp-json\/wp\/v2\/pages\/17555\/revisions"}],"up":[{"embeddable":true,"href":"https:\/\/montanhasmagicas.pt\/es\/wp-json\/wp\/v2\/pages\/16386"}],"wp:featuredmedia":[{"embeddable":true,"href":"https:\/\/montanhasmagicas.pt\/es\/wp-json\/wp\/v2\/media\/1380"}],"wp:attachment":[{"href":"https:\/\/montanhasmagicas.pt\/es\/wp-json\/wp\/v2\/media?parent=17555"}],"curies":[{"name":"wp","href":"https:\/\/api.w.org\/{rel}","templated":true}]}}