{"id":17495,"date":"2024-02-23T11:22:28","date_gmt":"2024-02-23T11:22:28","guid":{"rendered":"https:\/\/montanhasmagicas.pt\/?page_id=17495"},"modified":"2024-02-23T11:24:41","modified_gmt":"2024-02-23T11:24:41","slug":"castelo-de-paiva","status":"publish","type":"page","link":"https:\/\/montanhasmagicas.pt\/es\/montanhas-magicas\/ayuntamientos\/castelo-de-paiva\/","title":{"rendered":"Castelo de Paiva"},"content":{"rendered":"<p>[vc_row full_width=\u00bbstretch_row\u00bb vc_row_background=\u00bb\u00bb el_class=\u00bbbreak-space-45&#8243;][vc_column offset=\u00bbvc_col-lg-8 vc_col-md-8 vc_col-xs-12&#8243; el_class=\u00bbmd-break-space-15&#8243;][vc_row_inner el_class=\u00bbbreak-space-45&#8243;][vc_column_inner]            <div class=\"mm_gallery_container\">\n                <img decoding=\"async\" class=\"mm_gallery_loader\" src=\"https:\/\/montanhasmagicas.pt\/wp-content\/themes\/montanhasmagicas-child\/assets\/images\/loader_gallery.gif\">\n                <div id=\"gallery-6a00843047dd8\" class=\"fotorama mm_gallery\" data-width=\"100%\" style=\"opacity: 0;\">\n                                                    <a href=\"#\"><img decoding=\"async\" src=\"https:\/\/montanhasmagicas.pt\/wp-content\/uploads\/2022\/06\/centro-historico-castelo-paiva-btt-3.jpg\"><\/a>\n                                                    <a href=\"#\"><img decoding=\"async\" src=\"https:\/\/montanhasmagicas.pt\/wp-content\/uploads\/2022\/06\/centro-historico-castelo-paiva-btt-6.jpg\"><\/a>\n                                                    <a href=\"#\"><img decoding=\"async\" src=\"https:\/\/montanhasmagicas.pt\/wp-content\/uploads\/2022\/06\/centro-historico-castelo-paiva-btt-2.jpg\"><\/a>\n                                                    <a href=\"#\"><img decoding=\"async\" src=\"https:\/\/montanhasmagicas.pt\/wp-content\/uploads\/2022\/06\/centro-historico-castelo-paiva-btt-5-1.jpg\"><\/a>\n                                                    <a href=\"#\"><img decoding=\"async\" src=\"https:\/\/montanhasmagicas.pt\/wp-content\/uploads\/2022\/06\/centro-historico-castelo-paiva-btt-4.jpg\"><\/a>\n                                                    <a href=\"#\"><img decoding=\"async\" src=\"https:\/\/montanhasmagicas.pt\/wp-content\/uploads\/2021\/11\/capa-municipio-castelo-de-paiva.jpg\"><\/a>\n                                                    <a href=\"#\"><img decoding=\"async\" src=\"https:\/\/montanhasmagicas.pt\/wp-content\/uploads\/2022\/06\/centro-historico-castelo-paiva-2.jpg\"><\/a>\n                                                    <a href=\"#\"><img decoding=\"async\" src=\"https:\/\/montanhasmagicas.pt\/wp-content\/uploads\/2022\/06\/centro-historico-castelo-paiva-btt-5.jpg\"><\/a>\n                                        <\/div>\n            <\/div>\n\n            <script>\n                var $ = jQuery;\n                $(document).ready(function(){\n                    $('#gallery-6a00843047dd8').fotorama({\n                        click: true,\n                        arrows: true,\n                        thumbmargin: 10,\n                        thumbwidth: 75,\n                        thumbheight: 75,\n                        nav: 'thumbs'\n                    });\n                    $('#gallery-6a00843047dd8').on('fotorama:ready', function(){\n                        $(\".mm_gallery_loader\").delay(1000).hide(0);\n                        $('#gallery-6a00843047dd8').css(\"opacity\", 1);\n                    })\n                });\n                \n            <\/script>\n        [\/vc_column_inner][\/vc_row_inner][vc_row_inner][vc_column_inner offset=\u00bbvc_col-lg-12 vc_col-md-12 vc_col-xs-12&#8243;][vc_column_text]<\/p>\n<h2>Castelo de Paiva es un ayuntamiento del Norte de Portugal que se encuentra a cerca de cuarenta minutos de la ciudad de Oporto y a una hora de la ciudad de Aveiro.<\/h2>\n<p>Situado inmediatamente en el sur del r\u00edo Duero, el ayuntamiento constituye una de las principales puertas de entrada, en el norte, para el territorio de las Montanhas M\u00e1gicas\u00ae. La importante red hidrogr\u00e1fica que posee, en la cual se incluyen los r\u00edos Duero, Paiva (sitio de Red Natura 2000), Arda y Sardoura, define las principales caracter\u00edsticas de su geomorfolog\u00eda, pautada por secuencias de montes y valles que dan lugar a fant\u00e1sticas panor\u00e1micas, siendo la m\u00e1s emblem\u00e1tica la del Monte de S. Domingos.<\/p>\n<p>La naturaleza es el principal recurso tur\u00edstico del ayuntamiento. En este \u00e1mbito, merece especial atenci\u00f3n su patrimonio geol\u00f3gico, especialmente los F\u00f3siles del Carbon\u00edfero con cerca de 300 millones de a\u00f1os, recientemente descubiertos, as\u00ed como el carb\u00f3n f\u00f3sil explorado hasta 1994, en el Coto Minero do Pej\u00e3o, teniendo de aqu\u00ed resultado un patrimonio hist\u00f3rico e industrial digno de registro. Destaque tambi\u00e9n para la magn\u00edfica biodiversidad del r\u00edo Paiva, y para las excepcionales condiciones que ofrece para la pr\u00e1ctica de rafting y otros deportes de aventura.<\/p>\n<p>El r\u00edo Duero y su entorno combinan de forma armoniosa naturaleza y cultura para ofrecer a los visitantes espacios \u00fanicos de contemplaci\u00f3n, interpretaci\u00f3n, meditaci\u00f3n y ocio.<\/p>\n<p>Por toda la municipalidad, y como resultado de una simbiosis perfecta entre la naturaleza y la mano humana, surgen magn\u00edficos paisajes vin\u00edcolas con incre\u00edbles fincas, donde se producen los singulares vinos verdes de la regi\u00f3n.<\/p>\n<p>Cu\u00e1nto al patrimonio hist\u00f3rico y edificado, merece especial atenci\u00f3n el Marmoiral de Sobrado, clasificado como Monumento Nacional, integrado en la Ruta del Rom\u00e1nico; la Picota da Raiva; las tumbas medievales, excavadas en el Penedo de Vegide; y las casas se\u00f1oriales entre las cuales se destacan el Solar da Boavista y el Solar da Fisga con sus fuentes y jardines.<\/p>\n<p>Para complementar la oferta tur\u00edstica local, el ayuntamiento regala a sus visitantes una rica y diversificada gastronom\u00eda y un programa anual de eventos que pone en evidencia tanto su gastronom\u00eda y vinos verdes, como el deporte, la cultura y sus usos, artesan\u00eda, costumbres y tradiciones.[\/vc_column_text][\/vc_column_inner][\/vc_row_inner][\/vc_column][vc_column offset=\u00bbvc_col-lg-4 vc_col-md-4 vc_col-xs-12&#8243;][vc_row_inner el_class=\u00bbbreak-space-45&#8243;][vc_column_inner]            \t\t\t\t<div class=\"row vc_row\">\n\t\t\t\t\t<div class=\"vc_col-xs-12\">\n\t\t\t\t\t\t<div class=\"latest-posts-box\">\n\t\t\t\t\t\t\t\t\t\t\t\t\t\t\t<h4 class=\"title\">Noticias Relacionadas<\/h4>\n\t\t\t\t\t\t\t\t\t\t\t\t\t<\/div>\t\n\t\t\t\t\t\t<div class=\"mm-archive-no-content\">\n\t\t\t\t\t\t\tNo hay contenido que mostrar en este momento.\t\t\t\t\t\t<\/div>\n\t\t\t\t\t<\/div>\n\t\t\t\t<\/div>\n                    [\/vc_column_inner][\/vc_row_inner][vc_row_inner][vc_column_inner]            \t\t\t\t<div class=\"row vc_row\">\n\t\t\t\t\t<div class=\"vc_col-xs-12\">\n\t\t\t\t\t\t<div class=\"upcoming-events-box\">\t\n\t\t\t\t\t\t\t\t\n\t\t\t\t\t\t\t\t<h1 class=\"title\">Pr\u00f3ximos Acontecimientos<\/h1>\n\t\t\t\t\t\t\t\t\t\t\t\t\t <\/div>\n\t\t\t\t\t\t<div class=\"mm-archive-no-content\">\n\t\t\t\t\t\t\tNo hay contenido que mostrar en este momento.\t\t\t\t\t\t<\/div>\n\t\t\t\t\t<\/div>\n\t\t\t\t<\/div>\t\n                    [\/vc_column_inner][\/vc_row_inner][\/vc_column][\/vc_row][vc_row full_width=\u00bbstretch_row_content\u00bb vc_row_background=\u00bb\u00bb][vc_column]\n        <div class=\"row vc_row vc_row-o-equal-height vc_row-flex mm-global-archive-widget\">\n            <div class=\"vc_col-lg-12 vc_col_md-12 vc_col-sm-12 vc_col-xs-12\">\n\n            \n                <div class=\"custom-height\"><\/div>\n            <\/div>\n\n            <div class=\"vc_col-lg-12 vc_col_md-12 vc_col-sm-12 vc_col-xs-12\">\n                <form id=\"form-global-archive-6a0084304a127\"action=\"#\" method=\"POST\">\n                    <div class=\"mm-header-global-archive-column\">\n                        <span class=\"block-name\">Buscar Filtros<\/span>\n                        <nav class=\"nav-tabs\">\n                            <div class=\"ul-wrapper\">\n                                <ul class=\"tabs-list\">\n                                    <li class=\"tab-item\">\n                                        <input type=\"radio\" id=\"where_sleep\" name=\"radio-group\" checked>\n                                        <label for=\"where_sleep\">\n                                            <i class=\"fa fa-bed\"><\/i>\n                                            <span class=\"label-name\">D\u00f3nde Dormir<\/span>\n                                        <\/label>\n                                    <\/li>\n                                    <li class=\"tab-item\">\n                                        <input type=\"radio\" id=\"where_eat\" name=\"radio-group\">\n                                        <label for=\"where_eat\">\n                                            <i class=\"fa fa-utensils\"><\/i>\n                                            <span class=\"label-name\">D\u00f3nde Comer<\/span>\n                                        <\/label>\n                                    <\/li>\t\n                                    <li class=\"tab-item\">\n                                        <input type=\"radio\" id=\"what_visit\" name=\"radio-group\">\n                                        <label for=\"what_visit\">\n                                            <i class=\"fas fa-hiking\"><\/i>\n                                            <span class=\"label-name\">Qu\u00e9 visitar<\/span>\n                                        <\/label>\n                                    <\/li>\t\n                                    <li class=\"tab-item\">\n                                        <input type=\"radio\" id=\"what_do\" name=\"radio-group\">\n                                        <label for=\"what_do\">\n                                            <i class=\"fa fa-binoculars\"><\/i>\n                                            <span class=\"label-name\">Qu\u00e9 Hacer<\/span>\n                                        <\/label>\n                                    <\/li>\t\n                                <\/ul>\n                            <\/div>\n                            <div class=\"mm-filter-box\"><\/div>\n                        <\/nav>\n                    <\/div>\t\n                <\/form>\n                <div class=\"vc_col-lg-12 vc_col_md-12 vc_col-sm-12 vc_col-xs-12\">\n                    <div class=\"row vc_row vc_row-o-equal-height vc_row-flex mm-body-global-archive-column\"><\/div>\n                    <div class=\"vc_col-xs-12 mm-archive-loading\"><div class=\"lds-ring\"><div><\/div><div><\/div><div><\/div><div><\/div><\/div><\/div>\n                <\/div>\n            <\/div>\n        <\/div>\n        <script type=\"text\/javascript\">\n            var $ = jQuery;\n            var form = $(\"#form-global-archive-6a0084304a127\");\n\n            function change_filters() {\n                const ajax_url = \"https:\/\/montanhasmagicas.pt\/wp-admin\/admin-ajax.php\";\n                var radioValue = form.find(\"input[name='radio-group']:checked\").attr(\"id\");\n\n                $.ajax({\n                    url: ajax_url,\n                    type: \"POST\",\n                    data: {\n                        action: \"get_filters_global_archive\", \n                        template: radioValue,\n                        county: \"59\",\n                        hash: \"6a0084304a127\"\n                    },\n                    beforeSend: function() {\n                        $(\".mm-body-global-archive-column\").html('');\n                        $(\".mm-filter-box\").html('<div class=\"vc_col-xs-12 mm-archive-loading\" style=\"display: flex;\"><div class=\"lds-ring\"><div><\/div><div><\/div><div><\/div><div><\/div><\/div><\/div>');\n                        $(\".mm-filter-box\").addClass('loading');\n                    },\n                    success: function(response) {\n                        $(\".mm-filter-box\").html(response);\n                        $(\".mm-filter-box\").removeClass(\"loading\");\n                    },\n                    error: function(error) {\n                        console.log(error);\n                    }\n                });\n            }\n\n            jQuery(document).ready(function() {\n                change_filters();\n\n                form.find(\"input[name='radio-group']\").on(\"change\", function() {\n                    change_filters();\n                });\n\n                $(document).on(\"click\", \"#load-more.button-restaurant\", function() {\n                    $(this).parent(\"div\").remove();\n                    current_page++;\n                    filter_restaurants(get_serialize_form());\n                });\n\n                $(document).on(\"click\", \"#load-more.button-natural_resource\", function() {\n                    $(this).parent(\"div\").remove();\n                    current_page++;\n                    filter_natural_resource(get_serialize_form());\n                });\n\n                $(document).on(\"click\", \"#load-more.button-real_estate\", function() {\n                    $(this).parent(\"div\").remove();\n                    current_page++;\n                    filter_real_estate(get_serialize_form());\n                });\n            });\n\n            \/\/ change filters what to visit\n            jQuery(document).on(\"change\", \"select#post_type\" , function() {\n                const ajax_url = \"https:\/\/montanhasmagicas.pt\/wp-admin\/admin-ajax.php\";\n                var radioValue = $(\"select#post_type option:checked\").attr(\"value\");\n\n                $.ajax({\n                    url: ajax_url,\n                    type: \"POST\",\n                    data:{\n                        action: \"get_filters_global_archive\", \n                        template: radioValue,\n                        county: \"59\",\n                        hash: \"6a0084304a127\"\n                    },\n                    beforeSend: function() {\n                        $(\".mm-body-global-archive-column\").html(\"\");\n                        $(\"#visit-sub-filters\").html('<div class=\"vc_col-xs-12 mm-archive-loading\" style=\"display: flex;\"><div class=\"lds-ring\"><div><\/div><div><\/div><div><\/div><div><\/div><\/div><\/div>');\n                        $(\"#visit-sub-filters\").addClass(\"loading\");\n                    },\n                    success: function(response) {\n                        $(\"#visit-sub-filters\").html(response);\n                        $(\"#visit-sub-filters\").removeClass(\"loading\");\n                    },\n                    error: function(error) {\n                        console.log(error);\n                    }\n                });\n            });\n        <\/script>\n\n    [\/vc_column][\/vc_row]<\/p>\n","protected":false},"excerpt":{"rendered":"<p>[vc_row full_width=\u00bbstretch_row\u00bb vc_row_background=\u00bb\u00bb el_class=\u00bbbreak-space-45&#8243;][vc_column offset=\u00bbvc_col-lg-8 vc_col-md-8 vc_col-xs-12&#8243; el_class=\u00bbmd-break-space-15&#8243;][vc_row_inner el_class=\u00bbbreak-space-45&#8243;][vc_column_inner][\/vc_column_inner][\/vc_row_inner][vc_row_inner][vc_column_inner offset=\u00bbvc_col-lg-12 vc_col-md-12 vc_col-xs-12&#8243;][vc_column_text] Castelo de Paiva es un ayuntamiento del Norte de Portugal que se encuentra a cerca de cuarenta minutos de la ciudad de Oporto y a una hora de la ciudad de Aveiro. Situado inmediatamente en el sur del r\u00edo Duero, el ayuntamiento constituye [&hellip;]<\/p>\n","protected":false},"author":1,"featured_media":1562,"parent":17458,"menu_order":122,"comment_status":"closed","ping_status":"closed","template":"page-general.php","meta":{"footnotes":""},"class_list":["post-17495","page","type-page","status-publish","has-post-thumbnail","hentry"],"_links":{"self":[{"href":"https:\/\/montanhasmagicas.pt\/es\/wp-json\/wp\/v2\/pages\/17495","targetHints":{"allow":["GET"]}}],"collection":[{"href":"https:\/\/montanhasmagicas.pt\/es\/wp-json\/wp\/v2\/pages"}],"about":[{"href":"https:\/\/montanhasmagicas.pt\/es\/wp-json\/wp\/v2\/types\/page"}],"author":[{"embeddable":true,"href":"https:\/\/montanhasmagicas.pt\/es\/wp-json\/wp\/v2\/users\/1"}],"replies":[{"embeddable":true,"href":"https:\/\/montanhasmagicas.pt\/es\/wp-json\/wp\/v2\/comments?post=17495"}],"version-history":[{"count":0,"href":"https:\/\/montanhasmagicas.pt\/es\/wp-json\/wp\/v2\/pages\/17495\/revisions"}],"up":[{"embeddable":true,"href":"https:\/\/montanhasmagicas.pt\/es\/wp-json\/wp\/v2\/pages\/17458"}],"wp:featuredmedia":[{"embeddable":true,"href":"https:\/\/montanhasmagicas.pt\/es\/wp-json\/wp\/v2\/media\/1562"}],"wp:attachment":[{"href":"https:\/\/montanhasmagicas.pt\/es\/wp-json\/wp\/v2\/media?parent=17495"}],"curies":[{"name":"wp","href":"https:\/\/api.w.org\/{rel}","templated":true}]}}