{"id":17484,"date":"2024-02-23T11:09:48","date_gmt":"2024-02-23T11:09:48","guid":{"rendered":"https:\/\/montanhasmagicas.pt\/?page_id=17484"},"modified":"2024-02-23T11:11:00","modified_gmt":"2024-02-23T11:11:00","slug":"arouca","status":"publish","type":"page","link":"https:\/\/montanhasmagicas.pt\/es\/montanhas-magicas\/ayuntamientos\/arouca\/","title":{"rendered":"Arouca"},"content":{"rendered":"<p>[vc_row full_width=\u00bbstretch_row\u00bb vc_row_background=\u00bb\u00bb el_class=\u00bbbreak-space-45&#8243;][vc_column offset=\u00bbvc_col-lg-8 vc_col-md-8 vc_col-xs-12&#8243; el_class=\u00bbmd-break-space-15&#8243;][vc_row_inner el_class=\u00bbbreak-space-45&#8243;][vc_column_inner]            <div class=\"mm_gallery_container\">\n                <img decoding=\"async\" class=\"mm_gallery_loader\" src=\"https:\/\/montanhasmagicas.pt\/wp-content\/themes\/montanhasmagicas-child\/assets\/images\/loader_gallery.gif\">\n                <div id=\"gallery-69e6274593b56\" class=\"fotorama mm_gallery\" data-width=\"100%\" style=\"opacity: 0;\">\n                                                    <a href=\"#\"><img decoding=\"async\" src=\"https:\/\/montanhasmagicas.pt\/wp-content\/uploads\/2024\/02\/serra-da-freita.jpg\"><\/a>\n                                                    <a href=\"#\"><img decoding=\"async\" src=\"https:\/\/montanhasmagicas.pt\/wp-content\/uploads\/2024\/02\/rafting.jpg\"><\/a>\n                                                    <a href=\"#\"><img decoding=\"async\" src=\"https:\/\/montanhasmagicas.pt\/wp-content\/uploads\/2024\/02\/pessoas-museu-trilobites.jpg\"><\/a>\n                                                    <a href=\"#\"><img decoding=\"async\" src=\"https:\/\/montanhasmagicas.pt\/wp-content\/uploads\/2024\/02\/escadas-passadicos-do-paiva.jpg\"><\/a>\n                                                    <a href=\"#\"><img decoding=\"async\" src=\"https:\/\/montanhasmagicas.pt\/wp-content\/uploads\/2024\/02\/claustros-mosteiro.jpg\"><\/a>\n                                        <\/div>\n            <\/div>\n\n            <script>\n                var $ = jQuery;\n                $(document).ready(function(){\n                    $('#gallery-69e6274593b56').fotorama({\n                        click: true,\n                        arrows: true,\n                        thumbmargin: 10,\n                        thumbwidth: 75,\n                        thumbheight: 75,\n                        nav: 'thumbs'\n                    });\n                    $('#gallery-69e6274593b56').on('fotorama:ready', function(){\n                        $(\".mm_gallery_loader\").delay(1000).hide(0);\n                        $('#gallery-69e6274593b56').css(\"opacity\", 1);\n                    })\n                });\n                \n            <\/script>\n        [\/vc_column_inner][\/vc_row_inner][vc_row_inner][vc_column_inner][vc_column_text]<\/p>\n<h2>Arouca es un ayuntamiento del Norte de Portugal, ubicado cerca de una hora de las ciudades de Oporto y Aveiro.<\/h2>\n<p>En el mapa de las Montanhas M\u00e1gicas\u00ae es el municipio que ocupa la posici\u00f3n m\u00e1s central, que abarca gran parte de las sierras de Freita y Arada, el valle del r\u00edo Paiva y, en el nordeste, una parte de la sierra de Montemuro. Favorecido por la naturaleza y por las caracter\u00edsticas singulares de su geolog\u00eda, es tambi\u00e9n un territorio lleno de valores arqueol\u00f3gicos, hist\u00f3ricos y culturales, reconocido desde abril de 2009 por las Redes Europea y Global de Geoparks, de la UNESCO.<\/p>\n<p>El Arouca Geopark acoge 41 puntos de inter\u00e9s geol\u00f3gico \u2013 sitios \u00fanicos de notable valor cient\u00edfico, did\u00e1ctico y tur\u00edstico, entre los cuales se destacan los Trilobites Gigantes de Canelas, las Piedras Parideras, la Frecha da Mizarela y los Icnof\u00f3siles de Vale do Paiva.<\/p>\n<p>Es la vocaci\u00f3n del Arouca Geopark conservar y divulgar este inestimable patrimonio, promoviendo el desarrollo sostenible del territorio y de sus riquezas.<\/p>\n<p>Teniendo como punto de partida el descubrimiento del patrimonio geol\u00f3gico de Arouca Geopark y de los Passadi\u00e7os do Paiva, inicie un emocionante viaje que conducir\u00e1 al encuentro de los principales atractivos naturales, hist\u00f3rico-culturales, gastron\u00f3micos y cient\u00edficos de este magn\u00edfico territorio.[\/vc_column_text][\/vc_column_inner][\/vc_row_inner][\/vc_column][vc_column offset=\u00bbvc_col-lg-4 vc_col-md-4 vc_col-xs-12&#8243;][vc_row_inner el_class=\u00bbbreak-space-45&#8243;][vc_column_inner]            \t\t\t\t<div class=\"row vc_row\">\n\t\t\t\t\t<div class=\"vc_col-xs-12\">\n\t\t\t\t\t\t<div class=\"latest-posts-box\">\n\t\t\t\t\t\t\t\t\t\t\t\t\t\t\t<h4 class=\"title\">Noticias Relacionadas<\/h4>\n\t\t\t\t\t\t\t\t\t\t\t\t\t<\/div>\t\n\t\t\t\t\t\t<div class=\"mm-archive-no-content\">\n\t\t\t\t\t\t\tNo hay contenido que mostrar en este momento.\t\t\t\t\t\t<\/div>\n\t\t\t\t\t<\/div>\n\t\t\t\t<\/div>\n                    [\/vc_column_inner][\/vc_row_inner][vc_row_inner][vc_column_inner]            \t\t\t\t<div class=\"row vc_row\">\n\t\t\t\t\t<div class=\"vc_col-xs-12\">\n\t\t\t\t\t\t<div class=\"upcoming-events-box\">\t\n\t\t\t\t\t\t\t\t\n\t\t\t\t\t\t\t\t<h1 class=\"title\">Pr\u00f3ximos eventos<\/h1>\n\t\t\t\t\t\t\t\t\t\t\t\t\t <\/div>\n\t\t\t\t\t\t<div class=\"mm-archive-no-content\">\n\t\t\t\t\t\t\tNo hay contenido que mostrar en este momento.\t\t\t\t\t\t<\/div>\n\t\t\t\t\t<\/div>\n\t\t\t\t<\/div>\t\n                    [\/vc_column_inner][\/vc_row_inner][\/vc_column][\/vc_row][vc_row full_width=\u00bbstretch_row_content\u00bb vc_row_background=\u00bb\u00bb][vc_column][vc_row_inner][vc_column_inner]\n        <div class=\"row vc_row vc_row-o-equal-height vc_row-flex mm-global-archive-widget\">\n            <div class=\"vc_col-lg-12 vc_col_md-12 vc_col-sm-12 vc_col-xs-12\">\n\n            \n                <div class=\"custom-height\"><\/div>\n            <\/div>\n\n            <div class=\"vc_col-lg-12 vc_col_md-12 vc_col-sm-12 vc_col-xs-12\">\n                <form id=\"form-global-archive-69e627459648d\"action=\"#\" method=\"POST\">\n                    <div class=\"mm-header-global-archive-column\">\n                        <span class=\"block-name\">Buscar Filtros<\/span>\n                        <nav class=\"nav-tabs\">\n                            <div class=\"ul-wrapper\">\n                                <ul class=\"tabs-list\">\n                                    <li class=\"tab-item\">\n                                        <input type=\"radio\" id=\"where_sleep\" name=\"radio-group\" checked>\n                                        <label for=\"where_sleep\">\n                                            <i class=\"fa fa-bed\"><\/i>\n                                            <span class=\"label-name\">D\u00f3nde Dormir<\/span>\n                                        <\/label>\n                                    <\/li>\n                                    <li class=\"tab-item\">\n                                        <input type=\"radio\" id=\"where_eat\" name=\"radio-group\">\n                                        <label for=\"where_eat\">\n                                            <i class=\"fa fa-utensils\"><\/i>\n                                            <span class=\"label-name\">D\u00f3nde Comer<\/span>\n                                        <\/label>\n                                    <\/li>\t\n                                    <li class=\"tab-item\">\n                                        <input type=\"radio\" id=\"what_visit\" name=\"radio-group\">\n                                        <label for=\"what_visit\">\n                                            <i class=\"fas fa-hiking\"><\/i>\n                                            <span class=\"label-name\">Qu\u00e9 visitar<\/span>\n                                        <\/label>\n                                    <\/li>\t\n                                    <li class=\"tab-item\">\n                                        <input type=\"radio\" id=\"what_do\" name=\"radio-group\">\n                                        <label for=\"what_do\">\n                                            <i class=\"fa fa-binoculars\"><\/i>\n                                            <span class=\"label-name\">Qu\u00e9 Hacer<\/span>\n                                        <\/label>\n                                    <\/li>\t\n                                <\/ul>\n                            <\/div>\n                            <div class=\"mm-filter-box\"><\/div>\n                        <\/nav>\n                    <\/div>\t\n                <\/form>\n                <div class=\"vc_col-lg-12 vc_col_md-12 vc_col-sm-12 vc_col-xs-12\">\n                    <div class=\"row vc_row vc_row-o-equal-height vc_row-flex mm-body-global-archive-column\"><\/div>\n                    <div class=\"vc_col-xs-12 mm-archive-loading\"><div class=\"lds-ring\"><div><\/div><div><\/div><div><\/div><div><\/div><\/div><\/div>\n                <\/div>\n            <\/div>\n        <\/div>\n        <script type=\"text\/javascript\">\n            var $ = jQuery;\n            var form = $(\"#form-global-archive-69e627459648d\");\n\n            function change_filters() {\n                const ajax_url = \"https:\/\/montanhasmagicas.pt\/wp-admin\/admin-ajax.php\";\n                var radioValue = form.find(\"input[name='radio-group']:checked\").attr(\"id\");\n\n                $.ajax({\n                    url: ajax_url,\n                    type: \"POST\",\n                    data: {\n                        action: \"get_filters_global_archive\", \n                        template: radioValue,\n                        county: \"58\",\n                        hash: \"69e627459648d\"\n                    },\n                    beforeSend: function() {\n                        $(\".mm-body-global-archive-column\").html('');\n                        $(\".mm-filter-box\").html('<div class=\"vc_col-xs-12 mm-archive-loading\" style=\"display: flex;\"><div class=\"lds-ring\"><div><\/div><div><\/div><div><\/div><div><\/div><\/div><\/div>');\n                        $(\".mm-filter-box\").addClass('loading');\n                    },\n                    success: function(response) {\n                        $(\".mm-filter-box\").html(response);\n                        $(\".mm-filter-box\").removeClass(\"loading\");\n                    },\n                    error: function(error) {\n                        console.log(error);\n                    }\n                });\n            }\n\n            jQuery(document).ready(function() {\n                change_filters();\n\n                form.find(\"input[name='radio-group']\").on(\"change\", function() {\n                    change_filters();\n                });\n\n                $(document).on(\"click\", \"#load-more.button-restaurant\", function() {\n                    $(this).parent(\"div\").remove();\n                    current_page++;\n                    filter_restaurants(get_serialize_form());\n                });\n\n                $(document).on(\"click\", \"#load-more.button-natural_resource\", function() {\n                    $(this).parent(\"div\").remove();\n                    current_page++;\n                    filter_natural_resource(get_serialize_form());\n                });\n\n                $(document).on(\"click\", \"#load-more.button-real_estate\", function() {\n                    $(this).parent(\"div\").remove();\n                    current_page++;\n                    filter_real_estate(get_serialize_form());\n                });\n            });\n\n            \/\/ change filters what to visit\n            jQuery(document).on(\"change\", \"select#post_type\" , function() {\n                const ajax_url = \"https:\/\/montanhasmagicas.pt\/wp-admin\/admin-ajax.php\";\n                var radioValue = $(\"select#post_type option:checked\").attr(\"value\");\n\n                $.ajax({\n                    url: ajax_url,\n                    type: \"POST\",\n                    data:{\n                        action: \"get_filters_global_archive\", \n                        template: radioValue,\n                        county: \"58\",\n                        hash: \"69e627459648d\"\n                    },\n                    beforeSend: function() {\n                        $(\".mm-body-global-archive-column\").html(\"\");\n                        $(\"#visit-sub-filters\").html('<div class=\"vc_col-xs-12 mm-archive-loading\" style=\"display: flex;\"><div class=\"lds-ring\"><div><\/div><div><\/div><div><\/div><div><\/div><\/div><\/div>');\n                        $(\"#visit-sub-filters\").addClass(\"loading\");\n                    },\n                    success: function(response) {\n                        $(\"#visit-sub-filters\").html(response);\n                        $(\"#visit-sub-filters\").removeClass(\"loading\");\n                    },\n                    error: function(error) {\n                        console.log(error);\n                    }\n                });\n            });\n        <\/script>\n\n    [\/vc_column_inner][\/vc_row_inner][\/vc_column][\/vc_row]<\/p>\n","protected":false},"excerpt":{"rendered":"<p>[vc_row full_width=\u00bbstretch_row\u00bb vc_row_background=\u00bb\u00bb el_class=\u00bbbreak-space-45&#8243;][vc_column offset=\u00bbvc_col-lg-8 vc_col-md-8 vc_col-xs-12&#8243; el_class=\u00bbmd-break-space-15&#8243;][vc_row_inner el_class=\u00bbbreak-space-45&#8243;][vc_column_inner][\/vc_column_inner][\/vc_row_inner][vc_row_inner][vc_column_inner][vc_column_text] Arouca es un ayuntamiento del Norte de Portugal, ubicado cerca de una hora de las ciudades de Oporto y Aveiro. En el mapa de las Montanhas M\u00e1gicas\u00ae es el municipio que ocupa la posici\u00f3n m\u00e1s central, que abarca gran parte de las sierras de Freita y [&hellip;]<\/p>\n","protected":false},"author":1,"featured_media":1557,"parent":17458,"menu_order":123,"comment_status":"closed","ping_status":"closed","template":"page-general.php","meta":{"footnotes":""},"class_list":["post-17484","page","type-page","status-publish","has-post-thumbnail","hentry"],"_links":{"self":[{"href":"https:\/\/montanhasmagicas.pt\/es\/wp-json\/wp\/v2\/pages\/17484","targetHints":{"allow":["GET"]}}],"collection":[{"href":"https:\/\/montanhasmagicas.pt\/es\/wp-json\/wp\/v2\/pages"}],"about":[{"href":"https:\/\/montanhasmagicas.pt\/es\/wp-json\/wp\/v2\/types\/page"}],"author":[{"embeddable":true,"href":"https:\/\/montanhasmagicas.pt\/es\/wp-json\/wp\/v2\/users\/1"}],"replies":[{"embeddable":true,"href":"https:\/\/montanhasmagicas.pt\/es\/wp-json\/wp\/v2\/comments?post=17484"}],"version-history":[{"count":0,"href":"https:\/\/montanhasmagicas.pt\/es\/wp-json\/wp\/v2\/pages\/17484\/revisions"}],"up":[{"embeddable":true,"href":"https:\/\/montanhasmagicas.pt\/es\/wp-json\/wp\/v2\/pages\/17458"}],"wp:featuredmedia":[{"embeddable":true,"href":"https:\/\/montanhasmagicas.pt\/es\/wp-json\/wp\/v2\/media\/1557"}],"wp:attachment":[{"href":"https:\/\/montanhasmagicas.pt\/es\/wp-json\/wp\/v2\/media?parent=17484"}],"curies":[{"name":"wp","href":"https:\/\/api.w.org\/{rel}","templated":true}]}}