{"id":17458,"date":"2024-02-23T10:44:04","date_gmt":"2024-02-23T10:44:04","guid":{"rendered":"https:\/\/montanhasmagicas.pt\/?page_id=17458"},"modified":"2024-02-23T10:44:04","modified_gmt":"2024-02-23T10:44:04","slug":"ayuntamientos","status":"publish","type":"page","link":"https:\/\/montanhasmagicas.pt\/es\/montanhas-magicas\/ayuntamientos\/","title":{"rendered":"Ayuntamientos"},"content":{"rendered":"<p>[vc_row vc_row_background=\u00bb\u00bb][vc_column][vc_row_inner el_class=\u00bbbreak-space-15&#8243;][vc_column_inner][vc_column_text]<\/p>\n<h2 style=\"text-align: center;\">De municipalidad en municipalidad!<\/h2>\n<p style=\"text-align: center;\">Teniendo como punto de partida el descubrimiento de las villas y ciudades, \u201cpuertas de entrada\u201d de las Montanhas M\u00e1gicas\u00ae, sus centros hist\u00f3ricos, museos, monumentos, parques y jardines, le proponemos un conjunto de otros atractivos a visitar, en cada una de las municipalidades, a lo largo de sus sierras, mesetas y valles.<\/p>\n<p style=\"text-align: center;\">Disfrute del territorio, de las municipalidades, y descubra las particularidades de su patrimonio natural y cultural: el encanto de las aldeas de monta\u00f1a, la magia de los paisajes a la puesta del sol, la imponencia de las cascadas, la robustez y sobriedad de los monasterios medievales y de las iglesias rom\u00e1nicas, el sabor exclusivo de la gastronom\u00eda t\u00edpica, la calidad y autenticidad de los productos artesanales y mucho m\u00e1s.<\/p>\n<p>[\/vc_column_text][\/vc_column_inner][\/vc_row_inner][\/vc_column][\/vc_row][vc_row full_width=\u00bbstretch_row_content\u00bb vc_row_background=\u00bb\u00bb css=\u00bb.vc_custom_1659353351760{margin-bottom: 30px !important;}\u00bb][vc_column][vc_row_inner][vc_column_inner offset=\u00bbvc_col-lg-6 vc_col-md-12 vc_col-xs-12&#8243;]\n\t<div class=\"mm-dashboard-item\">\n\t\t<div class=\"wrapper\">\n\t\t\t<a href=\"https:\/\/montanhasmagicas.pt\/montanhas-magicas\/municipios\/arouca\/\"   >            \n\t\t\t\t<div class=\"header\">\n\t\t\t\t\t<h2 class=\"name\">Arouca<\/h2>\n\t\t\t\t\t<div class=\"fa-wrapper\">\n\t\t\t\t\t\t<i class=\"fa fa-arrow-right\"><\/i>\n\t\t\t\t\t<\/div>\t\n\t\t\t\t<\/div>\n\t\t\t\t<div class=\"bg-box\">\n\t\t\t\t\t<div class=\"img\" style=\"background-image: url(https:\/\/montanhasmagicas.pt\/wp-content\/uploads\/2021\/11\/capa-municipio-de-arouca.jpg);\"><\/div>\n\t\t\t\t<\/div>\n\t\t\t<\/a>\n\t\t<\/div> \n\t<\/div>\n\n[\/vc_column_inner][vc_column_inner offset=\u00bbvc_col-lg-3 vc_col-md-12 vc_col-xs-12&#8243;]\n\t<div class=\"mm-dashboard-item\">\n\t\t<div class=\"wrapper\">\n\t\t\t<a href=\"https:\/\/montanhasmagicas.pt\/montanhas-magicas\/municipios\/cinfaes\/\"   >            \n\t\t\t\t<div class=\"header\">\n\t\t\t\t\t<h2 class=\"name\">Cinf\u00e3es<\/h2>\n\t\t\t\t\t<div class=\"fa-wrapper\">\n\t\t\t\t\t\t<i class=\"fa fa-arrow-right\"><\/i>\n\t\t\t\t\t<\/div>\t\n\t\t\t\t<\/div>\n\t\t\t\t<div class=\"bg-box\">\n\t\t\t\t\t<div class=\"img\" style=\"background-image: url(https:\/\/montanhasmagicas.pt\/wp-content\/uploads\/2021\/11\/capa-municipio-de-cinfaes.jpg);\"><\/div>\n\t\t\t\t<\/div>\n\t\t\t<\/a>\n\t\t<\/div> \n\t<\/div>\n\n[\/vc_column_inner][vc_column_inner offset=\u00bbvc_col-lg-3 vc_col-md-12 vc_col-xs-12&#8243;]\n\t<div class=\"mm-dashboard-item\">\n\t\t<div class=\"wrapper\">\n\t\t\t<a href=\"https:\/\/montanhasmagicas.pt\/montanhas-magicas\/municipios\/castelo-de-paiva\/\"   >            \n\t\t\t\t<div class=\"header\">\n\t\t\t\t\t<h2 class=\"name\">Castelo de Paiva<\/h2>\n\t\t\t\t\t<div class=\"fa-wrapper\">\n\t\t\t\t\t\t<i class=\"fa fa-arrow-right\"><\/i>\n\t\t\t\t\t<\/div>\t\n\t\t\t\t<\/div>\n\t\t\t\t<div class=\"bg-box\">\n\t\t\t\t\t<div class=\"img\" style=\"background-image: url(https:\/\/montanhasmagicas.pt\/wp-content\/uploads\/2021\/11\/capa-municipio-castelo-de-paiva.jpg);\"><\/div>\n\t\t\t\t<\/div>\n\t\t\t<\/a>\n\t\t<\/div> \n\t<\/div>\n\n[\/vc_column_inner][\/vc_row_inner][vc_row_inner][vc_column_inner offset=\u00bbvc_col-lg-12 vc_col-md-12 vc_col-xs-12&#8243;]\n\t<div class=\"mm-dashboard-item\">\n\t\t<div class=\"wrapper\">\n\t\t\t<a href=\"https:\/\/montanhasmagicas.pt\/montanhas-magicas\/municipios\/vale-de-cambra\/\"   >            \n\t\t\t\t<div class=\"header\">\n\t\t\t\t\t<h2 class=\"name\">Vale de Cambra<\/h2>\n\t\t\t\t\t<div class=\"fa-wrapper\">\n\t\t\t\t\t\t<i class=\"fa fa-arrow-right\"><\/i>\n\t\t\t\t\t<\/div>\t\n\t\t\t\t<\/div>\n\t\t\t\t<div class=\"bg-box\">\n\t\t\t\t\t<div class=\"img\" style=\"background-image: url(https:\/\/montanhasmagicas.pt\/wp-content\/uploads\/2021\/11\/capa-municipio-de-vale-de-cambra.jpg);\"><\/div>\n\t\t\t\t<\/div>\n\t\t\t<\/a>\n\t\t<\/div> \n\t<\/div>\n\n[\/vc_column_inner][\/vc_row_inner][vc_row_inner][vc_column_inner offset=\u00bbvc_col-lg-3 vc_col-md-12 vc_col-xs-12&#8243;]\n\t<div class=\"mm-dashboard-item\">\n\t\t<div class=\"wrapper\">\n\t\t\t<a href=\"https:\/\/montanhasmagicas.pt\/montanhas-magicas\/municipios\/sever-do-vouga\/\"   >            \n\t\t\t\t<div class=\"header\">\n\t\t\t\t\t<h2 class=\"name\">Sever de Vouga<\/h2>\n\t\t\t\t\t<div class=\"fa-wrapper\">\n\t\t\t\t\t\t<i class=\"fa fa-arrow-right\"><\/i>\n\t\t\t\t\t<\/div>\t\n\t\t\t\t<\/div>\n\t\t\t\t<div class=\"bg-box\">\n\t\t\t\t\t<div class=\"img\" style=\"background-image: url(https:\/\/montanhasmagicas.pt\/wp-content\/uploads\/2021\/11\/capa-municipio-de-sever-de-vouga.jpg);\"><\/div>\n\t\t\t\t<\/div>\n\t\t\t<\/a>\n\t\t<\/div> \n\t<\/div>\n\n[\/vc_column_inner][vc_column_inner offset=\u00bbvc_col-lg-3 vc_col-md-12 vc_col-xs-12&#8243;]\n\t<div class=\"mm-dashboard-item\">\n\t\t<div class=\"wrapper\">\n\t\t\t<a href=\"https:\/\/montanhasmagicas.pt\/montanhas-magicas\/municipios\/sao-pedro-do-sul\/\"   >            \n\t\t\t\t<div class=\"header\">\n\t\t\t\t\t<h2 class=\"name\">S\u00e3o Pedro do Sul<\/h2>\n\t\t\t\t\t<div class=\"fa-wrapper\">\n\t\t\t\t\t\t<i class=\"fa fa-arrow-right\"><\/i>\n\t\t\t\t\t<\/div>\t\n\t\t\t\t<\/div>\n\t\t\t\t<div class=\"bg-box\">\n\t\t\t\t\t<div class=\"img\" style=\"background-image: url(https:\/\/montanhasmagicas.pt\/wp-content\/uploads\/2021\/11\/capa-municipio-de-sao-pedro-do-sul.jpg);\"><\/div>\n\t\t\t\t<\/div>\n\t\t\t<\/a>\n\t\t<\/div> \n\t<\/div>\n\n[\/vc_column_inner][vc_column_inner offset=\u00bbvc_col-lg-6 vc_col-md-12 vc_col-xs-12&#8243;]\n\t<div class=\"mm-dashboard-item\">\n\t\t<div class=\"wrapper\">\n\t\t\t<a href=\"https:\/\/montanhasmagicas.pt\/montanhas-magicas\/municipios\/castro-daire\/\"   >            \n\t\t\t\t<div class=\"header\">\n\t\t\t\t\t<h2 class=\"name\">Castro Daire<\/h2>\n\t\t\t\t\t<div class=\"fa-wrapper\">\n\t\t\t\t\t\t<i class=\"fa fa-arrow-right\"><\/i>\n\t\t\t\t\t<\/div>\t\n\t\t\t\t<\/div>\n\t\t\t\t<div class=\"bg-box\">\n\t\t\t\t\t<div class=\"img\" style=\"background-image: url(https:\/\/montanhasmagicas.pt\/wp-content\/uploads\/2021\/11\/capa-municipio-de-castro-daire.jpg);\"><\/div>\n\t\t\t\t<\/div>\n\t\t\t<\/a>\n\t\t<\/div> \n\t<\/div>\n\n[\/vc_column_inner][\/vc_row_inner][\/vc_column][\/vc_row][vc_row full_width=\u00bbstretch_row_content_no_spaces\u00bb vc_row_background=\u00bb\u00bb][vc_column][vc_row_inner][vc_column_inner css=\u00bb.vc_custom_1659353524478{padding-right: 15px !important;padding-left: 15px !important;}\u00bb]            [\/vc_column_inner][\/vc_row_inner][\/vc_column][\/vc_row]<\/p>\n","protected":false},"excerpt":{"rendered":"<p>[vc_row vc_row_background=\u00bb\u00bb][vc_column][vc_row_inner el_class=\u00bbbreak-space-15&#8243;][vc_column_inner][vc_column_text] De municipalidad en municipalidad! Teniendo como punto de partida el descubrimiento de las villas y ciudades, \u201cpuertas de entrada\u201d de las Montanhas M\u00e1gicas\u00ae, sus centros hist\u00f3ricos, museos, monumentos, parques y jardines, le proponemos un conjunto de otros atractivos a visitar, en cada una de las municipalidades, a lo largo de sus sierras, [&hellip;]<\/p>\n","protected":false},"author":1,"featured_media":1406,"parent":16386,"menu_order":124,"comment_status":"closed","ping_status":"closed","template":"page-general.php","meta":{"footnotes":""},"class_list":["post-17458","page","type-page","status-publish","has-post-thumbnail","hentry"],"_links":{"self":[{"href":"https:\/\/montanhasmagicas.pt\/es\/wp-json\/wp\/v2\/pages\/17458","targetHints":{"allow":["GET"]}}],"collection":[{"href":"https:\/\/montanhasmagicas.pt\/es\/wp-json\/wp\/v2\/pages"}],"about":[{"href":"https:\/\/montanhasmagicas.pt\/es\/wp-json\/wp\/v2\/types\/page"}],"author":[{"embeddable":true,"href":"https:\/\/montanhasmagicas.pt\/es\/wp-json\/wp\/v2\/users\/1"}],"replies":[{"embeddable":true,"href":"https:\/\/montanhasmagicas.pt\/es\/wp-json\/wp\/v2\/comments?post=17458"}],"version-history":[{"count":0,"href":"https:\/\/montanhasmagicas.pt\/es\/wp-json\/wp\/v2\/pages\/17458\/revisions"}],"up":[{"embeddable":true,"href":"https:\/\/montanhasmagicas.pt\/es\/wp-json\/wp\/v2\/pages\/16386"}],"wp:featuredmedia":[{"embeddable":true,"href":"https:\/\/montanhasmagicas.pt\/es\/wp-json\/wp\/v2\/media\/1406"}],"wp:attachment":[{"href":"https:\/\/montanhasmagicas.pt\/es\/wp-json\/wp\/v2\/media?parent=17458"}],"curies":[{"name":"wp","href":"https:\/\/api.w.org\/{rel}","templated":true}]}}