{"id":17423,"date":"2024-02-22T20:55:34","date_gmt":"2024-02-22T20:55:34","guid":{"rendered":"https:\/\/montanhasmagicas.pt\/?page_id=17423"},"modified":"2024-02-22T20:55:34","modified_gmt":"2024-02-22T20:55:34","slug":"bosques-terciarios","status":"publish","type":"page","link":"https:\/\/montanhasmagicas.pt\/es\/montanhas-magicas\/fauna-y-flora\/bosques-terciarios\/","title":{"rendered":"Bosques Terciarios"},"content":{"rendered":"<p>[vc_row][vc_column][vc_row_inner][vc_column_inner][vc_column_text]<\/p>\n<h2>En los valles encajados de las sierras frente al Atl\u00e1ntico encontramos reliquias de los bosques subtropicales del per\u00edodo terciario que sobrevivieron en estas partes a la \u00faltima glaciaci\u00f3n.<\/h2>\n<p>En los valles encajados de las sierras orientadas al Atl\u00e1ntico encontramos bosques reliquia de los bosques subtropicales del Terciario que sobrevivieron, en estos locales, a las \u00faltimas glaciaciones. El Woodwardia radican, la adelfa, el Heberdenia excelsa, el madro\u00f1o, el laurel, el acebo, el durillo, el Epiphyte fetus, el hip\u00e9rico de Ger\u00eas, la lengua cervina son algunas especies t\u00edpicas de estas formaciones que podemos encontrar aqu\u00ed. El Woodwardia radican y la adelfa por ser especies muy raras, s\u00f3lo puntualmente aparecen en los valles m\u00e1s profundos de los r\u00edos Caima, Teixeira y Alfusqueiro. En los r\u00edos Paiva y Teixeira el h\u00e1bitat del adernal abunda, formaci\u00f3n dominada por el adorno acompa\u00f1ado por otras especies de hoja persistente y que en todo se asemeja a la laurisilva de Madeira. En el Caima y en algunos afluentes del Vouga, podemos encontrar extensos bosques de acebo, acompa\u00f1ados permanentemente por bosques de laureles. En algunos afluentes del Vouga, un bosque perennifolio con acebo, durillo, madro\u00f1o y herb\u00e1ceas como el hip\u00e9rico de Ger\u00eas y los pajarillos pueden ser contemplado entre las paredes vertiginosas que bordean las riberas.[\/vc_column_text][\/vc_column_inner][\/vc_row_inner][\/vc_column][\/vc_row][vc_row][vc_column]\n\t\t\t\t<div class=\"gallery-img-video\">\n\t\t\t\t<h4 class=\"title\"><\/h4>\n\t\t\t\t\t\t\t\t<div class=\"gallery-wrapper\">\n\t\t\t\t\t\t\t\t\t\t\t<div id=\"img-gallery-tab-6a0085ba32fe5\" class=\"gallery-tab active\">\n\t\t\t\t\t\t\t<div class=\"lightbox-gallery lightbox-gallery-6a0085ba32fe5 gallery-wrapper col-3\">\n\t\t\t\t\t\t\t\t\t\t\t\t\t\t\t\t\t<a href=\"https:\/\/montanhasmagicas.pt\/wp-content\/uploads\/2024\/02\/azevinho-1024x667.jpg\">\n\t\t\t\t\t\t\t\t\t\t<div class=\"wrapper\">\n\t\t\t\t\t\t\t\t\t\t\t<img decoding=\"async\" src=\"https:\/\/montanhasmagicas.pt\/wp-content\/uploads\/2024\/02\/azevinho-1024x667.jpg\" title=\"Azevinho\" alt=\"\">\n\t\t\t\t\t\t\t\t\t\t<\/div>\n\t\t\t\t\t\t\t\t\t<\/a>\n\t\t\t\t\t\t\t\t\t\t\t\t\t\t\t\t\t<a href=\"https:\/\/montanhasmagicas.pt\/wp-content\/uploads\/2024\/02\/esporas-bravas-684x1024.jpg\">\n\t\t\t\t\t\t\t\t\t\t<div class=\"wrapper\">\n\t\t\t\t\t\t\t\t\t\t\t<img decoding=\"async\" src=\"https:\/\/montanhasmagicas.pt\/wp-content\/uploads\/2024\/02\/esporas-bravas-684x1024.jpg\" title=\"Esporas bravas\" alt=\"\">\n\t\t\t\t\t\t\t\t\t\t<\/div>\n\t\t\t\t\t\t\t\t\t<\/a>\n\t\t\t\t\t\t\t\t\t\t\t\t\t\t\t\t\t<a href=\"https:\/\/montanhasmagicas.pt\/wp-content\/uploads\/2024\/02\/feto-vaqueiro-1024x683.jpg\">\n\t\t\t\t\t\t\t\t\t\t<div class=\"wrapper\">\n\t\t\t\t\t\t\t\t\t\t\t<img decoding=\"async\" src=\"https:\/\/montanhasmagicas.pt\/wp-content\/uploads\/2024\/02\/feto-vaqueiro-1024x683.jpg\" title=\"Feto baqueiro\" alt=\"\">\n\t\t\t\t\t\t\t\t\t\t<\/div>\n\t\t\t\t\t\t\t\t\t<\/a>\n\t\t\t\t\t\t\t\t\t\t\t\t\t\t\t\t\t<a href=\"https:\/\/montanhasmagicas.pt\/wp-content\/uploads\/2024\/02\/lingua-cervina-684x1024.jpg\">\n\t\t\t\t\t\t\t\t\t\t<div class=\"wrapper\">\n\t\t\t\t\t\t\t\t\t\t\t<img decoding=\"async\" src=\"https:\/\/montanhasmagicas.pt\/wp-content\/uploads\/2024\/02\/lingua-cervina-684x1024.jpg\" title=\"L\u00edngua Cervina\" alt=\"\">\n\t\t\t\t\t\t\t\t\t\t<\/div>\n\t\t\t\t\t\t\t\t\t<\/a>\n\t\t\t\t\t\t\t\t\t\t\t\t\t\t\t\t\t<a href=\"https:\/\/montanhasmagicas.pt\/wp-content\/uploads\/2024\/02\/medronheiro-1024x682.jpg\">\n\t\t\t\t\t\t\t\t\t\t<div class=\"wrapper\">\n\t\t\t\t\t\t\t\t\t\t\t<img decoding=\"async\" src=\"https:\/\/montanhasmagicas.pt\/wp-content\/uploads\/2024\/02\/medronheiro-1024x682.jpg\" title=\"Medronheiro\" alt=\"\">\n\t\t\t\t\t\t\t\t\t\t<\/div>\n\t\t\t\t\t\t\t\t\t<\/a>\n\t\t\t\t\t\t\t\t\t\t\t\t\t\t\t\t\t<a href=\"https:\/\/montanhasmagicas.pt\/wp-content\/uploads\/2024\/02\/turfeira-684x1024.jpg\">\n\t\t\t\t\t\t\t\t\t\t<div class=\"wrapper\">\n\t\t\t\t\t\t\t\t\t\t\t<img decoding=\"async\" src=\"https:\/\/montanhasmagicas.pt\/wp-content\/uploads\/2024\/02\/turfeira-684x1024.jpg\" title=\"Turfeira\" alt=\"\">\n\t\t\t\t\t\t\t\t\t\t<\/div>\n\t\t\t\t\t\t\t\t\t<\/a>\n\t\t\t\t\t\t\t\t\t\t\t\t\t\t\t\t\t<a href=\"https:\/\/montanhasmagicas.pt\/wp-content\/uploads\/2024\/02\/turfeira-2-683x1024.jpg\">\n\t\t\t\t\t\t\t\t\t\t<div class=\"wrapper\">\n\t\t\t\t\t\t\t\t\t\t\t<img decoding=\"async\" src=\"https:\/\/montanhasmagicas.pt\/wp-content\/uploads\/2024\/02\/turfeira-2-683x1024.jpg\" title=\"Turfeira\" alt=\"\">\n\t\t\t\t\t\t\t\t\t\t<\/div>\n\t\t\t\t\t\t\t\t\t<\/a>\n\t\t\t\t\t\t\t\t\t\t\t\t\t\t\t<\/div>\n\t\t\t\t\t\t<\/div>\n\t\t\t\t\t\t\t\t\t\t\t\t\t\t<\/div>\n\t\t\t<\/div>\n\t\t\t\t<script type=\"text\/javascript\">\n            jQuery(document).ready(function($) {\n\t\t\t\tvar lightbox = new SimpleLightbox('.lightbox-gallery-6a0085ba32fe5 a', { \/* options *\/ });\n\n                \n\t\t\t\t\n\t\t\t});\n\t\t<\/script>\n\t[\/vc_column][\/vc_row]<\/p>\n","protected":false},"excerpt":{"rendered":"<p>[vc_row][vc_column][vc_row_inner][vc_column_inner][vc_column_text] En los valles encajados de las sierras frente al Atl\u00e1ntico encontramos reliquias de los bosques subtropicales del per\u00edodo terciario que sobrevivieron en estas partes a la \u00faltima glaciaci\u00f3n. En los valles encajados de las sierras orientadas al Atl\u00e1ntico encontramos bosques reliquia de los bosques subtropicales del Terciario que sobrevivieron, en estos locales, a las [&hellip;]<\/p>\n","protected":false},"author":1,"featured_media":17413,"parent":17317,"menu_order":126,"comment_status":"closed","ping_status":"closed","template":"page-general.php","meta":{"footnotes":""},"class_list":["post-17423","page","type-page","status-publish","has-post-thumbnail","hentry"],"_links":{"self":[{"href":"https:\/\/montanhasmagicas.pt\/es\/wp-json\/wp\/v2\/pages\/17423","targetHints":{"allow":["GET"]}}],"collection":[{"href":"https:\/\/montanhasmagicas.pt\/es\/wp-json\/wp\/v2\/pages"}],"about":[{"href":"https:\/\/montanhasmagicas.pt\/es\/wp-json\/wp\/v2\/types\/page"}],"author":[{"embeddable":true,"href":"https:\/\/montanhasmagicas.pt\/es\/wp-json\/wp\/v2\/users\/1"}],"replies":[{"embeddable":true,"href":"https:\/\/montanhasmagicas.pt\/es\/wp-json\/wp\/v2\/comments?post=17423"}],"version-history":[{"count":0,"href":"https:\/\/montanhasmagicas.pt\/es\/wp-json\/wp\/v2\/pages\/17423\/revisions"}],"up":[{"embeddable":true,"href":"https:\/\/montanhasmagicas.pt\/es\/wp-json\/wp\/v2\/pages\/17317"}],"wp:featuredmedia":[{"embeddable":true,"href":"https:\/\/montanhasmagicas.pt\/es\/wp-json\/wp\/v2\/media\/17413"}],"wp:attachment":[{"href":"https:\/\/montanhasmagicas.pt\/es\/wp-json\/wp\/v2\/media?parent=17423"}],"curies":[{"name":"wp","href":"https:\/\/api.w.org\/{rel}","templated":true}]}}