{"id":17405,"date":"2024-02-22T20:48:38","date_gmt":"2024-02-22T20:48:38","guid":{"rendered":"https:\/\/montanhasmagicas.pt\/?page_id=17405"},"modified":"2024-02-22T20:49:17","modified_gmt":"2024-02-22T20:49:17","slug":"flora","status":"publish","type":"page","link":"https:\/\/montanhasmagicas.pt\/es\/montanhas-magicas\/fauna-y-flora\/flora\/","title":{"rendered":"Flora"},"content":{"rendered":"<p>[vc_row][vc_column][vc_row_inner][vc_column_inner][vc_column_text]<\/p>\n<h2>Las condiciones del relieve y del clima predominante en las Montanhas M\u00e1gicas proporcionan las condiciones ideales para la existencia de una exuberante y diversa flora, con extensas \u00e1reas de flora nativa y especies raras.<\/h2>\n<p>La flora tiene una gran importancia en las Montanhas M\u00e1gicas\u00ae, y especies como el Woodwardia radicans, el Narcissus cyclamineus, el ar\u00e1ndano, el almez, el acebo o la fritillaria est\u00e1n presentes en algunos r\u00edos como el Paiva, Duero, Vouga, Teixeira o Caima. Algunos de los ecosistemas m\u00e1s interesantes, aqu\u00ed presentes, son las turberas en lo alto de las sierras, el adernal de los valles del Teixeira y del Paiva, los robles verdes y los bosques ribere\u00f1os muy abundantes, las fragas y afloramientos rocosos serranos y las formaciones de bosques subtropicales que se refugian en los valles m\u00e1s term\u00f3filos. En el Caima se desarrolla una de las mejores poblaciones de acebo de Portugal, contando con algunos miles de individuos. Algunas end\u00e9micas (especies restringidas a Portugal o la Pen\u00ednsula Ib\u00e9rica) de las rocas tambi\u00e9n est\u00e1n presentes en las fragas y escarpas que marcan todo el territorio, como es el caso del rabaniza, \u201cp\u00f3lio-das-rochas\u201d, \u201cmargarida-das-rochas\u201d, Narcisus asturiensis, Anarrhinum longipedicellatum, ajo-amarillo o el Echinospartum Ibericum. Las turberas de Freita y de Montemuro tienen un cortejo flor\u00edstico de gran valor, en el que destacan el musgo de turbera, el cervuno, el brezo de turbera, el Narcissus cyclamineus y la \u201clameirinha\u201d. Los bosques ribere\u00f1os son una de las formaciones forestales m\u00e1s diversas de Portugal con alisos comunes, sauces, fresnos norte\u00f1os, sanguineros, espinos albares, avellanos, olmos, \u00e1lamos, cerezos, perales, casta\u00f1os, azereros y laureles que constituyen galer\u00edas rip\u00edcolas de gran belleza.<\/p>\n<p>[\/vc_column_text][\/vc_column_inner][\/vc_row_inner][\/vc_column][\/vc_row][vc_row][vc_column]\n\t\t\t\t<div class=\"gallery-img-video\">\n\t\t\t\t<h4 class=\"title\"><\/h4>\n\t\t\t\t\t\t\t\t<div class=\"gallery-wrapper\">\n\t\t\t\t\t\t\t\t\t\t\t<div id=\"img-gallery-tab-6a00842d77ed9\" class=\"gallery-tab active\">\n\t\t\t\t\t\t\t<div class=\"lightbox-gallery lightbox-gallery-6a00842d77ed9 gallery-wrapper col-3\">\n\t\t\t\t\t\t\t\t\t\t\t\t\t\t\t\t\t<a href=\"https:\/\/montanhasmagicas.pt\/wp-content\/uploads\/2024\/02\/amanita-muscaria-680x1024.jpg\">\n\t\t\t\t\t\t\t\t\t\t<div class=\"wrapper\">\n\t\t\t\t\t\t\t\t\t\t\t<img decoding=\"async\" src=\"https:\/\/montanhasmagicas.pt\/wp-content\/uploads\/2024\/02\/amanita-muscaria-680x1024.jpg\" title=\"Amanita Muscaria\" alt=\"\">\n\t\t\t\t\t\t\t\t\t\t<\/div>\n\t\t\t\t\t\t\t\t\t<\/a>\n\t\t\t\t\t\t\t\t\t\t\t\t\t\t\t\t\t<a href=\"https:\/\/montanhasmagicas.pt\/wp-content\/uploads\/2024\/02\/azevinho-1024x667.jpg\">\n\t\t\t\t\t\t\t\t\t\t<div class=\"wrapper\">\n\t\t\t\t\t\t\t\t\t\t\t<img decoding=\"async\" src=\"https:\/\/montanhasmagicas.pt\/wp-content\/uploads\/2024\/02\/azevinho-1024x667.jpg\" title=\"Azevinho\" alt=\"\">\n\t\t\t\t\t\t\t\t\t\t<\/div>\n\t\t\t\t\t\t\t\t\t<\/a>\n\t\t\t\t\t\t\t\t\t\t\t\t\t\t\t\t\t<a href=\"https:\/\/montanhasmagicas.pt\/wp-content\/uploads\/2024\/02\/bosque-de-betulas-1-1024x667.jpg\">\n\t\t\t\t\t\t\t\t\t\t<div class=\"wrapper\">\n\t\t\t\t\t\t\t\t\t\t\t<img decoding=\"async\" src=\"https:\/\/montanhasmagicas.pt\/wp-content\/uploads\/2024\/02\/bosque-de-betulas-1-1024x667.jpg\" title=\"Bosque de B\u00e9tulas\" alt=\"\">\n\t\t\t\t\t\t\t\t\t\t<\/div>\n\t\t\t\t\t\t\t\t\t<\/a>\n\t\t\t\t\t\t\t\t\t\t\t\t\t\t\t\t\t<a href=\"https:\/\/montanhasmagicas.pt\/wp-content\/uploads\/2024\/02\/esporas-bravas-684x1024.jpg\">\n\t\t\t\t\t\t\t\t\t\t<div class=\"wrapper\">\n\t\t\t\t\t\t\t\t\t\t\t<img decoding=\"async\" src=\"https:\/\/montanhasmagicas.pt\/wp-content\/uploads\/2024\/02\/esporas-bravas-684x1024.jpg\" title=\"Esporas bravas\" alt=\"\">\n\t\t\t\t\t\t\t\t\t\t<\/div>\n\t\t\t\t\t\t\t\t\t<\/a>\n\t\t\t\t\t\t\t\t\t\t\t\t\t\t\t\t\t<a href=\"https:\/\/montanhasmagicas.pt\/wp-content\/uploads\/2024\/02\/feto-vaqueiro-1024x683.jpg\">\n\t\t\t\t\t\t\t\t\t\t<div class=\"wrapper\">\n\t\t\t\t\t\t\t\t\t\t\t<img decoding=\"async\" src=\"https:\/\/montanhasmagicas.pt\/wp-content\/uploads\/2024\/02\/feto-vaqueiro-1024x683.jpg\" title=\"Feto baqueiro\" alt=\"\">\n\t\t\t\t\t\t\t\t\t\t<\/div>\n\t\t\t\t\t\t\t\t\t<\/a>\n\t\t\t\t\t\t\t\t\t\t\t\t\t\t\t\t\t<a href=\"https:\/\/montanhasmagicas.pt\/wp-content\/uploads\/2024\/02\/lingua-cervina-684x1024.jpg\">\n\t\t\t\t\t\t\t\t\t\t<div class=\"wrapper\">\n\t\t\t\t\t\t\t\t\t\t\t<img decoding=\"async\" src=\"https:\/\/montanhasmagicas.pt\/wp-content\/uploads\/2024\/02\/lingua-cervina-684x1024.jpg\" title=\"L\u00edngua Cervina\" alt=\"\">\n\t\t\t\t\t\t\t\t\t\t<\/div>\n\t\t\t\t\t\t\t\t\t<\/a>\n\t\t\t\t\t\t\t\t\t\t\t\t\t\t\t\t\t<a href=\"https:\/\/montanhasmagicas.pt\/wp-content\/uploads\/2024\/02\/narciso-das-trufeiras-1024x680.jpg\">\n\t\t\t\t\t\t\t\t\t\t<div class=\"wrapper\">\n\t\t\t\t\t\t\t\t\t\t\t<img decoding=\"async\" src=\"https:\/\/montanhasmagicas.pt\/wp-content\/uploads\/2024\/02\/narciso-das-trufeiras-1024x680.jpg\" title=\"Narciso das Turfeiras\" alt=\"\">\n\t\t\t\t\t\t\t\t\t\t<\/div>\n\t\t\t\t\t\t\t\t\t<\/a>\n\t\t\t\t\t\t\t\t\t\t\t\t\t\t\t\t\t<a href=\"https:\/\/montanhasmagicas.pt\/wp-content\/uploads\/2024\/02\/orvalhinha-1024x683.jpg\">\n\t\t\t\t\t\t\t\t\t\t<div class=\"wrapper\">\n\t\t\t\t\t\t\t\t\t\t\t<img decoding=\"async\" src=\"https:\/\/montanhasmagicas.pt\/wp-content\/uploads\/2024\/02\/orvalhinha-1024x683.jpg\" title=\"Orvalhinha\" alt=\"\">\n\t\t\t\t\t\t\t\t\t\t<\/div>\n\t\t\t\t\t\t\t\t\t<\/a>\n\t\t\t\t\t\t\t\t\t\t\t\t\t\t\t\t\t<a href=\"https:\/\/montanhasmagicas.pt\/wp-content\/uploads\/2024\/02\/turfeira-684x1024.jpg\">\n\t\t\t\t\t\t\t\t\t\t<div class=\"wrapper\">\n\t\t\t\t\t\t\t\t\t\t\t<img decoding=\"async\" src=\"https:\/\/montanhasmagicas.pt\/wp-content\/uploads\/2024\/02\/turfeira-684x1024.jpg\" title=\"Turfeira\" alt=\"\">\n\t\t\t\t\t\t\t\t\t\t<\/div>\n\t\t\t\t\t\t\t\t\t<\/a>\n\t\t\t\t\t\t\t\t\t\t\t\t\t\t\t<\/div>\n\t\t\t\t\t\t<\/div>\n\t\t\t\t\t\t\t\t\t\t\t\t\t\t<\/div>\n\t\t\t<\/div>\n\t\t\t\t<script type=\"text\/javascript\">\n            jQuery(document).ready(function($) {\n\t\t\t\tvar lightbox = new SimpleLightbox('.lightbox-gallery-6a00842d77ed9 a', { \/* options *\/ });\n\n                \n\t\t\t\t\n\t\t\t});\n\t\t<\/script>\n\t[\/vc_column][\/vc_row]<\/p>\n","protected":false},"excerpt":{"rendered":"<p>[vc_row][vc_column][vc_row_inner][vc_column_inner][vc_column_text] Las condiciones del relieve y del clima predominante en las Montanhas M\u00e1gicas proporcionan las condiciones ideales para la existencia de una exuberante y diversa flora, con extensas \u00e1reas de flora nativa y especies raras. La flora tiene una gran importancia en las Montanhas M\u00e1gicas\u00ae, y especies como el Woodwardia radicans, el Narcissus cyclamineus, el [&hellip;]<\/p>\n","protected":false},"author":1,"featured_media":1676,"parent":17317,"menu_order":127,"comment_status":"closed","ping_status":"closed","template":"page-general.php","meta":{"footnotes":""},"class_list":["post-17405","page","type-page","status-publish","has-post-thumbnail","hentry"],"_links":{"self":[{"href":"https:\/\/montanhasmagicas.pt\/es\/wp-json\/wp\/v2\/pages\/17405","targetHints":{"allow":["GET"]}}],"collection":[{"href":"https:\/\/montanhasmagicas.pt\/es\/wp-json\/wp\/v2\/pages"}],"about":[{"href":"https:\/\/montanhasmagicas.pt\/es\/wp-json\/wp\/v2\/types\/page"}],"author":[{"embeddable":true,"href":"https:\/\/montanhasmagicas.pt\/es\/wp-json\/wp\/v2\/users\/1"}],"replies":[{"embeddable":true,"href":"https:\/\/montanhasmagicas.pt\/es\/wp-json\/wp\/v2\/comments?post=17405"}],"version-history":[{"count":0,"href":"https:\/\/montanhasmagicas.pt\/es\/wp-json\/wp\/v2\/pages\/17405\/revisions"}],"up":[{"embeddable":true,"href":"https:\/\/montanhasmagicas.pt\/es\/wp-json\/wp\/v2\/pages\/17317"}],"wp:featuredmedia":[{"embeddable":true,"href":"https:\/\/montanhasmagicas.pt\/es\/wp-json\/wp\/v2\/media\/1676"}],"wp:attachment":[{"href":"https:\/\/montanhasmagicas.pt\/es\/wp-json\/wp\/v2\/media?parent=17405"}],"curies":[{"name":"wp","href":"https:\/\/api.w.org\/{rel}","templated":true}]}}