{"id":17359,"date":"2024-02-22T20:41:34","date_gmt":"2024-02-22T20:41:34","guid":{"rendered":"https:\/\/montanhasmagicas.pt\/?page_id=17359"},"modified":"2024-02-22T20:41:34","modified_gmt":"2024-02-22T20:41:34","slug":"fauna","status":"publish","type":"page","link":"https:\/\/montanhasmagicas.pt\/es\/montanhas-magicas\/fauna-y-flora\/fauna\/","title":{"rendered":"Fauna"},"content":{"rendered":"<p>[vc_row][vc_column][vc_row_inner][vc_column_inner][vc_column_text]<\/p>\n<h2>Numerosas especies animales, algunas de ellas raras y protegidas, como es el caso del lobo ib\u00e9rico y del desm\u00e1n ib\u00e9rico, que se encuentran en las Montanhas M\u00e1gicas, el h\u00e1bitat ideal para su supervivencia<\/h2>\n<p><b>Vertebrados<\/b><\/p>\n<p>El territorio de las Montanhas M\u00e1gicas\u00ae es el l\u00edmite sur del lobo ib\u00e9rico. Por lo tanto, el macizo de Gralheira y la sierra del Montemuro son dos de los \u00faltimos bastiones salvajes de esta magn\u00edfica especie, al sur del Duero. Las aves de presas encuentran en los acantilados lugares perfectos para procrear, como es el caso del halc\u00f3n peregrino y del b\u00faho real. La nutria est\u00e1 presente en todos los r\u00edos, y el poco com\u00fan desm\u00e1n ib\u00e9rico descubre en los r\u00edos de monta\u00f1a uno de los h\u00e1bitates m\u00e1s favorables del mundo para su supervivencia. El mirlo acu\u00e1tico europeo, que aprende a nadar antes de empezar a volar, est\u00e1 presente en cada curva del r\u00edo, y aprovecha muchas veces las ca\u00eddas de agua para crear su descendencia. El r\u00edo Paiva es conocido por sus truchas, y las anguilas y lampreas que todav\u00eda suben el Vouga y son testigo de la supervivencia a la migraci\u00f3n a trav\u00e9s de miles de kil\u00f3metros de oc\u00e9ano. galer\u00edas mineras y los bosques de hoja duradera, por lo que aqu\u00ed se encuentran algunas de las m\u00e1s importantes poblaciones de estos curiosos mam\u00edferos alados. La escasa salamandra rabilarga es frecuente en los r\u00edos de monta\u00f1a y en los prados h\u00famedos de los valles, y el lagarto verdinegro aqu\u00ed es casi una plaga. El esliz\u00f3n ib\u00e9rico marca presencia en los valles m\u00e1s term\u00f3filos y su primo esliz\u00f3n trid\u00e1ctilo ib\u00e9rico es f\u00e1cilmente avistado en los cenagales y turberas de monta\u00f1a.<\/p>\n<p><b>Invertebrados<\/b><\/p>\n<p>Los invertebrados encuentran en los r\u00edos Paiva, Vouga y Teixeira un santuario para su existencia: el ostra perl\u00edfera de agua dulce, la Macromia splendens o el Geomalacus maculosus no s\u00f3lo est\u00e1n presentes como llegan a ser abundantes en estos h\u00e1bitates. La delicada mariposa apatura-peque\u00f1a es tambi\u00e9n presencia obligatoria en el margen de los r\u00edos con galer\u00eda rip\u00edcola bien constituida, y la rara Phengaris alcon de las turberas encuentra en las m\u00e1rgenes del r\u00edo Balsem\u00e3o su mejor h\u00e1bitat en Portugal. El bizarro ciervo volante est\u00e1 presente en los robles, constituyendo un excelente indicador de bosques maduros. Los escasos cord\u00falidos se pueden encontrar en las playas fluviales surcadas de alisos, y las mariposas limenitis arthemis, nymphalis antiopa y la olmera que, a menudo acechan entre el follaje del bosque de ribera.<\/p>\n<p><b>Otros vertebrados<\/b><\/p>\n<p>Busardo ratonero, alced\u00ednidos, roquero rojo, garza real, petirrojo europeo, carbonero com\u00fan; cormor\u00e1n grande, camachuelo com\u00fan, pico picapinos, jilguero europeo, abubillas, aguilucho p\u00e1lido.[\/vc_column_text][\/vc_column_inner][\/vc_row_inner][\/vc_column][\/vc_row][vc_row][vc_column]\n\t\t\t\t<div class=\"gallery-img-video\">\n\t\t\t\t<h4 class=\"title\"><\/h4>\n\t\t\t\t\t\t\t\t<div class=\"gallery-wrapper\">\n\t\t\t\t\t\t\t\t\t\t\t<div id=\"img-gallery-tab-6a0084765d77e\" class=\"gallery-tab active\">\n\t\t\t\t\t\t\t<div class=\"lightbox-gallery lightbox-gallery-6a0084765d77e gallery-wrapper col-3\">\n\t\t\t\t\t\t\t\t\t\t\t\t\t\t\t\t\t<a href=\"https:\/\/montanhasmagicas.pt\/wp-content\/uploads\/2024\/02\/acor-686x1024.jpg\">\n\t\t\t\t\t\t\t\t\t\t<div class=\"wrapper\">\n\t\t\t\t\t\t\t\t\t\t\t<img decoding=\"async\" src=\"https:\/\/montanhasmagicas.pt\/wp-content\/uploads\/2024\/02\/acor-686x1024.jpg\" title=\"Ac\u0327or\" alt=\"\">\n\t\t\t\t\t\t\t\t\t\t<\/div>\n\t\t\t\t\t\t\t\t\t<\/a>\n\t\t\t\t\t\t\t\t\t\t\t\t\t\t\t\t\t<a href=\"https:\/\/montanhasmagicas.pt\/wp-content\/uploads\/2024\/02\/apatura-pequena.jpg\">\n\t\t\t\t\t\t\t\t\t\t<div class=\"wrapper\">\n\t\t\t\t\t\t\t\t\t\t\t<img decoding=\"async\" src=\"https:\/\/montanhasmagicas.pt\/wp-content\/uploads\/2024\/02\/apatura-pequena.jpg\" title=\"Apatura-pequena\" alt=\"\">\n\t\t\t\t\t\t\t\t\t\t<\/div>\n\t\t\t\t\t\t\t\t\t<\/a>\n\t\t\t\t\t\t\t\t\t\t\t\t\t\t\t\t\t<a href=\"https:\/\/montanhasmagicas.pt\/wp-content\/uploads\/2024\/02\/bufo-real-686x1024.jpg\">\n\t\t\t\t\t\t\t\t\t\t<div class=\"wrapper\">\n\t\t\t\t\t\t\t\t\t\t\t<img decoding=\"async\" src=\"https:\/\/montanhasmagicas.pt\/wp-content\/uploads\/2024\/02\/bufo-real-686x1024.jpg\" title=\"Bufo real\" alt=\"\">\n\t\t\t\t\t\t\t\t\t\t<\/div>\n\t\t\t\t\t\t\t\t\t<\/a>\n\t\t\t\t\t\t\t\t\t\t\t\t\t\t\t\t\t<a href=\"https:\/\/montanhasmagicas.pt\/wp-content\/uploads\/2024\/02\/homem-com-apatura-1024x683.jpg\">\n\t\t\t\t\t\t\t\t\t\t<div class=\"wrapper\">\n\t\t\t\t\t\t\t\t\t\t\t<img decoding=\"async\" src=\"https:\/\/montanhasmagicas.pt\/wp-content\/uploads\/2024\/02\/homem-com-apatura-1024x683.jpg\" title=\"Apatura\" alt=\"\">\n\t\t\t\t\t\t\t\t\t\t<\/div>\n\t\t\t\t\t\t\t\t\t<\/a>\n\t\t\t\t\t\t\t\t\t\t\t\t\t\t\t\t\t<a href=\"https:\/\/montanhasmagicas.pt\/wp-content\/uploads\/2024\/02\/lagarto-de-agua-1024x665.jpg\">\n\t\t\t\t\t\t\t\t\t\t<div class=\"wrapper\">\n\t\t\t\t\t\t\t\t\t\t\t<img decoding=\"async\" src=\"https:\/\/montanhasmagicas.pt\/wp-content\/uploads\/2024\/02\/lagarto-de-agua-1024x665.jpg\" title=\"Lagarto-de-\u00e1gua\" alt=\"\">\n\t\t\t\t\t\t\t\t\t\t<\/div>\n\t\t\t\t\t\t\t\t\t<\/a>\n\t\t\t\t\t\t\t\t\t\t\t\t\t\t\t\t\t<a href=\"https:\/\/montanhasmagicas.pt\/wp-content\/uploads\/2024\/02\/lontra.jpg\">\n\t\t\t\t\t\t\t\t\t\t<div class=\"wrapper\">\n\t\t\t\t\t\t\t\t\t\t\t<img decoding=\"async\" src=\"https:\/\/montanhasmagicas.pt\/wp-content\/uploads\/2024\/02\/lontra.jpg\" title=\"Lontra\" alt=\"\">\n\t\t\t\t\t\t\t\t\t\t<\/div>\n\t\t\t\t\t\t\t\t\t<\/a>\n\t\t\t\t\t\t\t\t\t\t\t\t\t\t\t\t\t<a href=\"https:\/\/montanhasmagicas.pt\/wp-content\/uploads\/2024\/02\/melro-de-agua-1024x680.jpg\">\n\t\t\t\t\t\t\t\t\t\t<div class=\"wrapper\">\n\t\t\t\t\t\t\t\t\t\t\t<img decoding=\"async\" src=\"https:\/\/montanhasmagicas.pt\/wp-content\/uploads\/2024\/02\/melro-de-agua-1024x680.jpg\" title=\"Melro-de-\u00e1gua\" alt=\"\">\n\t\t\t\t\t\t\t\t\t\t<\/div>\n\t\t\t\t\t\t\t\t\t<\/a>\n\t\t\t\t\t\t\t\t\t\t\t\t\t\t\t\t\t<a href=\"https:\/\/montanhasmagicas.pt\/wp-content\/uploads\/2024\/02\/morcego-de-ferradura-1024x680.jpg\">\n\t\t\t\t\t\t\t\t\t\t<div class=\"wrapper\">\n\t\t\t\t\t\t\t\t\t\t\t<img decoding=\"async\" src=\"https:\/\/montanhasmagicas.pt\/wp-content\/uploads\/2024\/02\/morcego-de-ferradura-1024x680.jpg\" title=\"Morcego-de-ferradura\" alt=\"\">\n\t\t\t\t\t\t\t\t\t\t<\/div>\n\t\t\t\t\t\t\t\t\t<\/a>\n\t\t\t\t\t\t\t\t\t\t\t\t\t\t\t\t\t<a href=\"https:\/\/montanhasmagicas.pt\/wp-content\/uploads\/2024\/02\/ra-iberica-1024x683.jpg\">\n\t\t\t\t\t\t\t\t\t\t<div class=\"wrapper\">\n\t\t\t\t\t\t\t\t\t\t\t<img decoding=\"async\" src=\"https:\/\/montanhasmagicas.pt\/wp-content\/uploads\/2024\/02\/ra-iberica-1024x683.jpg\" title=\"R\u00e3 Ib\u00e9rica\" alt=\"\">\n\t\t\t\t\t\t\t\t\t\t<\/div>\n\t\t\t\t\t\t\t\t\t<\/a>\n\t\t\t\t\t\t\t\t\t\t\t\t\t\t\t<\/div>\n\t\t\t\t\t\t<\/div>\n\t\t\t\t\t\t\t\t\t\t\t\t\t\t<\/div>\n\t\t\t<\/div>\n\t\t\t\t<script type=\"text\/javascript\">\n            jQuery(document).ready(function($) {\n\t\t\t\tvar lightbox = new SimpleLightbox('.lightbox-gallery-6a0084765d77e a', { \/* options *\/ });\n\n                \n\t\t\t\t\n\t\t\t});\n\t\t<\/script>\n\t[\/vc_column][\/vc_row]<\/p>\n","protected":false},"excerpt":{"rendered":"<p>[vc_row][vc_column][vc_row_inner][vc_column_inner][vc_column_text] Numerosas especies animales, algunas de ellas raras y protegidas, como es el caso del lobo ib\u00e9rico y del desm\u00e1n ib\u00e9rico, que se encuentran en las Montanhas M\u00e1gicas, el h\u00e1bitat ideal para su supervivencia Vertebrados El territorio de las Montanhas M\u00e1gicas\u00ae es el l\u00edmite sur del lobo ib\u00e9rico. Por lo tanto, el macizo de Gralheira [&hellip;]<\/p>\n","protected":false},"author":1,"featured_media":1672,"parent":17317,"menu_order":128,"comment_status":"closed","ping_status":"closed","template":"page-general.php","meta":{"footnotes":""},"class_list":["post-17359","page","type-page","status-publish","has-post-thumbnail","hentry"],"_links":{"self":[{"href":"https:\/\/montanhasmagicas.pt\/es\/wp-json\/wp\/v2\/pages\/17359","targetHints":{"allow":["GET"]}}],"collection":[{"href":"https:\/\/montanhasmagicas.pt\/es\/wp-json\/wp\/v2\/pages"}],"about":[{"href":"https:\/\/montanhasmagicas.pt\/es\/wp-json\/wp\/v2\/types\/page"}],"author":[{"embeddable":true,"href":"https:\/\/montanhasmagicas.pt\/es\/wp-json\/wp\/v2\/users\/1"}],"replies":[{"embeddable":true,"href":"https:\/\/montanhasmagicas.pt\/es\/wp-json\/wp\/v2\/comments?post=17359"}],"version-history":[{"count":0,"href":"https:\/\/montanhasmagicas.pt\/es\/wp-json\/wp\/v2\/pages\/17359\/revisions"}],"up":[{"embeddable":true,"href":"https:\/\/montanhasmagicas.pt\/es\/wp-json\/wp\/v2\/pages\/17317"}],"wp:featuredmedia":[{"embeddable":true,"href":"https:\/\/montanhasmagicas.pt\/es\/wp-json\/wp\/v2\/media\/1672"}],"wp:attachment":[{"href":"https:\/\/montanhasmagicas.pt\/es\/wp-json\/wp\/v2\/media?parent=17359"}],"curies":[{"name":"wp","href":"https:\/\/api.w.org\/{rel}","templated":true}]}}