{"id":17317,"date":"2024-02-22T20:33:34","date_gmt":"2024-02-22T20:33:34","guid":{"rendered":"https:\/\/montanhasmagicas.pt\/?page_id=17317"},"modified":"2024-02-22T20:59:23","modified_gmt":"2024-02-22T20:59:23","slug":"fauna-y-flora","status":"publish","type":"page","link":"https:\/\/montanhasmagicas.pt\/es\/montanhas-magicas\/fauna-y-flora\/","title":{"rendered":"Fauna y Flora"},"content":{"rendered":"<p>[vc_row vc_row_background=\u00bb\u00bb][vc_column][vc_row_inner el_class=\u00bbbreak-space-15&#8243;][vc_column_inner][vc_column_text]<\/p>\n<h2 style=\"text-align: center;\">Sorpr\u00e9ndase con la enorme variedad de plantas y animales que habitan en las Montanhas M\u00e1gicas, al abrigo de las cuatro \u00e1reas clasificadas de la Red Natura 2000 &#8211; R\u00edo Paiva, r\u00edo Vouga, sierras de Freita y Arada y la sierra de Montemuro<\/h2>\n<p style=\"text-align: center;\">Las Montanhas M\u00e1gicas\u00ae incluyen 5 espacios clasificados de alto valor geol\u00f3gico, ambiental y ecol\u00f3gico: un geoparque de la UNESCO, el Arouca Geopark, y 4 Sitios de Importancia Comunitaria de la Red Natura 2000 &#8211; r\u00edo Paiva, r\u00edo Vouga, sierras de Freita y Arada y sierra De Montemuro. La existencia de estos espacios clasificados est\u00e1 en la base de una oferta tur\u00edstica de excelencia, basada en un n\u00famero inagotable de actividades de ecoturismo, geoturismo y turismo activo.<\/p>\n<p style=\"text-align: center;\">Las especies de fauna y flora raras y protegidas, as\u00ed como fen\u00f3menos geol\u00f3gicos \u00fanicos o raros en todo el mundo, pueden ser observados, interpretados y comprendidos.<\/p>\n<p style=\"text-align: center;\">Explore las sierras, r\u00edos y valles de este territorio, recorriendo senderos, observando e interpretando la naturaleza o practicando deportes de aventura \u00a1y descubra lugares verdaderamente \u00fanicos!<\/p>\n<p>[\/vc_column_text][\/vc_column_inner][\/vc_row_inner][\/vc_column][\/vc_row][vc_row full_width=\u00bbstretch_row_content\u00bb vc_row_background=\u00bb\u00bb][vc_column][vc_row_inner][vc_column_inner width=\u00bb1\/2&#8243; offset=\u00bbvc_col-lg-6 vc_col-md-6 vc_col-xs-12&#8243;]\n\t<div class=\"mm-dashboard-item\">\n\t\t<div class=\"wrapper\">\n\t\t\t<a href=\"https:\/\/montanhasmagicas.pt\/es\/montanhas-magicas\/fauna-y-flora\/fauna\/\"   >            \n\t\t\t\t<div class=\"header\">\n\t\t\t\t\t<h2 class=\"name\">Fauna<\/h2>\n\t\t\t\t\t<div class=\"fa-wrapper\">\n\t\t\t\t\t\t<i class=\"fa fa-arrow-right\"><\/i>\n\t\t\t\t\t<\/div>\t\n\t\t\t\t<\/div>\n\t\t\t\t<div class=\"bg-box\">\n\t\t\t\t\t<div class=\"img\" style=\"background-image: url(https:\/\/montanhasmagicas.pt\/wp-content\/uploads\/2021\/11\/capa-fauna-1.jpg);\"><\/div>\n\t\t\t\t<\/div>\n\t\t\t<\/a>\n\t\t<\/div> \n\t<\/div>\n\n\n\t<div class=\"mm-dashboard-item\">\n\t\t<div class=\"wrapper\">\n\t\t\t<a href=\"https:\/\/montanhasmagicas.pt\/es\/montanhas-magicas\/fauna-y-flora\/bosques-terciarios\/\"   >            \n\t\t\t\t<div class=\"header\">\n\t\t\t\t\t<h2 class=\"name\">Bosques Terciarios<\/h2>\n\t\t\t\t\t<div class=\"fa-wrapper\">\n\t\t\t\t\t\t<i class=\"fa fa-arrow-right\"><\/i>\n\t\t\t\t\t<\/div>\t\n\t\t\t\t<\/div>\n\t\t\t\t<div class=\"bg-box\">\n\t\t\t\t\t<div class=\"img\" style=\"background-image: url(https:\/\/montanhasmagicas.pt\/wp-content\/uploads\/2021\/11\/capa-bosques-terciarios-1.jpg);\"><\/div>\n\t\t\t\t<\/div>\n\t\t\t<\/a>\n\t\t<\/div> \n\t<\/div>\n\n[\/vc_column_inner][vc_column_inner width=\u00bb1\/2&#8243; offset=\u00bbvc_col-lg-6 vc_col-md-6 vc_col-xs-12&#8243;]\n\t<div class=\"mm-dashboard-item\">\n\t\t<div class=\"wrapper\">\n\t\t\t<a href=\"https:\/\/montanhasmagicas.pt\/es\/montanhas-magicas\/fauna-y-flora\/flora\/\"   >            \n\t\t\t\t<div class=\"header\">\n\t\t\t\t\t<h2 class=\"name\">Flora<\/h2>\n\t\t\t\t\t<div class=\"fa-wrapper\">\n\t\t\t\t\t\t<i class=\"fa fa-arrow-right\"><\/i>\n\t\t\t\t\t<\/div>\t\n\t\t\t\t<\/div>\n\t\t\t\t<div class=\"bg-box\">\n\t\t\t\t\t<div class=\"img\" style=\"background-image: url(https:\/\/montanhasmagicas.pt\/wp-content\/uploads\/2021\/11\/capa-flora-1.jpg);\"><\/div>\n\t\t\t\t<\/div>\n\t\t\t<\/a>\n\t\t<\/div> \n\t<\/div>\n\n\n\t<div class=\"mm-dashboard-item\">\n\t\t<div class=\"wrapper\">\n\t\t\t<a href=\"https:\/\/montanhasmagicas.pt\/es\/montanhas-magicas\/fauna-y-flora\/hongos\/\"   >            \n\t\t\t\t<div class=\"header\">\n\t\t\t\t\t<h2 class=\"name\">Hongos<\/h2>\n\t\t\t\t\t<div class=\"fa-wrapper\">\n\t\t\t\t\t\t<i class=\"fa fa-arrow-right\"><\/i>\n\t\t\t\t\t<\/div>\t\n\t\t\t\t<\/div>\n\t\t\t\t<div class=\"bg-box\">\n\t\t\t\t\t<div class=\"img\" style=\"background-image: url(https:\/\/montanhasmagicas.pt\/wp-content\/uploads\/2021\/11\/capa-fungos.jpg);\"><\/div>\n\t\t\t\t<\/div>\n\t\t\t<\/a>\n\t\t<\/div> \n\t<\/div>\n\n[\/vc_column_inner][\/vc_row_inner][\/vc_column][\/vc_row]<\/p>\n","protected":false},"excerpt":{"rendered":"<p>[vc_row vc_row_background=\u00bb\u00bb][vc_column][vc_row_inner el_class=\u00bbbreak-space-15&#8243;][vc_column_inner][vc_column_text] Sorpr\u00e9ndase con la enorme variedad de plantas y animales que habitan en las Montanhas M\u00e1gicas, al abrigo de las cuatro \u00e1reas clasificadas de la Red Natura 2000 &#8211; R\u00edo Paiva, r\u00edo Vouga, sierras de Freita y Arada y la sierra de Montemuro Las Montanhas M\u00e1gicas\u00ae incluyen 5 espacios clasificados de alto valor [&hellip;]<\/p>\n","protected":false},"author":1,"featured_media":1667,"parent":16386,"menu_order":129,"comment_status":"closed","ping_status":"closed","template":"page-general.php","meta":{"footnotes":""},"class_list":["post-17317","page","type-page","status-publish","has-post-thumbnail","hentry"],"_links":{"self":[{"href":"https:\/\/montanhasmagicas.pt\/es\/wp-json\/wp\/v2\/pages\/17317","targetHints":{"allow":["GET"]}}],"collection":[{"href":"https:\/\/montanhasmagicas.pt\/es\/wp-json\/wp\/v2\/pages"}],"about":[{"href":"https:\/\/montanhasmagicas.pt\/es\/wp-json\/wp\/v2\/types\/page"}],"author":[{"embeddable":true,"href":"https:\/\/montanhasmagicas.pt\/es\/wp-json\/wp\/v2\/users\/1"}],"replies":[{"embeddable":true,"href":"https:\/\/montanhasmagicas.pt\/es\/wp-json\/wp\/v2\/comments?post=17317"}],"version-history":[{"count":0,"href":"https:\/\/montanhasmagicas.pt\/es\/wp-json\/wp\/v2\/pages\/17317\/revisions"}],"up":[{"embeddable":true,"href":"https:\/\/montanhasmagicas.pt\/es\/wp-json\/wp\/v2\/pages\/16386"}],"wp:featuredmedia":[{"embeddable":true,"href":"https:\/\/montanhasmagicas.pt\/es\/wp-json\/wp\/v2\/media\/1667"}],"wp:attachment":[{"href":"https:\/\/montanhasmagicas.pt\/es\/wp-json\/wp\/v2\/media?parent=17317"}],"curies":[{"name":"wp","href":"https:\/\/api.w.org\/{rel}","templated":true}]}}