{"id":17310,"date":"2024-02-22T20:25:51","date_gmt":"2024-02-22T20:25:51","guid":{"rendered":"https:\/\/montanhasmagicas.pt\/?page_id=17310"},"modified":"2024-02-22T20:25:51","modified_gmt":"2024-02-22T20:25:51","slug":"arouca-geopark","status":"publish","type":"page","link":"https:\/\/montanhasmagicas.pt\/es\/montanhas-magicas\/areas-clasificadas\/arouca-geopark\/","title":{"rendered":"Arouca Geopark"},"content":{"rendered":"<p>[vc_row][vc_column][vc_row_inner][vc_column_inner][vc_column_text]<\/p>\n<h2>Un geoparque es un territorio con l\u00edmites bien definidos que posee un importante patrimonio geol\u00f3gico, aliado de toda una estrategia de desarrollo sostenible.<\/h2>\n<p>Un geoparque es un territorio con l\u00edmites bien definidos que posee un importante patrimonio geol\u00f3gico, aliado de toda una estrategia de desarrollo sostenible. Los tres objetivos principales de un Geoparque son: la geoconservaci\u00f3n, la educaci\u00f3n para el desarrollo sostenible y el turismo.<\/p>\n<p>El Arouca Geopark corresponde al \u00e1rea administrativa de la ciudad de Arouca, siendo reconocido por su excepcional patrimonio geol\u00f3gico de relevancia internacional. Los 41 geositios inventariados, aliados a una estrategia de desarrollo territorial que asegurara su protecci\u00f3n, dinamizaci\u00f3n y uso, constituyen la base del Arouca Geopark. Muchos de esos geositios pueden ser visitados a trav\u00e9s de la Ruta de los Geositios y de la intensa Red de Recorridos Peatonales del ayuntamiento de Arouca.<\/p>\n<p><strong>Caracter\u00edsticas:<\/strong><\/p>\n<ul>\n<li><b>\u00c1rea clasificada total:<\/b> 32.910ha;<\/li>\n<li><b>\u00c1rea clasificada en el territorio:<\/b> 32.910ha (100%);<\/li>\n<li><b>Municipalidades cubiertas:<\/b> Arouca.<\/li>\n<\/ul>\n<p><b>Geositios m\u00e1s relevantes:<\/b> Trilobites Gigantes de Canelas, <a href=\"https:\/\/montanhasmagicas.pt\/natural_resource\/pedras-parideiras\/\">Piedras Parideras<\/a> da Castanheira, <a href=\"https:\/\/montanhasmagicas.pt\/natural_resource\/icnofosseis-de-cabanas-longas\/\">Icnof\u00f3siles de Cabanas Longas<\/a>, <a href=\"https:\/\/montanhasmagicas.pt\/natural_resource\/miradouro-da-frecha-da-mizarela\/\">Frecha da Mizarela<\/a>, <a href=\"https:\/\/montanhasmagicas.pt\/natural_resource\/pedras-boroas-do-junqueiro\/\">Piedras Boroas del Junqueiro<\/a>.[\/vc_column_text][\/vc_column_inner][\/vc_row_inner][\/vc_column][\/vc_row]<\/p>\n","protected":false},"excerpt":{"rendered":"<p>[vc_row][vc_column][vc_row_inner][vc_column_inner][vc_column_text] Un geoparque es un territorio con l\u00edmites bien definidos que posee un importante patrimonio geol\u00f3gico, aliado de toda una estrategia de desarrollo sostenible. Un geoparque es un territorio con l\u00edmites bien definidos que posee un importante patrimonio geol\u00f3gico, aliado de toda una estrategia de desarrollo sostenible. Los tres objetivos principales de un Geoparque son: [&hellip;]<\/p>\n","protected":false},"author":1,"featured_media":1499,"parent":17286,"menu_order":130,"comment_status":"closed","ping_status":"closed","template":"page-general.php","meta":{"footnotes":""},"class_list":["post-17310","page","type-page","status-publish","has-post-thumbnail","hentry"],"_links":{"self":[{"href":"https:\/\/montanhasmagicas.pt\/es\/wp-json\/wp\/v2\/pages\/17310","targetHints":{"allow":["GET"]}}],"collection":[{"href":"https:\/\/montanhasmagicas.pt\/es\/wp-json\/wp\/v2\/pages"}],"about":[{"href":"https:\/\/montanhasmagicas.pt\/es\/wp-json\/wp\/v2\/types\/page"}],"author":[{"embeddable":true,"href":"https:\/\/montanhasmagicas.pt\/es\/wp-json\/wp\/v2\/users\/1"}],"replies":[{"embeddable":true,"href":"https:\/\/montanhasmagicas.pt\/es\/wp-json\/wp\/v2\/comments?post=17310"}],"version-history":[{"count":0,"href":"https:\/\/montanhasmagicas.pt\/es\/wp-json\/wp\/v2\/pages\/17310\/revisions"}],"up":[{"embeddable":true,"href":"https:\/\/montanhasmagicas.pt\/es\/wp-json\/wp\/v2\/pages\/17286"}],"wp:featuredmedia":[{"embeddable":true,"href":"https:\/\/montanhasmagicas.pt\/es\/wp-json\/wp\/v2\/media\/1499"}],"wp:attachment":[{"href":"https:\/\/montanhasmagicas.pt\/es\/wp-json\/wp\/v2\/media?parent=17310"}],"curies":[{"name":"wp","href":"https:\/\/api.w.org\/{rel}","templated":true}]}}