{"id":17306,"date":"2024-02-22T19:47:18","date_gmt":"2024-02-22T19:47:18","guid":{"rendered":"https:\/\/montanhasmagicas.pt\/?page_id=17306"},"modified":"2024-02-22T19:47:18","modified_gmt":"2024-02-22T19:47:18","slug":"rio-vouga","status":"publish","type":"page","link":"https:\/\/montanhasmagicas.pt\/es\/montanhas-magicas\/areas-clasificadas\/rio-vouga\/","title":{"rendered":"R\u00edo Vouga"},"content":{"rendered":"<p>[vc_row][vc_column][vc_row_inner][vc_column_inner][vc_column_text]Llamado por muchos como \u201cel Nilo portugu\u00e9s\u201d, el r\u00edo Vouga nace a 864 metros de altitud, en la sierra de Lapa, y de la naciente hasta la desembocadura recorre cerca de 148km, cruzando el territorio de las Montanhas M\u00e1gicas\u00ae, al sur, a lo largo de aproximadamente 44km. Su cuenca hidrogr\u00e1fica tiene cerca de 3.636 kil\u00f3metros cuadrados, ubicado entre el r\u00edo Duero y el r\u00edo Mondego. Los principales afluentes, arriba y abajo, son el Mel, el Sul, el Varoso, el Teixeira y el r\u00edo Mau. De la nacieste hasta la desembocadura es un r\u00edo con una din\u00e1mica natural muy acentuada que origina r\u00e1pidos, islas temporales, remansos, playas y pozos.<\/p>\n<p><strong>Caracter\u00edsticas:<\/strong><\/p>\n<ul>\n<li><b>\u00c1rea clasificada total:<\/b> 2.769ha;<\/li>\n<li><b>\u00c1rea clasificada en el territorio:<\/b> 706ha (25%);<\/li>\n<li><b>Municipalidades cubiertas::<\/b> Sever do Vouga.<\/li>\n<\/ul>\n<p><b>Fauna protegida:<\/b><\/p>\n<p>Salamandra rabilarga; lamprea de arroyo; s\u00e1balo; saboga; lagarto verdinegro; nutria; boga com\u00fan; lamprea marina; escalo; pardilla; sapo partero com\u00fan; rana patilarga; trit\u00f3n jaspeado; unio crassus; unio elongatulus o unio mancus. <\/p>\n<p><b>Flora protegida:<\/b><\/p>\n<p>Rusco; fresno de hojas estrechas; roble com\u00fan; olmo com\u00fan.<\/p>\n<p><b>H\u00e1bitats prioritarios:<\/b><\/p>\n<p>Bosques aluviales de Alnus glutinosa y Fraxinus excelsior.[\/vc_column_text][\/vc_column_inner][\/vc_row_inner][\/vc_column][\/vc_row]<\/p>\n","protected":false},"excerpt":{"rendered":"<p>[vc_row][vc_column][vc_row_inner][vc_column_inner][vc_column_text]Llamado por muchos como \u201cel Nilo portugu\u00e9s\u201d, el r\u00edo Vouga nace a 864 metros de altitud, en la sierra de Lapa, y de la naciente hasta la desembocadura recorre cerca de 148km, cruzando el territorio de las Montanhas M\u00e1gicas\u00ae, al sur, a lo largo de aproximadamente 44km. Su cuenca hidrogr\u00e1fica tiene cerca de 3.636 kil\u00f3metros [&hellip;]<\/p>\n","protected":false},"author":1,"featured_media":1484,"parent":17286,"menu_order":131,"comment_status":"closed","ping_status":"closed","template":"page-general.php","meta":{"footnotes":""},"class_list":["post-17306","page","type-page","status-publish","has-post-thumbnail","hentry"],"_links":{"self":[{"href":"https:\/\/montanhasmagicas.pt\/es\/wp-json\/wp\/v2\/pages\/17306","targetHints":{"allow":["GET"]}}],"collection":[{"href":"https:\/\/montanhasmagicas.pt\/es\/wp-json\/wp\/v2\/pages"}],"about":[{"href":"https:\/\/montanhasmagicas.pt\/es\/wp-json\/wp\/v2\/types\/page"}],"author":[{"embeddable":true,"href":"https:\/\/montanhasmagicas.pt\/es\/wp-json\/wp\/v2\/users\/1"}],"replies":[{"embeddable":true,"href":"https:\/\/montanhasmagicas.pt\/es\/wp-json\/wp\/v2\/comments?post=17306"}],"version-history":[{"count":0,"href":"https:\/\/montanhasmagicas.pt\/es\/wp-json\/wp\/v2\/pages\/17306\/revisions"}],"up":[{"embeddable":true,"href":"https:\/\/montanhasmagicas.pt\/es\/wp-json\/wp\/v2\/pages\/17286"}],"wp:featuredmedia":[{"embeddable":true,"href":"https:\/\/montanhasmagicas.pt\/es\/wp-json\/wp\/v2\/media\/1484"}],"wp:attachment":[{"href":"https:\/\/montanhasmagicas.pt\/es\/wp-json\/wp\/v2\/media?parent=17306"}],"curies":[{"name":"wp","href":"https:\/\/api.w.org\/{rel}","templated":true}]}}