{"id":17301,"date":"2024-02-22T19:33:47","date_gmt":"2024-02-22T19:33:47","guid":{"rendered":"https:\/\/montanhasmagicas.pt\/?page_id=17301"},"modified":"2024-02-22T19:33:47","modified_gmt":"2024-02-22T19:33:47","slug":"rio-paiva","status":"publish","type":"page","link":"https:\/\/montanhasmagicas.pt\/es\/montanhas-magicas\/areas-clasificadas\/rio-paiva\/","title":{"rendered":"R\u00edo Paiva"},"content":{"rendered":"<p>[vc_row][vc_column][vc_row_inner][vc_column_inner][vc_column_text]Con una cuenca hidrogr\u00e1fica de 77 km2, es considerado uno de los r\u00edos menos contaminados de Europa. Nace en la sierra de Leomil, donde inicia un recorrido de aproximadamente 112 Km, a lo largo del cual atraviesa las municipalidades de Castro Daire, S. Pedro do Sul, Arouca, Castelo de Paiva y Cinf\u00e3es (en las Montanhas M\u00e1gicas\u00ae), desembocando en el r\u00edo Duero, entre Castelo de Paiva y Cinf\u00e3es. En este lugar, encuentra una peque\u00f1a isla denominada \u201cIlha do Castelo\u201d o \u201cIlha dos Amores\u201d, la \u00fanica que existe a lo largo del tramo nacional del r\u00edo Duero.<\/p>\n<p>En su lecho y m\u00e1rgenes, existe una gran diversidad de especies de fauna y flora, as\u00ed como de h\u00e1bitats prioritarios. Presenta una vegetaci\u00f3n, con alisos y sauces, relativamente bien conservada y frecuentemente bordeada por robledales de roble albar. Es una zona de paso para el lobo-ib\u00e9rico y abarca una \u00e1rea importante para la conservaci\u00f3n del desm\u00e1n ib\u00e9rico, de la nutria, del mejill\u00f3n de r\u00edo y del mirlo de agua.<\/p>\n<p>Proporcionando la pr\u00e1ctica de pesca deportiva y de deportes de aventura como el rafting, el canotaje y el pirag\u00fcismo, tiene la mejor pista de aguas bravas de Portugal.<\/p>\n<p><strong>Caracter\u00edsticas:<\/strong><\/p>\n<ul>\n<li><b>\u00c1rea clasificada total:\u00a0<\/b>14.562ha;<\/li>\n<li><b>\u00c1rea clasificada en el territorio:\u00a0<\/b>10.215ha (70%);<\/li>\n<li><b>Municipalidades cubiertas:\u00a0<\/b>Castro Daire, S. Pedro do Sul, Arouca, Castelo de Paiva y Cinf\u00e3es.<\/li>\n<\/ul>\n<p><b>Fauna priorit\u00e1ria:<\/b><\/p>\n<p>Lobo ib\u00e9rico.<\/p>\n<p><b>Fauna protegida:<\/b><\/p>\n<p>Desm\u00e1n ib\u00e9rico; nutria; lagarto verdinegro; salamandra rabilarga; ostra perl\u00edfera de agua dulce; gran capricornio; ciervo volante; lib\u00e9lula; boga del Tajo; pardilla; rana patilarga; rana com\u00fan; trit\u00f3n jaspeado. <\/p>\n<p><b>Flora protegida:<\/b><\/p>\n<p>Arnica; narciso de bulbo lanoso; narciso con tres estambres; rusco; anarrhinum longipedicellatum; centaurea micrantha ssp. Herminii; scilla beirana; aliso com\u00fan; roble com\u00fan.<\/p>\n<p><b>H\u00e1bitats prioritarios:<\/b><\/p>\n<p>Matorrales arborescentes de Laurus nobilis; subestepas de gram\u00edneas y anuales de Thero-Brachypodiettea; formaciones herbosas de Nardus, ricas en especies, en sustratos sil\u00edceos de las zonas monta\u00f1osas; bosques aluviales de Alnus glutinosa y Fraxinus excelsior.[\/vc_column_text][\/vc_column_inner][\/vc_row_inner][\/vc_column][\/vc_row]<\/p>\n","protected":false},"excerpt":{"rendered":"<p>[vc_row][vc_column][vc_row_inner][vc_column_inner][vc_column_text]Con una cuenca hidrogr\u00e1fica de 77 km2, es considerado uno de los r\u00edos menos contaminados de Europa. Nace en la sierra de Leomil, donde inicia un recorrido de aproximadamente 112 Km, a lo largo del cual atraviesa las municipalidades de Castro Daire, S. Pedro do Sul, Arouca, Castelo de Paiva y Cinf\u00e3es (en las Montanhas [&hellip;]<\/p>\n","protected":false},"author":1,"featured_media":1494,"parent":17286,"menu_order":132,"comment_status":"closed","ping_status":"closed","template":"page-general.php","meta":{"footnotes":""},"class_list":["post-17301","page","type-page","status-publish","has-post-thumbnail","hentry"],"_links":{"self":[{"href":"https:\/\/montanhasmagicas.pt\/es\/wp-json\/wp\/v2\/pages\/17301","targetHints":{"allow":["GET"]}}],"collection":[{"href":"https:\/\/montanhasmagicas.pt\/es\/wp-json\/wp\/v2\/pages"}],"about":[{"href":"https:\/\/montanhasmagicas.pt\/es\/wp-json\/wp\/v2\/types\/page"}],"author":[{"embeddable":true,"href":"https:\/\/montanhasmagicas.pt\/es\/wp-json\/wp\/v2\/users\/1"}],"replies":[{"embeddable":true,"href":"https:\/\/montanhasmagicas.pt\/es\/wp-json\/wp\/v2\/comments?post=17301"}],"version-history":[{"count":0,"href":"https:\/\/montanhasmagicas.pt\/es\/wp-json\/wp\/v2\/pages\/17301\/revisions"}],"up":[{"embeddable":true,"href":"https:\/\/montanhasmagicas.pt\/es\/wp-json\/wp\/v2\/pages\/17286"}],"wp:featuredmedia":[{"embeddable":true,"href":"https:\/\/montanhasmagicas.pt\/es\/wp-json\/wp\/v2\/media\/1494"}],"wp:attachment":[{"href":"https:\/\/montanhasmagicas.pt\/es\/wp-json\/wp\/v2\/media?parent=17301"}],"curies":[{"name":"wp","href":"https:\/\/api.w.org\/{rel}","templated":true}]}}