{"id":17296,"date":"2024-02-22T19:26:08","date_gmt":"2024-02-22T19:26:08","guid":{"rendered":"https:\/\/montanhasmagicas.pt\/?page_id=17296"},"modified":"2024-02-22T19:26:08","modified_gmt":"2024-02-22T19:26:08","slug":"sierras-de-freita-y-arada","status":"publish","type":"page","link":"https:\/\/montanhasmagicas.pt\/es\/montanhas-magicas\/areas-clasificadas\/sierras-de-freita-y-arada\/","title":{"rendered":"Sierras de Freita y Arada"},"content":{"rendered":"<p>[vc_row][vc_column][vc_row_inner][vc_column_inner][vc_column_text]La <b>Sierra de Freita<\/b>\u00a0forma parte del Macizo de la Gralheira, juntamente con la sierras de Arada (1.057 metros) y del Arestal (830 metros). Algunos de sus cumbres exceden los 1.000 metros de altura, albergando especies raras de fauna y flora, algunas en v\u00edas de extinci\u00f3n. La vegetaci\u00f3n es principalmente constituida por brezo y carqueja y, en las zonas ribere\u00f1as, por pinos, robles, madro\u00f1os y acebos. Para all\u00e1 del r\u00edo Caima, nacen en esta sierra m\u00faltiples riberos que desembocan en los r\u00edos Paiva y Arda. Por su amplia extensi\u00f3n se encuentran 17 de los 41 geositios de Arouca Geopark, como la Frecha da Mizarela y las Piedras Parideras. Aunque sea una zona con mucha afluencia tur\u00edstica en los meses de verano, es considerada una de las mejores zonas del litoral norte para la observaci\u00f3n de aves de monta\u00f1a.<\/p>\n<p>La\u00a0<b>Sierra de Arada<\/b>\u00a0tiene 20 Km de longitud y 15 Km de ancho, alcanzando en S. Pedro do Sul la altitud m\u00e1xima de 1.057 metros. Sirve, en parte, de l\u00ednea divisoria de las cuencas de los r\u00edos Paiva y Vouga. Es una regi\u00f3n de grandes contrastes, de relieve \u00e1spero e imponente. A la austera meseta, donde s\u00f3lo florecen los matorrales rastreros, se oponen los profundos valles encajados, alfombrados de grueso arbolado, por entre el cual pasan r\u00edos rebeldes y tumultuosos.<\/p>\n<p><strong>Caracter\u00edsticas:<\/strong><\/p>\n<ul>\n<li><b>\u00c1rea clasificada total:<\/b> 28 659ha;<\/li>\n<li><b>\u00c1rea clasificada en el territorio:\u00a0<\/b>28.659ha (100%);<\/li>\n<li><b>Municipalidades cubiertas:<\/b> Arouca, S. Pedro do Sul y Vale de Cambra.<\/li>\n<\/ul>\n<p><b>Fauna prioritaria:<\/b><\/p>\n<p>Lobo ib\u00e9rico.<\/p>\n<p><b>Fauna protegida:<\/b><\/p>\n<p>Salamandra rabilarga; Lagarto verdinegro; desm\u00e1n ib\u00e9rico; nutria; sapo partero com\u00fan; sapo corredor; sapillo pintojo ib\u00e9rico; rana patilarga; rana com\u00fan; trit\u00f3n jaspeado; murci\u00e9lago ratonero grande; murci\u00e9lago grande de herradura; murci\u00e9lagel peque\u00f1o de herradura; murci\u00e9lago mediano de herradura; murci\u00e9lago ribere\u00f1o; murci\u00e9lago ratonero gris; ciervo volante; boga del Tajo; pardilla (rutilus macrolepidotus); <\/p>\n<p><b>Flora protegida:<\/b><\/p>\n<p>Festuca summilusitana; narcisos (narcissus cyclamineus); woodwardia radicans; anarrhinum longipedicellatum; murbeckiella sousae; narciso de bulbo lanoso; narciso con tres estambres; el rusco; almoradul; thymelaea broterana; turberas; los alisos; roble; melojo; acebo.<\/p>\n<p><b>H\u00e1bitats prioritarios:<\/b><\/p>\n<p>Landas h\u00famedas atl\u00e1nticas templadas de Erica ciliaris y Erica tetralix; matorrales arborescentes de Laurus nobilis; formaciones herbosas de Nardus, ricas en especies, en sustratos sil\u00edceos de zonas monta\u00f1osas bosques aluviales de Alnus glutinosa y Fraxinus excelsior.[\/vc_column_text][\/vc_column_inner][\/vc_row_inner][\/vc_column][\/vc_row]<\/p>\n","protected":false},"excerpt":{"rendered":"<p>[vc_row][vc_column][vc_row_inner][vc_column_inner][vc_column_text]La Sierra de Freita\u00a0forma parte del Macizo de la Gralheira, juntamente con la sierras de Arada (1.057 metros) y del Arestal (830 metros). Algunos de sus cumbres exceden los 1.000 metros de altura, albergando especies raras de fauna y flora, algunas en v\u00edas de extinci\u00f3n. La vegetaci\u00f3n es principalmente constituida por brezo y carqueja y, [&hellip;]<\/p>\n","protected":false},"author":1,"featured_media":1401,"parent":17286,"menu_order":133,"comment_status":"closed","ping_status":"closed","template":"page-general.php","meta":{"footnotes":""},"class_list":["post-17296","page","type-page","status-publish","has-post-thumbnail","hentry"],"_links":{"self":[{"href":"https:\/\/montanhasmagicas.pt\/es\/wp-json\/wp\/v2\/pages\/17296","targetHints":{"allow":["GET"]}}],"collection":[{"href":"https:\/\/montanhasmagicas.pt\/es\/wp-json\/wp\/v2\/pages"}],"about":[{"href":"https:\/\/montanhasmagicas.pt\/es\/wp-json\/wp\/v2\/types\/page"}],"author":[{"embeddable":true,"href":"https:\/\/montanhasmagicas.pt\/es\/wp-json\/wp\/v2\/users\/1"}],"replies":[{"embeddable":true,"href":"https:\/\/montanhasmagicas.pt\/es\/wp-json\/wp\/v2\/comments?post=17296"}],"version-history":[{"count":0,"href":"https:\/\/montanhasmagicas.pt\/es\/wp-json\/wp\/v2\/pages\/17296\/revisions"}],"up":[{"embeddable":true,"href":"https:\/\/montanhasmagicas.pt\/es\/wp-json\/wp\/v2\/pages\/17286"}],"wp:featuredmedia":[{"embeddable":true,"href":"https:\/\/montanhasmagicas.pt\/es\/wp-json\/wp\/v2\/media\/1401"}],"wp:attachment":[{"href":"https:\/\/montanhasmagicas.pt\/es\/wp-json\/wp\/v2\/media?parent=17296"}],"curies":[{"name":"wp","href":"https:\/\/api.w.org\/{rel}","templated":true}]}}