{"id":17291,"date":"2024-02-22T19:17:25","date_gmt":"2024-02-22T19:17:25","guid":{"rendered":"https:\/\/montanhasmagicas.pt\/?page_id=17291"},"modified":"2024-02-22T19:17:25","modified_gmt":"2024-02-22T19:17:25","slug":"sierra-de-montemuro","status":"publish","type":"page","link":"https:\/\/montanhasmagicas.pt\/es\/montanhas-magicas\/areas-clasificadas\/sierra-de-montemuro\/","title":{"rendered":"Sierra de Montemuro"},"content":{"rendered":"<p>[vc_row][vc_column][vc_row_inner][vc_column_inner][vc_column_text]Con 1.381 metros de altitud m\u00e1xima, alcanzados en el Pico del Talegre, la sierra de Montemuro es la octava mayor elevaci\u00f3n de Portugal Continental, ubic\u00e1ndose entre el r\u00edo Duero, en el<br \/>\nNorte, y el r\u00edo Paiva, en el Sur. Con un relieve escarpado pr\u00e1cticamente en todo el lado, la sierra es poblada hasta cerca de 1.100 metros de altitud y las aldeas se encuentran distribuidas por toda la sierra, pero casi siempre cerca de cursos de agua, como el r\u00edo Bestan\u00e7a, que la divide en la direcci\u00f3n sur-norte.<\/p>\n<p>Sitio de Importancia Comunitaria (SIC) de la Red Natura 2000, la sierra de Montemuro posee una biodiversidad de gran importancia, resultado del buen estado de conservaci\u00f3n de sus h\u00e1bitats (algunos de considerable valor conservaci\u00f3n como es el caso de las turberas) y de la amplia comunidad de vertebrados, de la que hacen parte innumerables especies con estatuto de amenaza como, por ejemplo, o lobo ib\u00e9rico (Canis lupus). En la Sierra de Montemuro nacen los r\u00edos Ardena, Balsem\u00e3o, Cabrum, Bestan\u00e7a y Ribeiro de Corvo.<\/p>\n<p><strong>Caracter\u00edsticas:<\/strong><\/p>\n<ul>\n<li><b>\u00c1rea total:<\/b> 38.763ha;<\/li>\n<li><b>\u00c1rea clasificada en el territorio:<\/b> 26.697ha (69%);<\/li>\n<li><b>Municipalidades cubiertas:<\/b> Castro Daire, Cinf\u00e3es e Arouca.<\/li>\n<\/ul>\n<p><b>Fauna prioritaria:<\/b><\/p>\n<p>Lobo ib\u00e9rico e quadripunctaria.<\/p>\n<p><b>Fauna protegida:<\/b><\/p>\n<p>Lagarto verdinegro; salamandra rabilarga; desm\u00e1n ib\u00e9rico; nutria; doncella de ondas; ciervo volante; boga del Duero; calandino; sapo partero com\u00fan; sapillo pintojo ib\u00e9rico; ranita de San Antonio; rana patilarga; rana com\u00fan; trit\u00f3n jaspeado; esliz\u00f3n ib\u00e9rico; culebra lisa europea; jineta o gato almizclero; tur\u00f3n.<\/p>\n<p><b>Flora protegida:<\/b><\/p>\n<p>Ver\u00f3nicas; arnica; campanillas; narciso; rusco; polio, scilla beirana; festuca elegans; narcissus asturiensis; anarrhinum longipedicellatum; turberas rebollo.<\/p>\n<p><b>H\u00e1bitats prioritarios:<\/b><\/p>\n<p>Charcos temporales mediterr\u00e1neos; formaciones herbosas de Nardus, ricas en especies, en substratos sil\u00edceos de zonas monta\u00f1osas; brezales h\u00famedos atl\u00e1nticos templados de Erica ciliaris y Erica tetralix; bosques aluviales de Alnus glutinosa y Fraxinus excelsior.[\/vc_column_text][\/vc_column_inner][\/vc_row_inner][\/vc_column][\/vc_row]<\/p>\n","protected":false},"excerpt":{"rendered":"<p>[vc_row][vc_column][vc_row_inner][vc_column_inner][vc_column_text]Con 1.381 metros de altitud m\u00e1xima, alcanzados en el Pico del Talegre, la sierra de Montemuro es la octava mayor elevaci\u00f3n de Portugal Continental, ubic\u00e1ndose entre el r\u00edo Duero, en el Norte, y el r\u00edo Paiva, en el Sur. Con un relieve escarpado pr\u00e1cticamente en todo el lado, la sierra es poblada hasta cerca de [&hellip;]<\/p>\n","protected":false},"author":1,"featured_media":1474,"parent":17286,"menu_order":134,"comment_status":"closed","ping_status":"closed","template":"page-general.php","meta":{"footnotes":""},"class_list":["post-17291","page","type-page","status-publish","has-post-thumbnail","hentry"],"_links":{"self":[{"href":"https:\/\/montanhasmagicas.pt\/es\/wp-json\/wp\/v2\/pages\/17291","targetHints":{"allow":["GET"]}}],"collection":[{"href":"https:\/\/montanhasmagicas.pt\/es\/wp-json\/wp\/v2\/pages"}],"about":[{"href":"https:\/\/montanhasmagicas.pt\/es\/wp-json\/wp\/v2\/types\/page"}],"author":[{"embeddable":true,"href":"https:\/\/montanhasmagicas.pt\/es\/wp-json\/wp\/v2\/users\/1"}],"replies":[{"embeddable":true,"href":"https:\/\/montanhasmagicas.pt\/es\/wp-json\/wp\/v2\/comments?post=17291"}],"version-history":[{"count":0,"href":"https:\/\/montanhasmagicas.pt\/es\/wp-json\/wp\/v2\/pages\/17291\/revisions"}],"up":[{"embeddable":true,"href":"https:\/\/montanhasmagicas.pt\/es\/wp-json\/wp\/v2\/pages\/17286"}],"wp:featuredmedia":[{"embeddable":true,"href":"https:\/\/montanhasmagicas.pt\/es\/wp-json\/wp\/v2\/media\/1474"}],"wp:attachment":[{"href":"https:\/\/montanhasmagicas.pt\/es\/wp-json\/wp\/v2\/media?parent=17291"}],"curies":[{"name":"wp","href":"https:\/\/api.w.org\/{rel}","templated":true}]}}