{"id":17286,"date":"2024-02-22T18:39:50","date_gmt":"2024-02-22T18:39:50","guid":{"rendered":"https:\/\/montanhasmagicas.pt\/?page_id=17286"},"modified":"2024-02-22T20:28:48","modified_gmt":"2024-02-22T20:28:48","slug":"areas-clasificadas","status":"publish","type":"page","link":"https:\/\/montanhasmagicas.pt\/es\/montanhas-magicas\/areas-clasificadas\/","title":{"rendered":"Areas Clasificadas"},"content":{"rendered":"<p>[vc_row vc_row_background=\u00bb\u00bb][vc_column][vc_row_inner el_class=\u00bbbreak-space-15&#8243;][vc_column_inner][vc_column_text]<\/p>\n<h3 style=\"text-align: center;\">Las Montanhas M\u00e1gicas\u00ae incluyen cuatro Sitios de Importancia Comunitaria de la Red Natura 2000: Sierra de Montemuro, sierras de Freita y Arada, r\u00edo Paiva y r\u00edo Vouga.<\/h3>\n<p style=\"text-align: center;\">La Red Natura 2000 es una red ecol\u00f3gica para el espacio Comunitario de la Uni\u00f3n Europea que tiene como finalidad asegurar la conservaci\u00f3n, a largo plazo, de las especies y de los h\u00e1bitats m\u00e1s amenazados de Europa, contribuyendo para poner un fin a la p\u00e9rdida de biodiversidad. Constituye el principal medio para la conservaci\u00f3n de la naturaleza en la Uni\u00f3n Europea.<\/p>\n<p style=\"text-align: center;\">Abarcan tambi\u00e9n un Geoparque, el\u00a0<a href=\"http:\/\/aroucageopark.pt\/\" target=\"_blank\" rel=\"noopener\">Arouca Geopark<\/a>, perteneciente a la Red Europea y Global de Geoparques de la UNESCO, desde 2009, reconocido por su excepcional patrimonio geol\u00f3gico, de relevancia internacional.<\/p>\n<p style=\"text-align: center;\">Estos espacios, de alto valor medioambiental, ecol\u00f3gico y geol\u00f3gico, son responsables por una oferta tur\u00edstica de excelencia, especialmente en lo que se refiere al turismo de naturaleza, al ecoturismo, al geoturismo y al turismo cient\u00edfico.<\/p>\n<p style=\"text-align: center;\">Es tambi\u00e9n gracias a la existencia de estos espacios clasificados y al trabajo que se ha desarrollado por los agentes locales, que el territorio ha sido certificado como destino tur\u00edstico sostenible, al abrigo de la Carta Europea de Turismo Sostenible en \u00e1reas protegidas y clasificadas, desde 2013.<\/p>\n<p>[\/vc_column_text][\/vc_column_inner][\/vc_row_inner][\/vc_column][\/vc_row][vc_row full_width=\u00bbstretch_row_content\u00bb vc_row_background=\u00bb\u00bb][vc_column][vc_row_inner][vc_column_inner offset=\u00bbvc_col-lg-6 vc_col-md-12 vc_col-xs-12&#8243;]\n\t<div class=\"mm-dashboard-item\">\n\t\t<div class=\"wrapper\">\n\t\t\t<a href=\"https:\/\/montanhasmagicas.pt\/es\/montanhas-magicas\/areas-clasificadas\/sierra-de-montemuro\/\"   >            \n\t\t\t\t<div class=\"header\">\n\t\t\t\t\t<h2 class=\"name\">Sierra de Montemuro<\/h2>\n\t\t\t\t\t<div class=\"fa-wrapper\">\n\t\t\t\t\t\t<i class=\"fa fa-arrow-right\"><\/i>\n\t\t\t\t\t<\/div>\t\n\t\t\t\t<\/div>\n\t\t\t\t<div class=\"bg-box\">\n\t\t\t\t\t<div class=\"img\" style=\"background-image: url(https:\/\/montanhasmagicas.pt\/wp-content\/uploads\/2021\/11\/capa-serra-do-montemuro.jpg);\"><\/div>\n\t\t\t\t<\/div>\n\t\t\t<\/a>\n\t\t<\/div> \n\t<\/div>\n\n[\/vc_column_inner][vc_column_inner offset=\u00bbvc_col-lg-3 vc_col-md-12 vc_col-xs-12&#8243;]\n\t<div class=\"mm-dashboard-item\">\n\t\t<div class=\"wrapper\">\n\t\t\t<a href=\"https:\/\/montanhasmagicas.pt\/es\/montanhas-magicas\/areas-clasificadas\/sierras-de-freita-y-arada\/\"   >            \n\t\t\t\t<div class=\"header\">\n\t\t\t\t\t<h2 class=\"name\">Sierras de Freita y Arada<\/h2>\n\t\t\t\t\t<div class=\"fa-wrapper\">\n\t\t\t\t\t\t<i class=\"fa fa-arrow-right\"><\/i>\n\t\t\t\t\t<\/div>\t\n\t\t\t\t<\/div>\n\t\t\t\t<div class=\"bg-box\">\n\t\t\t\t\t<div class=\"img\" style=\"background-image: url(https:\/\/montanhasmagicas.pt\/wp-content\/uploads\/2021\/11\/capa-areas-classificadas.jpg);\"><\/div>\n\t\t\t\t<\/div>\n\t\t\t<\/a>\n\t\t<\/div> \n\t<\/div>\n\n[\/vc_column_inner][vc_column_inner offset=\u00bbvc_col-lg-3 vc_col-md-12 vc_col-xs-12&#8243;]\n\t<div class=\"mm-dashboard-item\">\n\t\t<div class=\"wrapper\">\n\t\t\t<a href=\"https:\/\/montanhasmagicas.pt\/es\/montanhas-magicas\/areas-clasificadas\/rio-paiva\/\"   >            \n\t\t\t\t<div class=\"header\">\n\t\t\t\t\t<h2 class=\"name\">R\u00edo Paiva<\/h2>\n\t\t\t\t\t<div class=\"fa-wrapper\">\n\t\t\t\t\t\t<i class=\"fa fa-arrow-right\"><\/i>\n\t\t\t\t\t<\/div>\t\n\t\t\t\t<\/div>\n\t\t\t\t<div class=\"bg-box\">\n\t\t\t\t\t<div class=\"img\" style=\"background-image: url(https:\/\/montanhasmagicas.pt\/wp-content\/uploads\/2021\/11\/capa-rio-paiva-1.jpg);\"><\/div>\n\t\t\t\t<\/div>\n\t\t\t<\/a>\n\t\t<\/div> \n\t<\/div>\n\n[\/vc_column_inner][\/vc_row_inner][vc_row_inner][vc_column_inner width=\u00bb1\/2&#8243; offset=\u00bbvc_col-lg-6 vc_col-md-6 vc_col-xs-12&#8243;]\n\t<div class=\"mm-dashboard-item\">\n\t\t<div class=\"wrapper\">\n\t\t\t<a href=\"https:\/\/montanhasmagicas.pt\/es\/montanhas-magicas\/areas-clasificadas\/rio-vouga\/\"   >            \n\t\t\t\t<div class=\"header\">\n\t\t\t\t\t<h2 class=\"name\">R\u00edo Vouga<\/h2>\n\t\t\t\t\t<div class=\"fa-wrapper\">\n\t\t\t\t\t\t<i class=\"fa fa-arrow-right\"><\/i>\n\t\t\t\t\t<\/div>\t\n\t\t\t\t<\/div>\n\t\t\t\t<div class=\"bg-box\">\n\t\t\t\t\t<div class=\"img\" style=\"background-image: url(https:\/\/montanhasmagicas.pt\/wp-content\/uploads\/2021\/11\/capa-rio-vouga.jpg);\"><\/div>\n\t\t\t\t<\/div>\n\t\t\t<\/a>\n\t\t<\/div> \n\t<\/div>\n\n[\/vc_column_inner][vc_column_inner width=\u00bb1\/2&#8243; offset=\u00bbvc_col-lg-6 vc_col-md-6 vc_col-xs-12&#8243;]\n\t<div class=\"mm-dashboard-item\">\n\t\t<div class=\"wrapper\">\n\t\t\t<a href=\"https:\/\/montanhasmagicas.pt\/es\/montanhas-magicas\/areas-clasificadas\/arouca-geopark\/\"   >            \n\t\t\t\t<div class=\"header\">\n\t\t\t\t\t<h2 class=\"name\">Arouca Geopark<\/h2>\n\t\t\t\t\t<div class=\"fa-wrapper\">\n\t\t\t\t\t\t<i class=\"fa fa-arrow-right\"><\/i>\n\t\t\t\t\t<\/div>\t\n\t\t\t\t<\/div>\n\t\t\t\t<div class=\"bg-box\">\n\t\t\t\t\t<div class=\"img\" style=\"background-image: url(https:\/\/montanhasmagicas.pt\/wp-content\/uploads\/2021\/11\/capa-arouca-geopark-1.jpg);\"><\/div>\n\t\t\t\t<\/div>\n\t\t\t<\/a>\n\t\t<\/div> \n\t<\/div>\n\n[\/vc_column_inner][\/vc_row_inner][\/vc_column][\/vc_row]<\/p>\n","protected":false},"excerpt":{"rendered":"<p>[vc_row vc_row_background=\u00bb\u00bb][vc_column][vc_row_inner el_class=\u00bbbreak-space-15&#8243;][vc_column_inner][vc_column_text] Las Montanhas M\u00e1gicas\u00ae incluyen cuatro Sitios de Importancia Comunitaria de la Red Natura 2000: Sierra de Montemuro, sierras de Freita y Arada, r\u00edo Paiva y r\u00edo Vouga. La Red Natura 2000 es una red ecol\u00f3gica para el espacio Comunitario de la Uni\u00f3n Europea que tiene como finalidad asegurar la conservaci\u00f3n, a largo [&hellip;]<\/p>\n","protected":false},"author":1,"featured_media":1401,"parent":16386,"menu_order":135,"comment_status":"closed","ping_status":"closed","template":"page-general.php","meta":{"footnotes":""},"class_list":["post-17286","page","type-page","status-publish","has-post-thumbnail","hentry"],"_links":{"self":[{"href":"https:\/\/montanhasmagicas.pt\/es\/wp-json\/wp\/v2\/pages\/17286","targetHints":{"allow":["GET"]}}],"collection":[{"href":"https:\/\/montanhasmagicas.pt\/es\/wp-json\/wp\/v2\/pages"}],"about":[{"href":"https:\/\/montanhasmagicas.pt\/es\/wp-json\/wp\/v2\/types\/page"}],"author":[{"embeddable":true,"href":"https:\/\/montanhasmagicas.pt\/es\/wp-json\/wp\/v2\/users\/1"}],"replies":[{"embeddable":true,"href":"https:\/\/montanhasmagicas.pt\/es\/wp-json\/wp\/v2\/comments?post=17286"}],"version-history":[{"count":0,"href":"https:\/\/montanhasmagicas.pt\/es\/wp-json\/wp\/v2\/pages\/17286\/revisions"}],"up":[{"embeddable":true,"href":"https:\/\/montanhasmagicas.pt\/es\/wp-json\/wp\/v2\/pages\/16386"}],"wp:featuredmedia":[{"embeddable":true,"href":"https:\/\/montanhasmagicas.pt\/es\/wp-json\/wp\/v2\/media\/1401"}],"wp:attachment":[{"href":"https:\/\/montanhasmagicas.pt\/es\/wp-json\/wp\/v2\/media?parent=17286"}],"curies":[{"name":"wp","href":"https:\/\/api.w.org\/{rel}","templated":true}]}}