{"id":17241,"date":"2024-02-22T10:50:20","date_gmt":"2024-02-22T10:50:20","guid":{"rendered":"https:\/\/montanhasmagicas.pt\/?page_id=17241"},"modified":"2024-02-22T10:50:20","modified_gmt":"2024-02-22T10:50:20","slug":"las-montanas-y-valles","status":"publish","type":"page","link":"https:\/\/montanhasmagicas.pt\/es\/montanhas-magicas\/geografia-y-geologia\/las-montanas-y-valles\/","title":{"rendered":"Las Monta\u00f1as y Valles"},"content":{"rendered":"<p>[vc_row][vc_column][vc_row_inner][vc_column_inner][vc_column_text]<\/p>\n<h2>\u00a1Son las monta\u00f1as que nos definen como destino tur\u00edstico. Conozca las caracter\u00edsticas del relieve en el origen de las Montanhas M\u00e1gicas!<\/h2>\n<p>El relieve del territorio es predominantemente monta\u00f1oso, constituido por dos grandes macizos: el macizo de la Gralheira, en el cual se incluyen las sierras de Freita, Arada y Arestal; y el macizo de Montemuro, dominado por la sierra de Montemuro, la octava mayor elevaci\u00f3n de Portugal Continental y la tercera mayor al sur del r\u00edo Duero. <\/p>\n<p>Morfol\u00f3gicamente, esta \u00e1rea est\u00e1 situada en el sector centro-norte del terreno monta\u00f1oso llamado de Monta\u00f1as Occidentales del Centro-Norte de Portugal (sierra de Montemuro y Macizo de la Gralheira), y al sur, la Sierra de Caramulo. La altitud media es de 600 metros, y llega a los 1.381 metros en la sierra de Montemuro (Pico del Talegre) y a los 20 metros en los valles de los r\u00edos Duero y Vouga. <\/p>\n<p>Dominado por una extensa mancha natural, posee zonas de alta densidad forestal, que contrastan con algunas tierras altas y la formaci\u00f3n de numerosos valles de baja altitud, entre los cuales se destacan, por su dimensi\u00f3n e importancia, los valles del Duero, Vouga, Paiva y Bestan\u00e7a.[\/vc_column_text][\/vc_column_inner][\/vc_row_inner][\/vc_column][\/vc_row][vc_row][vc_column]\n\t\t\t\t<div class=\"gallery-img-video\">\n\t\t\t\t<h4 class=\"title\">Galer\u00eda<\/h4>\n\t\t\t\t\t\t\t\t\t<div class=\"gallery-tabs-btn\">\n\t\t\t\t\t\t<div id=\"img-tab-6a008577665c3\" class=\"btn-tab active\">Im\u00e1genes<\/div>\n\t\t\t\t\t\t<div id=\"video-tab-6a008577665c3\" class=\"btn-tab\">Videos<\/div>\n\t\t\t\t\t<\/div>\n\t\t\t\t\t\t\t\t<div class=\"gallery-wrapper\">\n\t\t\t\t\t\t\t\t\t\t\t<div id=\"img-gallery-tab-6a008577665c3\" class=\"gallery-tab active\">\n\t\t\t\t\t\t\t<div class=\"lightbox-gallery lightbox-gallery-6a008577665c3 gallery-wrapper col-3\">\n\t\t\t\t\t\t\t\t\t\t\t\t\t\t\t\t\t<a href=\"https:\/\/montanhasmagicas.pt\/wp-content\/uploads\/2022\/03\/natureza-das-montanhas-magicas-2-1024x682.jpg\">\n\t\t\t\t\t\t\t\t\t\t<div class=\"wrapper\">\n\t\t\t\t\t\t\t\t\t\t\t<img decoding=\"async\" src=\"https:\/\/montanhasmagicas.pt\/wp-content\/uploads\/2022\/03\/natureza-das-montanhas-magicas-2-1024x682.jpg\" title=\"\" alt=\"Natureza das Montanhas M\u00e1gicas\">\n\t\t\t\t\t\t\t\t\t\t<\/div>\n\t\t\t\t\t\t\t\t\t<\/a>\n\t\t\t\t\t\t\t\t\t\t\t\t\t\t\t\t\t<a href=\"https:\/\/montanhasmagicas.pt\/wp-content\/uploads\/2022\/03\/natureza-das-montanhas-magicas-1024x682.jpg\">\n\t\t\t\t\t\t\t\t\t\t<div class=\"wrapper\">\n\t\t\t\t\t\t\t\t\t\t\t<img decoding=\"async\" src=\"https:\/\/montanhasmagicas.pt\/wp-content\/uploads\/2022\/03\/natureza-das-montanhas-magicas-1024x682.jpg\" title=\"\" alt=\"Natureza das Montanhas M\u00e1gicas\">\n\t\t\t\t\t\t\t\t\t\t<\/div>\n\t\t\t\t\t\t\t\t\t<\/a>\n\t\t\t\t\t\t\t\t\t\t\t\t\t\t\t\t\t<a href=\"https:\/\/montanhasmagicas.pt\/wp-content\/uploads\/2022\/03\/por-do-sol-marco-geodesico-1024x682.jpg\">\n\t\t\t\t\t\t\t\t\t\t<div class=\"wrapper\">\n\t\t\t\t\t\t\t\t\t\t\t<img decoding=\"async\" src=\"https:\/\/montanhasmagicas.pt\/wp-content\/uploads\/2022\/03\/por-do-sol-marco-geodesico-1024x682.jpg\" title=\"Por do Sol do Marco Geod\u00e9sico\" alt=\"Por do Sol do Marco Geod\u00e9sico\">\n\t\t\t\t\t\t\t\t\t\t<\/div>\n\t\t\t\t\t\t\t\t\t<\/a>\n\t\t\t\t\t\t\t\t\t\t\t\t\t\t\t\t\t<a href=\"https:\/\/montanhasmagicas.pt\/wp-content\/uploads\/2022\/03\/portal-do-nferno-1024x679.jpg\">\n\t\t\t\t\t\t\t\t\t\t<div class=\"wrapper\">\n\t\t\t\t\t\t\t\t\t\t\t<img decoding=\"async\" src=\"https:\/\/montanhasmagicas.pt\/wp-content\/uploads\/2022\/03\/portal-do-nferno-1024x679.jpg\" title=\"Portal do Inferno\" alt=\"Portal do Inferno\">\n\t\t\t\t\t\t\t\t\t\t<\/div>\n\t\t\t\t\t\t\t\t\t<\/a>\n\t\t\t\t\t\t\t\t\t\t\t\t\t\t\t\t\t<a href=\"https:\/\/montanhasmagicas.pt\/wp-content\/uploads\/2022\/03\/serra-arada-1024x611.jpg\">\n\t\t\t\t\t\t\t\t\t\t<div class=\"wrapper\">\n\t\t\t\t\t\t\t\t\t\t\t<img decoding=\"async\" src=\"https:\/\/montanhasmagicas.pt\/wp-content\/uploads\/2022\/03\/serra-arada-1024x611.jpg\" title=\"Serra da Arada\" alt=\"Serra da Arada\">\n\t\t\t\t\t\t\t\t\t\t<\/div>\n\t\t\t\t\t\t\t\t\t<\/a>\n\t\t\t\t\t\t\t\t\t\t\t\t\t\t\t\t\t<a href=\"https:\/\/montanhasmagicas.pt\/wp-content\/uploads\/2022\/03\/serra-da-freita-nevao-2-1024x682.jpg\">\n\t\t\t\t\t\t\t\t\t\t<div class=\"wrapper\">\n\t\t\t\t\t\t\t\t\t\t\t<img decoding=\"async\" src=\"https:\/\/montanhasmagicas.pt\/wp-content\/uploads\/2022\/03\/serra-da-freita-nevao-2-1024x682.jpg\" title=\"Serra da Freita\" alt=\"Serra da Freita \u2013 Nev\u00e3o\">\n\t\t\t\t\t\t\t\t\t\t<\/div>\n\t\t\t\t\t\t\t\t\t<\/a>\n\t\t\t\t\t\t\t\t\t\t\t\t\t\t\t\t\t<a href=\"https:\/\/montanhasmagicas.pt\/wp-content\/uploads\/2022\/03\/serra-da-freita-nevao-1024x682.jpg\">\n\t\t\t\t\t\t\t\t\t\t<div class=\"wrapper\">\n\t\t\t\t\t\t\t\t\t\t\t<img decoding=\"async\" src=\"https:\/\/montanhasmagicas.pt\/wp-content\/uploads\/2022\/03\/serra-da-freita-nevao-1024x682.jpg\" title=\"Serra da Freita\" alt=\"Serra da Freita \u2013 Nev\u00e3o\">\n\t\t\t\t\t\t\t\t\t\t<\/div>\n\t\t\t\t\t\t\t\t\t<\/a>\n\t\t\t\t\t\t\t\t\t\t\t\t\t\t\t<\/div>\n\t\t\t\t\t\t<\/div>\n\t\t\t\t\t\t\t\t\t\t\t\t\t\t\t\t<div id=\"video-gallery-tab-6a008577665c3\" style=\"display:none\">\n                        <div class=\"swiper swiper-video-gallery\u20136a008577665c3\">\n                            <div class=\"swiper-wrapper\">\n                                                                                                            <div class=\"swiper-slide\">\n                                            <iframe loading=\"lazy\" id=\"player1\" width=\"100%\" height=\"100%\" src=\"https:\/\/www.youtube.com\/embed\/p4fxmBBVAUc?enablejsapi=1&html5=1&rel=0\" frameborder=\"0\" allowfullscreen iframe-video><\/iframe>\n                                        <\/div>\n                                                                                                <\/div>\n                            <div class=\"button-next\" video-buttons><\/div>\n                            <div class=\"button-prev\" video-buttons><\/div>\n                        <\/div>\n                    <\/div>\n\t\t\t\t\t\t\t\t\t<\/div>\n\t\t\t<\/div>\n\t\t\t\t<script type=\"text\/javascript\">\n            jQuery(document).ready(function($) {\n\t\t\t\tvar lightbox = new SimpleLightbox('.lightbox-gallery-6a008577665c3 a', { \/* options *\/ });\n\n                                    \/\/ Tabs Gallery\n                    $(\"#img-tab-6a008577665c3\").click(function() {\n                        $(\"#video-tab-6a008577665c3\").removeClass(\"active\");\n                        $(this).addClass(\"active\");\n                        $(\"#video-gallery-tab-6a008577665c3\").hide();\n                        $(\"#img-gallery-tab-6a008577665c3\").fadeIn();\n                    });\n                    \n                    $(\"#video-tab-6a008577665c3\").click(function() {\n                        $(\"#img-tab-6a008577665c3\").removeClass(\"active\");\n                        $(this).addClass(\"active\");\n                        $(\"#img-gallery-tab-6a008577665c3\").hide();\n                        $(\"#video-gallery-tab-6a008577665c3\").fadeIn();\n                    });\n                \n\t\t\t\t\t\t\t\t\t                    \/\/ Video swiper\n                    var swiper = new Swiper(\".swiper-video-gallery\u20136a008577665c3\", {\n                        navigation: {\n                            nextEl: \".button-next\",\n                            prevEl: \".button-prev\",\n                        },\n                        on: {\n                            slideChange: pauseVideo,\n                        }\n                    });\n\n\t\t\t\t\tvar tag = document.createElement('script');\n\t\t\t\t\ttag.src = \"https:\/\/www.youtube.com\/iframe_api\";\n\t\t\t\t\tvar firstScriptTag = document.getElementsByTagName('script')[0];\n\t\t\t\t\tfirstScriptTag.parentNode.insertBefore(tag, firstScriptTag);\n\n\t\t\t\t\tfunction pauseVideo(el) {\n\t\t\t\t\t\t$('.swiper-slide').each(function () {\n\t\t\t\t\t\t\tvar youtubePlayer = $(this).find('iframe').get(0);\n\t\t\t\t\t\t\tif (youtubePlayer) {\n\t\t\t\t\t\t\t\tyoutubePlayer.contentWindow.postMessage('{\"event\":\"command\",\"func\":\"pauseVideo\",\"args\":\"\"}', '*');\n\t\t\t\t\t\t\t}\n\t\t\t\t\t\t});\n\t\t\t\t\t}\n                \n\t\t\t});\n\t\t<\/script>\n\t[\/vc_column][\/vc_row]<\/p>\n","protected":false},"excerpt":{"rendered":"<p>[vc_row][vc_column][vc_row_inner][vc_column_inner][vc_column_text] \u00a1Son las monta\u00f1as que nos definen como destino tur\u00edstico. Conozca las caracter\u00edsticas del relieve en el origen de las Montanhas M\u00e1gicas! El relieve del territorio es predominantemente monta\u00f1oso, constituido por dos grandes macizos: el macizo de la Gralheira, en el cual se incluyen las sierras de Freita, Arada y Arestal; y el macizo de [&hellip;]<\/p>\n","protected":false},"author":1,"featured_media":1458,"parent":17236,"menu_order":138,"comment_status":"closed","ping_status":"closed","template":"page-general.php","meta":{"footnotes":""},"class_list":["post-17241","page","type-page","status-publish","has-post-thumbnail","hentry"],"_links":{"self":[{"href":"https:\/\/montanhasmagicas.pt\/es\/wp-json\/wp\/v2\/pages\/17241","targetHints":{"allow":["GET"]}}],"collection":[{"href":"https:\/\/montanhasmagicas.pt\/es\/wp-json\/wp\/v2\/pages"}],"about":[{"href":"https:\/\/montanhasmagicas.pt\/es\/wp-json\/wp\/v2\/types\/page"}],"author":[{"embeddable":true,"href":"https:\/\/montanhasmagicas.pt\/es\/wp-json\/wp\/v2\/users\/1"}],"replies":[{"embeddable":true,"href":"https:\/\/montanhasmagicas.pt\/es\/wp-json\/wp\/v2\/comments?post=17241"}],"version-history":[{"count":0,"href":"https:\/\/montanhasmagicas.pt\/es\/wp-json\/wp\/v2\/pages\/17241\/revisions"}],"up":[{"embeddable":true,"href":"https:\/\/montanhasmagicas.pt\/es\/wp-json\/wp\/v2\/pages\/17236"}],"wp:featuredmedia":[{"embeddable":true,"href":"https:\/\/montanhasmagicas.pt\/es\/wp-json\/wp\/v2\/media\/1458"}],"wp:attachment":[{"href":"https:\/\/montanhasmagicas.pt\/es\/wp-json\/wp\/v2\/media?parent=17241"}],"curies":[{"name":"wp","href":"https:\/\/api.w.org\/{rel}","templated":true}]}}