{"id":17236,"date":"2024-02-22T10:45:11","date_gmt":"2024-02-22T10:45:11","guid":{"rendered":"https:\/\/montanhasmagicas.pt\/?page_id=17236"},"modified":"2024-02-22T11:08:42","modified_gmt":"2024-02-22T11:08:42","slug":"geografia-y-geologia","status":"publish","type":"page","link":"https:\/\/montanhasmagicas.pt\/es\/montanhas-magicas\/geografia-y-geologia\/","title":{"rendered":"Geograf\u00eda y Geolog\u00eda"},"content":{"rendered":"<p>[vc_row vc_row_background=\u00bb\u00bb][vc_column][vc_row_inner][vc_column_inner][vc_column_text]<\/p>\n<h2 style=\"text-align: center;\">Explore nuestras sierras, r\u00edos y valles<\/h2>\n<p style=\"text-align: center;\">\u00a1Sorpr\u00e9ndase con la diversidad de paisajes y las caracter\u00edsticas geol\u00f3gicas de nuestras monta\u00f1as, r\u00edos y valles!<\/p>\n<p>[\/vc_column_text][\/vc_column_inner][\/vc_row_inner][\/vc_column][\/vc_row][vc_row full_width=\u00bbstretch_row_content\u00bb vc_row_background=\u00bb\u00bb][vc_column][vc_row_inner][vc_column_inner offset=\u00bbvc_col-lg-4 vc_col-md-6 vc_col-xs-12&#8243;]\n\t<div class=\"mm-dashboard-item\">\n\t\t<div class=\"wrapper\">\n\t\t\t<a href=\"https:\/\/montanhasmagicas.pt\/es\/montanhas-magicas\/geografia-y-geologia\/las-montanas-y-valles\/\"   >            \n\t\t\t\t<div class=\"header\">\n\t\t\t\t\t<h2 class=\"name\">Las Monta\u00f1as y Valles<\/h2>\n\t\t\t\t\t<div class=\"fa-wrapper\">\n\t\t\t\t\t\t<i class=\"fa fa-arrow-right\"><\/i>\n\t\t\t\t\t<\/div>\t\n\t\t\t\t<\/div>\n\t\t\t\t<div class=\"bg-box\">\n\t\t\t\t\t<div class=\"img\" style=\"background-image: url(https:\/\/montanhasmagicas.pt\/wp-content\/uploads\/2021\/11\/capa-as-montanhas-e-os-vales.jpg);\"><\/div>\n\t\t\t\t<\/div>\n\t\t\t<\/a>\n\t\t<\/div> \n\t<\/div>\n\n[\/vc_column_inner][vc_column_inner offset=\u00bbvc_col-lg-4 vc_col-md-6 vc_col-xs-12&#8243;]\n\t<div class=\"mm-dashboard-item\">\n\t\t<div class=\"wrapper\">\n\t\t\t<a href=\"https:\/\/montanhasmagicas.pt\/es\/montanhas-magicas\/geografia-y-geologia\/los-rios\/\"   >            \n\t\t\t\t<div class=\"header\">\n\t\t\t\t\t<h2 class=\"name\">Los R\u00edos<\/h2>\n\t\t\t\t\t<div class=\"fa-wrapper\">\n\t\t\t\t\t\t<i class=\"fa fa-arrow-right\"><\/i>\n\t\t\t\t\t<\/div>\t\n\t\t\t\t<\/div>\n\t\t\t\t<div class=\"bg-box\">\n\t\t\t\t\t<div class=\"img\" style=\"background-image: url(https:\/\/montanhasmagicas.pt\/wp-content\/uploads\/2021\/11\/capa-os-rios.jpg);\"><\/div>\n\t\t\t\t<\/div>\n\t\t\t<\/a>\n\t\t<\/div> \n\t<\/div>\n\n[\/vc_column_inner][vc_column_inner offset=\u00bbvc_col-lg-4 vc_col-md-12 vc_col-xs-12&#8243;]\n\t<div class=\"mm-dashboard-item\">\n\t\t<div class=\"wrapper\">\n\t\t\t<a href=\"https:\/\/montanhasmagicas.pt\/es\/montanhas-magicas\/geografia-y-geologia\/la-geologia\/\"   >            \n\t\t\t\t<div class=\"header\">\n\t\t\t\t\t<h2 class=\"name\">La Geolog\u00eda<\/h2>\n\t\t\t\t\t<div class=\"fa-wrapper\">\n\t\t\t\t\t\t<i class=\"fa fa-arrow-right\"><\/i>\n\t\t\t\t\t<\/div>\t\n\t\t\t\t<\/div>\n\t\t\t\t<div class=\"bg-box\">\n\t\t\t\t\t<div class=\"img\" style=\"background-image: url(https:\/\/montanhasmagicas.pt\/wp-content\/uploads\/2021\/11\/capa-a-geologia.jpg);\"><\/div>\n\t\t\t\t<\/div>\n\t\t\t<\/a>\n\t\t<\/div> \n\t<\/div>\n\n[\/vc_column_inner][\/vc_row_inner][\/vc_column][\/vc_row]<\/p>\n","protected":false},"excerpt":{"rendered":"<p>[vc_row vc_row_background=\u00bb\u00bb][vc_column][vc_row_inner][vc_column_inner][vc_column_text] Explore nuestras sierras, r\u00edos y valles \u00a1Sorpr\u00e9ndase con la diversidad de paisajes y las caracter\u00edsticas geol\u00f3gicas de nuestras monta\u00f1as, r\u00edos y valles! [\/vc_column_text][\/vc_column_inner][\/vc_row_inner][\/vc_column][\/vc_row][vc_row full_width=\u00bbstretch_row_content\u00bb vc_row_background=\u00bb\u00bb][vc_column][vc_row_inner][vc_column_inner offset=\u00bbvc_col-lg-4 vc_col-md-6 vc_col-xs-12&#8243;][\/vc_column_inner][vc_column_inner offset=\u00bbvc_col-lg-4 vc_col-md-6 vc_col-xs-12&#8243;][\/vc_column_inner][vc_column_inner offset=\u00bbvc_col-lg-4 vc_col-md-12 vc_col-xs-12&#8243;][\/vc_column_inner][\/vc_row_inner][\/vc_column][\/vc_row]<\/p>\n","protected":false},"author":1,"featured_media":1376,"parent":16386,"menu_order":146,"comment_status":"closed","ping_status":"closed","template":"page-general.php","meta":{"footnotes":""},"class_list":["post-17236","page","type-page","status-publish","has-post-thumbnail","hentry"],"_links":{"self":[{"href":"https:\/\/montanhasmagicas.pt\/es\/wp-json\/wp\/v2\/pages\/17236","targetHints":{"allow":["GET"]}}],"collection":[{"href":"https:\/\/montanhasmagicas.pt\/es\/wp-json\/wp\/v2\/pages"}],"about":[{"href":"https:\/\/montanhasmagicas.pt\/es\/wp-json\/wp\/v2\/types\/page"}],"author":[{"embeddable":true,"href":"https:\/\/montanhasmagicas.pt\/es\/wp-json\/wp\/v2\/users\/1"}],"replies":[{"embeddable":true,"href":"https:\/\/montanhasmagicas.pt\/es\/wp-json\/wp\/v2\/comments?post=17236"}],"version-history":[{"count":0,"href":"https:\/\/montanhasmagicas.pt\/es\/wp-json\/wp\/v2\/pages\/17236\/revisions"}],"up":[{"embeddable":true,"href":"https:\/\/montanhasmagicas.pt\/es\/wp-json\/wp\/v2\/pages\/16386"}],"wp:featuredmedia":[{"embeddable":true,"href":"https:\/\/montanhasmagicas.pt\/es\/wp-json\/wp\/v2\/media\/1376"}],"wp:attachment":[{"href":"https:\/\/montanhasmagicas.pt\/es\/wp-json\/wp\/v2\/media?parent=17236"}],"curies":[{"name":"wp","href":"https:\/\/api.w.org\/{rel}","templated":true}]}}