{"id":17203,"date":"2024-02-21T18:43:52","date_gmt":"2024-02-21T18:43:52","guid":{"rendered":"https:\/\/montanhasmagicas.pt\/?page_id=17203"},"modified":"2024-02-21T18:43:52","modified_gmt":"2024-02-21T18:43:52","slug":"arte-contemporaneo","status":"publish","type":"page","link":"https:\/\/montanhasmagicas.pt\/es\/montanhas-magicas\/cultura\/arte-y-artesania\/arte-contemporaneo\/","title":{"rendered":"Arte Contempor\u00e1neo"},"content":{"rendered":"<p>[vc_row][vc_column][vc_row_inner][vc_column_inner][vc_column_text]<\/p>\n<h2>Disfrute de un estilo completamente libre de reglas, costumbres y tradiciones, basado \u00fanicamente en la conciencia, la originalidad, la creatividad y la libertad de expresi\u00f3n art\u00edstica del autor. Un estilo con diversos lenguajes y la constante experimentaci\u00f3n con nuevas t\u00e9cnicas.<\/h2>\n<p>Most authors argue that contemporary art corresponds to the artistic manifestations that emerged from the second half of the twentieth century, more concretely after the World War II.<\/p>\n<p>La mayor\u00eda de los autores sostiene que el arte contempor\u00e1neo corresponde a las manifestaciones art\u00edsticas que surgieron a partir de la segunda mitad del siglo XX, especialmente despu\u00e9s de la Segunda Guerra Mundial.<\/p>\n<p>En las Montanhas M\u00e1gicas existen numerosas expresiones de arte contempor\u00e1neo, visibles sobre todo en los espacios p\u00fablicos de las ciudades, sedes de los municipios.<\/p>\n<p>Entre las obras de arte contempor\u00e1neo que se pueden visitar en esta zona, hay un conjunto de esculturas de grandes dimensiones, hechos por varios escultores y que aluden a varios temas, distribuidos por la ciudad de Vale de Cambra. Estas esculturas han dado lugar a un recorrido tur\u00edstico, creado por la ciudad, denominado \u201cWalking Tour\u201d.<\/p>\n<p>Si le gustan las obras de arte, incluyendo el arte contempor\u00e1neo, descubra en esta secci\u00f3n lugares para visitar \u00a1en las Montanhas M\u00e1gicas![\/vc_column_text][\/vc_column_inner][\/vc_row_inner][\/vc_column][\/vc_row]<\/p>\n","protected":false},"excerpt":{"rendered":"<p>[vc_row][vc_column][vc_row_inner][vc_column_inner][vc_column_text] Disfrute de un estilo completamente libre de reglas, costumbres y tradiciones, basado \u00fanicamente en la conciencia, la originalidad, la creatividad y la libertad de expresi\u00f3n art\u00edstica del autor. Un estilo con diversos lenguajes y la constante experimentaci\u00f3n con nuevas t\u00e9cnicas. Most authors argue that contemporary art corresponds to the artistic manifestations that emerged from [&hellip;]<\/p>\n","protected":false},"author":1,"featured_media":11726,"parent":17170,"menu_order":14,"comment_status":"closed","ping_status":"closed","template":"page-general.php","meta":{"footnotes":""},"class_list":["post-17203","page","type-page","status-publish","has-post-thumbnail","hentry"],"_links":{"self":[{"href":"https:\/\/montanhasmagicas.pt\/es\/wp-json\/wp\/v2\/pages\/17203","targetHints":{"allow":["GET"]}}],"collection":[{"href":"https:\/\/montanhasmagicas.pt\/es\/wp-json\/wp\/v2\/pages"}],"about":[{"href":"https:\/\/montanhasmagicas.pt\/es\/wp-json\/wp\/v2\/types\/page"}],"author":[{"embeddable":true,"href":"https:\/\/montanhasmagicas.pt\/es\/wp-json\/wp\/v2\/users\/1"}],"replies":[{"embeddable":true,"href":"https:\/\/montanhasmagicas.pt\/es\/wp-json\/wp\/v2\/comments?post=17203"}],"version-history":[{"count":0,"href":"https:\/\/montanhasmagicas.pt\/es\/wp-json\/wp\/v2\/pages\/17203\/revisions"}],"up":[{"embeddable":true,"href":"https:\/\/montanhasmagicas.pt\/es\/wp-json\/wp\/v2\/pages\/17170"}],"wp:featuredmedia":[{"embeddable":true,"href":"https:\/\/montanhasmagicas.pt\/es\/wp-json\/wp\/v2\/media\/11726"}],"wp:attachment":[{"href":"https:\/\/montanhasmagicas.pt\/es\/wp-json\/wp\/v2\/media?parent=17203"}],"curies":[{"name":"wp","href":"https:\/\/api.w.org\/{rel}","templated":true}]}}