{"id":17193,"date":"2024-02-21T18:10:25","date_gmt":"2024-02-21T18:10:25","guid":{"rendered":"https:\/\/montanhasmagicas.pt\/?page_id=17193"},"modified":"2024-02-21T18:10:25","modified_gmt":"2024-02-21T18:10:25","slug":"tradiciones-populares","status":"publish","type":"page","link":"https:\/\/montanhasmagicas.pt\/es\/montanhas-magicas\/cultura\/tradiciones-populares\/","title":{"rendered":"Tradiciones Populares"},"content":{"rendered":"<p>[vc_row][vc_column][vc_row_inner][vc_column_inner][vc_column_text]<\/p>\n<h2>En las Montanhas M\u00e1gicas las tradiciones populares se manifiestan de muchas maneras diferentes, especialmente la m\u00fasica, la danza, canciones, proverbios, mitos y leyendas. \u00a1Le invitamos a explorar este patrimonio incre\u00edble e inagotable!<\/h2>\n<p>Constituyendo uno de los componentes m\u00e1s fuertes de la identidad cultural de la zona, las tradiciones populares son el tema para la realizaci\u00f3n de una serie de programas y actividades culturales y tur\u00edsticas.<\/p>\n<p>Es en fiestas, ferias y festivales que estas tradiciones se manifiestan en todo su esplendor, mostrando, adem\u00e1s de su amplio repertorio de canciones y bailes tradicionales, la riqueza de sus trajes festivos y de domingo o la humildad de los trajes de campo. Descubra bandas filarm\u00f3nicas y folcl\u00f3ricas y sus actuaciones emocionantes, \u00a1con recreaci\u00f3n de costumbres y tradiciones de anta\u00f1o!<\/p>\n<p><strong>Pero hay muchas otras experiencias que se pueden aprovechar cuando se trata de tradiciones populares::<\/strong><\/p>\n<ul>\n<li>Descubra los mitos y leyendas de la zona y visite los sitios asociados a ellas;<\/li>\n<li>Entre en los museos locales y explore sus colecciones etnogr\u00e1ficas;<\/li>\n<li>Participe en las actividades organizadas por las asociaciones culturales locales como las ferias como antiguamente, \u201cmagustos\u201d y el Carnaval;<\/li>\n<li>Participe en reuniones de coros, canto tradicional y polif\u00f3nico;<\/li>\n<li>Explore la literatura local asociada a la etnograf\u00eda (cancioneros, etc.)<\/li>\n<\/ul>\n<p>En esta secci\u00f3n le presentamos algunas actividades y experiencias \u00a1para descubrir nuestras tradiciones populares![\/vc_column_text][\/vc_column_inner][\/vc_row_inner][vc_row_inner][vc_column_inner]\n\t\t\t\t<div class=\"gallery-img-video\">\n\t\t\t\t<h4 class=\"title\">Galer\u00eda<\/h4>\n\t\t\t\t\t\t\t\t<div class=\"gallery-wrapper\">\n\t\t\t\t\t\t\t\t\t\t\t<div id=\"img-gallery-tab-69e62522ef18d\" class=\"gallery-tab active\">\n\t\t\t\t\t\t\t<div class=\"lightbox-gallery lightbox-gallery-69e62522ef18d gallery-wrapper col-3\">\n\t\t\t\t\t\t\t\t\t\t\t\t\t\t\t\t\t<a href=\"https:\/\/montanhasmagicas.pt\/wp-content\/uploads\/2022\/08\/lendas-tradicoes-populares-2-1024x576.jpg\">\n\t\t\t\t\t\t\t\t\t\t<div class=\"wrapper\">\n\t\t\t\t\t\t\t\t\t\t\t<img decoding=\"async\" src=\"https:\/\/montanhasmagicas.pt\/wp-content\/uploads\/2022\/08\/lendas-tradicoes-populares-2-1024x576.jpg\" title=\"Lendas e Tradi\u00e7\u00f5es Populares\" alt=\"Lendas e Tradi\u00e7\u00f5es Populares\">\n\t\t\t\t\t\t\t\t\t\t<\/div>\n\t\t\t\t\t\t\t\t\t<\/a>\n\t\t\t\t\t\t\t\t\t\t\t\t\t\t\t\t\t<a href=\"https:\/\/montanhasmagicas.pt\/wp-content\/uploads\/2022\/08\/lendas-tradicoes-populares-1-1024x576.jpg\">\n\t\t\t\t\t\t\t\t\t\t<div class=\"wrapper\">\n\t\t\t\t\t\t\t\t\t\t\t<img decoding=\"async\" src=\"https:\/\/montanhasmagicas.pt\/wp-content\/uploads\/2022\/08\/lendas-tradicoes-populares-1-1024x576.jpg\" title=\"Lendas e Tradi\u00e7\u00f5es Populares\" alt=\"Lendas e Tradi\u00e7\u00f5es Populares\">\n\t\t\t\t\t\t\t\t\t\t<\/div>\n\t\t\t\t\t\t\t\t\t<\/a>\n\t\t\t\t\t\t\t\t\t\t\t\t\t\t\t\t\t<a href=\"https:\/\/montanhasmagicas.pt\/wp-content\/uploads\/2021\/11\/capa-cultura-1024x576.jpg\">\n\t\t\t\t\t\t\t\t\t\t<div class=\"wrapper\">\n\t\t\t\t\t\t\t\t\t\t\t<img decoding=\"async\" src=\"https:\/\/montanhasmagicas.pt\/wp-content\/uploads\/2021\/11\/capa-cultura-1024x576.jpg\" title=\"Lendas e Tradi\u00e7\u00f5es Populares\" alt=\"Lendas e Tradi\u00e7\u00f5es Populares\">\n\t\t\t\t\t\t\t\t\t\t<\/div>\n\t\t\t\t\t\t\t\t\t<\/a>\n\t\t\t\t\t\t\t\t\t\t\t\t\t\t\t\t\t<a href=\"https:\/\/montanhasmagicas.pt\/wp-content\/uploads\/2021\/11\/capa-lendas-e-tradicoes-populares-1024x576.jpg\">\n\t\t\t\t\t\t\t\t\t\t<div class=\"wrapper\">\n\t\t\t\t\t\t\t\t\t\t\t<img decoding=\"async\" src=\"https:\/\/montanhasmagicas.pt\/wp-content\/uploads\/2021\/11\/capa-lendas-e-tradicoes-populares-1024x576.jpg\" title=\"Lendas e Tradi\u00e7\u00f5es Populares\" alt=\"Lendas e Tradi\u00e7\u00f5es Populares\">\n\t\t\t\t\t\t\t\t\t\t<\/div>\n\t\t\t\t\t\t\t\t\t<\/a>\n\t\t\t\t\t\t\t\t\t\t\t\t\t\t\t\t\t<a href=\"https:\/\/montanhasmagicas.pt\/wp-content\/uploads\/2021\/11\/capa-habitantes-1024x576.jpg\">\n\t\t\t\t\t\t\t\t\t\t<div class=\"wrapper\">\n\t\t\t\t\t\t\t\t\t\t\t<img decoding=\"async\" src=\"https:\/\/montanhasmagicas.pt\/wp-content\/uploads\/2021\/11\/capa-habitantes-1024x576.jpg\" title=\"Lendas e Tradi\u00e7\u00f5es Populares\" alt=\"Lendas e Tradi\u00e7\u00f5es Populares\">\n\t\t\t\t\t\t\t\t\t\t<\/div>\n\t\t\t\t\t\t\t\t\t<\/a>\n\t\t\t\t\t\t\t\t\t\t\t\t\t\t\t<\/div>\n\t\t\t\t\t\t<\/div>\n\t\t\t\t\t\t\t\t\t\t\t\t\t\t<\/div>\n\t\t\t<\/div>\n\t\t\t\t<script type=\"text\/javascript\">\n            jQuery(document).ready(function($) {\n\t\t\t\tvar lightbox = new SimpleLightbox('.lightbox-gallery-69e62522ef18d a', { \/* options *\/ });\n\n                \n\t\t\t\t\n\t\t\t});\n\t\t<\/script>\n\t[\/vc_column_inner][\/vc_row_inner][\/vc_column][\/vc_row]<\/p>\n","protected":false},"excerpt":{"rendered":"<p>[vc_row][vc_column][vc_row_inner][vc_column_inner][vc_column_text] En las Montanhas M\u00e1gicas las tradiciones populares se manifiestan de muchas maneras diferentes, especialmente la m\u00fasica, la danza, canciones, proverbios, mitos y leyendas. \u00a1Le invitamos a explorar este patrimonio incre\u00edble e inagotable! Constituyendo uno de los componentes m\u00e1s fuertes de la identidad cultural de la zona, las tradiciones populares son el tema para la [&hellip;]<\/p>\n","protected":false},"author":1,"featured_media":1453,"parent":16395,"menu_order":148,"comment_status":"closed","ping_status":"closed","template":"page-general.php","meta":{"footnotes":""},"class_list":["post-17193","page","type-page","status-publish","has-post-thumbnail","hentry"],"_links":{"self":[{"href":"https:\/\/montanhasmagicas.pt\/es\/wp-json\/wp\/v2\/pages\/17193","targetHints":{"allow":["GET"]}}],"collection":[{"href":"https:\/\/montanhasmagicas.pt\/es\/wp-json\/wp\/v2\/pages"}],"about":[{"href":"https:\/\/montanhasmagicas.pt\/es\/wp-json\/wp\/v2\/types\/page"}],"author":[{"embeddable":true,"href":"https:\/\/montanhasmagicas.pt\/es\/wp-json\/wp\/v2\/users\/1"}],"replies":[{"embeddable":true,"href":"https:\/\/montanhasmagicas.pt\/es\/wp-json\/wp\/v2\/comments?post=17193"}],"version-history":[{"count":0,"href":"https:\/\/montanhasmagicas.pt\/es\/wp-json\/wp\/v2\/pages\/17193\/revisions"}],"up":[{"embeddable":true,"href":"https:\/\/montanhasmagicas.pt\/es\/wp-json\/wp\/v2\/pages\/16395"}],"wp:featuredmedia":[{"embeddable":true,"href":"https:\/\/montanhasmagicas.pt\/es\/wp-json\/wp\/v2\/media\/1453"}],"wp:attachment":[{"href":"https:\/\/montanhasmagicas.pt\/es\/wp-json\/wp\/v2\/media?parent=17193"}],"curies":[{"name":"wp","href":"https:\/\/api.w.org\/{rel}","templated":true}]}}