{"id":17188,"date":"2024-02-21T18:03:15","date_gmt":"2024-02-21T18:03:15","guid":{"rendered":"https:\/\/montanhasmagicas.pt\/?page_id=17188"},"modified":"2024-02-21T18:03:15","modified_gmt":"2024-02-21T18:03:15","slug":"fotografia","status":"publish","type":"page","link":"https:\/\/montanhasmagicas.pt\/es\/montanhas-magicas\/cultura\/arte-y-artesania\/fotografia\/","title":{"rendered":"Fotograf\u00eda"},"content":{"rendered":"<p>[vc_row][vc_column][vc_row_inner el_class=\u00bbseparator-top-bottom\u00bb][vc_column_inner][vc_column_text]<\/p>\n<h2>Las Montanhas M\u00e1gicas ofrecen una amplia variedad de paisajes y lugares fascinantes para fotografiar. \u00a1Le invitamos a descubrir el territorio a trav\u00e9s de la lente de su c\u00e1mara!<\/h2>\n<p><b>\u00abLa fotograf\u00eda es as\u00ed&#8230; poes\u00eda compuesta de luz, momentos y sentimientos\u00bb<\/b> &#8211; Vinicius Aguiar<\/p>\n<p><b>\u00abLa gente toma fotos de cualquier cosa hermosa &#8230; fot\u00f3grafos hacen bellas fotos de cualquier cosa\u00bb<\/b> &#8211; Rafael Correa Batista<\/p>\n<p>La fotograf\u00eda es un arte que atrae a un n\u00famero creciente de profesionales, con especial atenci\u00f3n a los fot\u00f3grafos de viaje, pero tambi\u00e9n a un n\u00famero creciente de personas que hacen de la fotograf\u00eda la mejor ocupaci\u00f3n de su tiempo libre.<\/p>\n<p>Las Montanhas M\u00e1gicas son un destino de excelencia para la captura de fotograf\u00edas y ofrecen una amplia variedad de paisajes y lugares fant\u00e1sticos para tomar fotograf\u00edas a lo largo de las cuatro estaciones.<\/p>\n<p>En primavera sobresalen los paisajes de monta\u00f1a con una variedad de tonos de verde y una combinaci\u00f3n inigualable de color rosa y amarillo, proporcionada por el estallido del brezo y del tojo. Este es el mejor momento para fotografiar hermosas cascadas rodeadas de exuberante naturaleza. Todas las plantas y animales consiguen, en esta \u00e9poca del a\u00f1o, \u00a1una nueva vida!<\/p>\n<p>En el verano, se puede disfrutar de los largos d\u00edas y la luz c\u00e1lida y dorada para capturar escenarios m\u00e1gicos como los que ofrecen magn\u00edficas puestas de sol.<\/p>\n<p>En oto\u00f1o vuelven los colores, esta vez en cautivadores tonos de amarillo, rojo, naranja y marr\u00f3n, que contrastan con el azul brillante del cielo.<\/p>\n<p>En invierno, las monta\u00f1as y los valles est\u00e1n involucrados en nieblas y neblinas que dan lugar a paisajes bellos y enigm\u00e1ticos. Muy a menudo est\u00e1n cubiertas de nieve, ofreciendo escenarios brillantes de un blanco vibrante, m\u00e1gico y \u00fanico.<\/p>\n<p>Durante todo el a\u00f1o se pueden encontrar muchos otros motivos para fotograf\u00edan, como las sierras a perder de vista, los bosques de hoja perenne, pueblos t\u00edpicos de monta\u00f1a, las personas, la biodiversidad, la geodiversidad, actividades en la naturaleza, fiestas, monumentos, entre muchos otros.<\/p>\n<p>\u00a1Los aficionados a las im\u00e1genes de v\u00eddeo tambi\u00e9n pueden encontrar aqu\u00ed los mejores momentos para sus videos![\/vc_column_text][\/vc_column_inner][\/vc_row_inner][\/vc_column][\/vc_row]<\/p>\n","protected":false},"excerpt":{"rendered":"<p>[vc_row][vc_column][vc_row_inner el_class=\u00bbseparator-top-bottom\u00bb][vc_column_inner][vc_column_text] Las Montanhas M\u00e1gicas ofrecen una amplia variedad de paisajes y lugares fascinantes para fotografiar. \u00a1Le invitamos a descubrir el territorio a trav\u00e9s de la lente de su c\u00e1mara! \u00abLa fotograf\u00eda es as\u00ed&#8230; poes\u00eda compuesta de luz, momentos y sentimientos\u00bb &#8211; Vinicius Aguiar \u00abLa gente toma fotos de cualquier cosa hermosa &#8230; fot\u00f3grafos hacen [&hellip;]<\/p>\n","protected":false},"author":1,"featured_media":1759,"parent":17170,"menu_order":139,"comment_status":"closed","ping_status":"closed","template":"page-general.php","meta":{"footnotes":""},"class_list":["post-17188","page","type-page","status-publish","has-post-thumbnail","hentry"],"_links":{"self":[{"href":"https:\/\/montanhasmagicas.pt\/es\/wp-json\/wp\/v2\/pages\/17188","targetHints":{"allow":["GET"]}}],"collection":[{"href":"https:\/\/montanhasmagicas.pt\/es\/wp-json\/wp\/v2\/pages"}],"about":[{"href":"https:\/\/montanhasmagicas.pt\/es\/wp-json\/wp\/v2\/types\/page"}],"author":[{"embeddable":true,"href":"https:\/\/montanhasmagicas.pt\/es\/wp-json\/wp\/v2\/users\/1"}],"replies":[{"embeddable":true,"href":"https:\/\/montanhasmagicas.pt\/es\/wp-json\/wp\/v2\/comments?post=17188"}],"version-history":[{"count":0,"href":"https:\/\/montanhasmagicas.pt\/es\/wp-json\/wp\/v2\/pages\/17188\/revisions"}],"up":[{"embeddable":true,"href":"https:\/\/montanhasmagicas.pt\/es\/wp-json\/wp\/v2\/pages\/17170"}],"wp:featuredmedia":[{"embeddable":true,"href":"https:\/\/montanhasmagicas.pt\/es\/wp-json\/wp\/v2\/media\/1759"}],"wp:attachment":[{"href":"https:\/\/montanhasmagicas.pt\/es\/wp-json\/wp\/v2\/media?parent=17188"}],"curies":[{"name":"wp","href":"https:\/\/api.w.org\/{rel}","templated":true}]}}