{"id":17165,"date":"2024-02-21T16:48:39","date_gmt":"2024-02-21T16:48:39","guid":{"rendered":"https:\/\/montanhasmagicas.pt\/?page_id=17165"},"modified":"2024-02-21T16:48:39","modified_gmt":"2024-02-21T16:48:39","slug":"artesania","status":"publish","type":"page","link":"https:\/\/montanhasmagicas.pt\/es\/montanhas-magicas\/cultura\/arte-y-artesania\/artesania\/","title":{"rendered":"Artesan\u00eda"},"content":{"rendered":"<p>[vc_row full_width=\u00bbstretch_row\u00bb vc_row_background=\u00bb\u00bb el_class=\u00bbbreak-space-45&#8243;][vc_column][vc_row_inner][vc_column_inner][vc_column_text]<\/p>\n<h2 style=\"text-align: left;\">Disfrute y llevese algo del arte, de la cultura, del conocimiento y de las tradiciones de este territorio, \u00a1adquiriendo artesan\u00edas \u00fanicas y aut\u00e9nticas!<\/h2>\n<p>Adquirir una pieza artesanal es, en primer lugar, comprar algo \u00fanico, aut\u00e9ntico y genuino, pero tambi\u00e9n llevarse una parte simb\u00f3lica del patrimonio inmaterial de este territorio.<\/p>\n<p>En las Montanhas M\u00e1gicas los artesanos usan materias primas de la mejor calidad y las ancestrales t\u00e9cnicas de trabajo hecho a mano para obtener piezas \u00fanicas de artesan\u00eda \u00fanica, atractivas y adaptadas a las tendencias del mercado, con un dise\u00f1o tradicional o m\u00e1s moderno y vanguardista.<\/p>\n<p>Descubra que piezas de artesan\u00eda puede adquirir en las Montanhas M\u00e1gicas, \u00a1de acuerdo con las materias primas utilizadas!<\/p>\n<p style=\"text-align: left;\"><b>Lino, lana y burel<\/b><\/p>\n<ul style=\"text-align: left;\">\n<li>Ropa: faldas, vestidos, pantalones, su\u00e9teres, chaquetas, blusas, t\u00fanicas, capuchas de burel (traje tradicional);<\/li>\n<li>Accesorios de moda: bufandas, ponchos, sombreros, zapatillas, carteras, bolsos, calcetines;<\/li>\n<li>Art\u00edculos Textil para el hogar: toallas, cortinas, s\u00e1banas, fundas de almohadas, edredones, almohadas, mantas, alfombras.<\/li>\n<\/ul>\n<p style=\"text-align: left;\"><b>Breza (paja de centeno, zarzamora o mimbre)<\/b><\/p>\n<ul style=\"text-align: left;\">\n<li>Cester\u00eda.<\/li>\n<\/ul>\n<p style=\"text-align: left;\"><b>Piel y cuero<\/b><\/p>\n<ul style=\"text-align: left;\">\n<li>Botas, sandalias, sombreros, carteras, monederos, llaveros, entre otros.<\/li>\n<\/ul>\n<p style=\"text-align: left;\"><b>Esquisto<\/b><\/p>\n<ul style=\"text-align: left;\">\n<li>Piezas decorativas: jarrones, ceniceros, cuadros, tableros de ajedrez, miniaturas de casas t\u00edpicas, entre otros.<\/li>\n<\/ul>\n<p style=\"text-align: left;\"><b>Barro negro<\/b><\/p>\n<ul style=\"text-align: left;\">\n<li>Utensilios de cocina: jarrones, tazas, cafeteras, etc;<\/li>\n<li>Figuras del arte popular.<\/li>\n<\/ul>\n<p style=\"text-align: left;\"><b>Hojalata<\/b><\/p>\n<ul style=\"text-align: left;\">\n<li>Regaderas, baldes, jarras, l\u00e1mparas, braseros, tolvas\u2026<\/li>\n<li>Cobre, lat\u00f3n, bronce y esta\u00f1o<\/li>\n<li>Art\u00edculos decorativos, campanas y cascabeles, etc.<\/li>\n<\/ul>\n<p style=\"text-align: left;\"><b>Madera<\/b><\/p>\n<ul style=\"text-align: left;\">\n<li>Cestas, miniaturas de escenas y herramientas agr\u00edcolas, piezas utilitarias en tama\u00f1o real, instrumentos musicales de cuerda, etc.<\/li>\n<\/ul>\n<p style=\"text-align: left;\">Esta secci\u00f3n contiene informaci\u00f3n sobre talleres y puntos de venta de artesan\u00eda y productos locales, en las Montanhas M\u00e1gicas.<\/p>\n<p>[\/vc_column_text][\/vc_column_inner][\/vc_row_inner][\/vc_column][\/vc_row]<\/p>\n","protected":false},"excerpt":{"rendered":"<p>[vc_row full_width=\u00bbstretch_row\u00bb vc_row_background=\u00bb\u00bb el_class=\u00bbbreak-space-45&#8243;][vc_column][vc_row_inner][vc_column_inner][vc_column_text] Disfrute y llevese algo del arte, de la cultura, del conocimiento y de las tradiciones de este territorio, \u00a1adquiriendo artesan\u00edas \u00fanicas y aut\u00e9nticas! Adquirir una pieza artesanal es, en primer lugar, comprar algo \u00fanico, aut\u00e9ntico y genuino, pero tambi\u00e9n llevarse una parte simb\u00f3lica del patrimonio inmaterial de este territorio. En las [&hellip;]<\/p>\n","protected":false},"author":1,"featured_media":11236,"parent":17170,"menu_order":142,"comment_status":"closed","ping_status":"closed","template":"page-general.php","meta":{"footnotes":""},"class_list":["post-17165","page","type-page","status-publish","has-post-thumbnail","hentry"],"_links":{"self":[{"href":"https:\/\/montanhasmagicas.pt\/es\/wp-json\/wp\/v2\/pages\/17165","targetHints":{"allow":["GET"]}}],"collection":[{"href":"https:\/\/montanhasmagicas.pt\/es\/wp-json\/wp\/v2\/pages"}],"about":[{"href":"https:\/\/montanhasmagicas.pt\/es\/wp-json\/wp\/v2\/types\/page"}],"author":[{"embeddable":true,"href":"https:\/\/montanhasmagicas.pt\/es\/wp-json\/wp\/v2\/users\/1"}],"replies":[{"embeddable":true,"href":"https:\/\/montanhasmagicas.pt\/es\/wp-json\/wp\/v2\/comments?post=17165"}],"version-history":[{"count":0,"href":"https:\/\/montanhasmagicas.pt\/es\/wp-json\/wp\/v2\/pages\/17165\/revisions"}],"up":[{"embeddable":true,"href":"https:\/\/montanhasmagicas.pt\/es\/wp-json\/wp\/v2\/pages\/17170"}],"wp:featuredmedia":[{"embeddable":true,"href":"https:\/\/montanhasmagicas.pt\/es\/wp-json\/wp\/v2\/media\/11236"}],"wp:attachment":[{"href":"https:\/\/montanhasmagicas.pt\/es\/wp-json\/wp\/v2\/media?parent=17165"}],"curies":[{"name":"wp","href":"https:\/\/api.w.org\/{rel}","templated":true}]}}