{"id":17089,"date":"2024-02-21T13:06:37","date_gmt":"2024-02-21T13:06:37","guid":{"rendered":"https:\/\/montanhasmagicas.pt\/?page_id=17089"},"modified":"2024-02-21T15:03:03","modified_gmt":"2024-02-21T15:03:03","slug":"los-vinos-verdes","status":"publish","type":"page","link":"https:\/\/montanhasmagicas.pt\/es\/montanhas-magicas\/cultura\/gastronomia-y-vinos\/vinos\/los-vinos-verdes\/","title":{"rendered":"Los Vinos Verdes"},"content":{"rendered":"<p>[vc_row][vc_column][vc_row_inner][vc_column_inner][vc_column_text]<\/p>\n<h2 class=\"title\">Los Vinos Verdes<\/h2>\n<p>Con Denominaci\u00f3n de Origen Controlada (DOC), los Vinos Verdes son \u00fanicos en el mundo, exclusivamente producidos en la Regi\u00f3n Demarcada de los Vinos Verdes, en el noroeste de Portugal, a la cual pertenecen los ayuntamientos de Castelo de Paiva, Vale de Cambra, Arouca y Cinf\u00e3es.<\/p>\n<p>Producidos s\u00f3lo a partir de las castas aut\u00f3ctonas de la regi\u00f3n, la frescura vibrante, la elegancia y ligereza, la expresi\u00f3n arom\u00e1tica y gustativa, con destaque para sus notas afrutadas y florales, son las caracter\u00edsticas que definen y diferencian estos vinos.<\/p>\n<p><b>Regi\u00f3n determinada<\/b><\/p>\n<p>Fue en el Noroeste de Portugal que, hace unos ocho siglos, el Vino Verde fij\u00f3 sus ra\u00edces y aqu\u00ed se mantiene hasta los d\u00edas de hoy. La RDVV &#8211; Regi\u00f3n Delimitada de los Vinos Verdes se extiende del r\u00edo Mi\u00f1o a las monta\u00f1as que marcan la transici\u00f3n hacia el interior del pa\u00eds, en un espacio geogr\u00e1fico que coincide, groso modo, con la regi\u00f3n de Entre Duero y Mi\u00f1o. Se considera la mayor regi\u00f3n vit\u00edcola del pa\u00eds y una de las mayores de Europa: 35 000 hect\u00e1reas de vi\u00f1a distribuidas por un \u00e1rea de aproximadamente 7 000 km2.<\/p>\n<p>Los factores naturales y humanos del medio geogr\u00e1fico en que se inserta, as\u00ed como la peculiaridad de las variedades aut\u00f3ctonas y las formas de cultivo de la vi\u00f1a, hacen del Vino Verde \u00ab\u00fanico en el mundo\u00bb.<\/p>\n<p>Los vinos Verdes son controlados y certificados por la Comisi\u00f3n de Viticultura de la Regi\u00f3n de los Vinos Verdes (CVRVV) y cada botella tiene un sello de garant\u00eda de la Denominaci\u00f3n de Origen Controlada (DOC). <a href=\"http:\/\/www.vinhoverde.pt\/pt\/vinhoverde\/default.asp\" target=\"_blank\" rel=\"noopener\">http:\/\/www.vinhoverde.pt\/<\/a><\/p>\n<p><b>Principales Variedades<\/b><\/p>\n<ul>\n<li>Blancos: Alvarinho, Loureiro, Avesso, Azal, Arinto o Perden\u00e3, Trajadura y Batoca.<\/li>\n<li>Tintos: Vinh\u00e3o, Espadeiro, Azal tinto, Borra\u00e7al, Padeiro, Alvarelh\u00e3o, Pedral y Rabo de Ovelha.<\/li>\n<\/ul>\n<p><b>Vinos Verdes a la mesa<\/b><\/p>\n<p>Ideales para una fiesta de amigos o una cena rom\u00e1ntica, los vinos verdes sorprenden por la ligereza y frescor de su sabor y por la intensidad de sus aromas frutados.<\/p>\n<p>Bebida natural de bajo contenido alcoh\u00f3lico, bajas calor\u00edas, y reducida acidez, es tambi\u00e9n indicado para momentos informales, leves y relajantes y para quien defiende un estilo de vida saludable.<\/p>\n<p>Los pescados y mariscos, las carnes blancas, las ensaladas y los platos vegetarianos se conjugan a la perfecci\u00f3n con la ligereza y frescor de este inconfundible n\u00e9ctar.<\/p>\n<p>Tambi\u00e9n la gastronom\u00eda internacional, especialmente las pastas italianas, las paellas, el sushi, el magret y los quesos, combinan bien con los vinos verdes.[\/vc_column_text][\/vc_column_inner][\/vc_row_inner][\/vc_column][\/vc_row]<\/p>\n","protected":false},"excerpt":{"rendered":"<p>[vc_row][vc_column][vc_row_inner][vc_column_inner][vc_column_text] Los Vinos Verdes Con Denominaci\u00f3n de Origen Controlada (DOC), los Vinos Verdes son \u00fanicos en el mundo, exclusivamente producidos en la Regi\u00f3n Demarcada de los Vinos Verdes, en el noroeste de Portugal, a la cual pertenecen los ayuntamientos de Castelo de Paiva, Vale de Cambra, Arouca y Cinf\u00e3es. Producidos s\u00f3lo a partir de las [&hellip;]<\/p>\n","protected":false},"author":1,"featured_media":0,"parent":17096,"menu_order":16,"comment_status":"closed","ping_status":"closed","template":"page-general.php","meta":{"footnotes":""},"class_list":["post-17089","page","type-page","status-publish","hentry"],"_links":{"self":[{"href":"https:\/\/montanhasmagicas.pt\/es\/wp-json\/wp\/v2\/pages\/17089","targetHints":{"allow":["GET"]}}],"collection":[{"href":"https:\/\/montanhasmagicas.pt\/es\/wp-json\/wp\/v2\/pages"}],"about":[{"href":"https:\/\/montanhasmagicas.pt\/es\/wp-json\/wp\/v2\/types\/page"}],"author":[{"embeddable":true,"href":"https:\/\/montanhasmagicas.pt\/es\/wp-json\/wp\/v2\/users\/1"}],"replies":[{"embeddable":true,"href":"https:\/\/montanhasmagicas.pt\/es\/wp-json\/wp\/v2\/comments?post=17089"}],"version-history":[{"count":0,"href":"https:\/\/montanhasmagicas.pt\/es\/wp-json\/wp\/v2\/pages\/17089\/revisions"}],"up":[{"embeddable":true,"href":"https:\/\/montanhasmagicas.pt\/es\/wp-json\/wp\/v2\/pages\/17096"}],"wp:attachment":[{"href":"https:\/\/montanhasmagicas.pt\/es\/wp-json\/wp\/v2\/media?parent=17089"}],"curies":[{"name":"wp","href":"https:\/\/api.w.org\/{rel}","templated":true}]}}