{"id":16847,"date":"2023-07-29T15:27:38","date_gmt":"2023-07-29T14:27:38","guid":{"rendered":"https:\/\/montanhasmagicas.pt\/?page_id=16847"},"modified":"2023-07-29T15:27:39","modified_gmt":"2023-07-29T14:27:39","slug":"donde-alojarse","status":"publish","type":"page","link":"https:\/\/montanhasmagicas.pt\/es\/ruta-del-agua-y-de-la-piedra\/descubra\/donde-alojarse\/","title":{"rendered":"D\u00f3nde alojarse"},"content":{"rendered":"<p>[vc_row full_width=\u00bbstretch_row\u00bb vc_row_background=\u00bb\u00bb][vc_column][vc_row_inner][vc_column_inner][vc_column_text]<\/p>\n<h5 class=\"intro\" style=\"text-align: center;\">Las Montanhas M\u00e1gicas disponen de una amplia y diversificada oferta de unidades de alojamiento, con niveles de confort y precios que se ajustan a las diferentes necesidades y expectativas.<\/h5>\n<div class=\"description\">\n<div class=\"rich-text\">\n<p style=\"text-align: center;\">La perfecta combinaci\u00f3n de diferentes estilos arquitect\u00f3nicos y decorativos da como resultado una diversificada oferta de complejos tur\u00edsticos que van desde los m\u00e1s modernos y refinados hoteles, pasando por las m\u00e1s hist\u00f3ricas y ceremoniosas unidades de turismo de vivienda, hasta las t\u00edpicas unidades de Turismo Rural o los relajados y accesibles Parques de Acampada y Caravaning, siempre con dos importantes factores en com\u00fan, la excelencia de la hospitalidad y la calidad de los servicios.<\/p>\n<p style=\"text-align: center;\">De los centros urbanos a los puntos m\u00e1s altos de la monta\u00f1a, de la ribera a las laderas de las sierras y valles, aisladas o insertadas en aldeas y n\u00facleos rurales, las unidades de alojamiento de las Montanhas M\u00e1gicas le dan la posibilidad de descubrir el territorio en todos los sentidos.<\/p>\n<p style=\"text-align: center;\">Seleccione, entre la oferta disponible, las unidades de alojamiento que mejor se adapten a sus necesidades y preferencias.<\/p>\n<\/div>\n<\/div>\n<p>[\/vc_column_text][\/vc_column_inner][\/vc_row_inner][vc_row_inner][vc_column_inner]        <div class=\"container\">\n            <div class=\"vc_row row mm-archive-row separator-top-bottom\">\n                <div class=\"vc_col-lg-12 vc_col-md-12 vc_col-sm-12 vc_col-xs-12 mm-body-archive-column\">\n                    <div class=\"vc_row row\">\n                        <div class=\"vc_col-lg-12 vc_col-md-12 vc_col-sm-12 vc_col-xs-12 break-space-60\">\t\t\t\t\t\n    <div class=\"filter-wrapper\">\n        <div class=\"filters-form-wrapper\">\n            <div class=\"form-box\">\n                <form action=\"#\" method=\"POST\" id=\"form-search-accommodation\">\n                    <div class=\"vc_row row form-row break-space-30\">\t\n                        <div class=\"vc_col-lg-12 vc_col-md-12 vc_col-sm-12 vc_col-xs-12 form-column\">\t\n\t\t\t\t\t\t\t<div class=\"legend-wrapper\">\t\n                                <label for=\"search-accommodation\">Buscar en<\/label>\n\t\t\t\t\t\t\t\t<button type=\"button\" onclick=\"reset_accommodation_form();\" class=\"clerar-filters\"><i class=\"fa fa-close\"><\/i>Limpiar filtros<\/button>\n\t\t\t\t\t\t\t<\/div>\t\t\n                            <div class=\"input-wrapper search-wrappevvcr\">\n                                <input class=\"search-input\" name=\"s\" id=\"search-accommodation\" placeholder=\"Buscar en...\" type=\"text\" autocomplete=\"off\" \/>\n                                <div class=\"form-icon search\">\n                                    <button id=\"search\"><i class=\"fa fa-search\"><\/i><\/button>\n                                <\/div>\t\n                            <\/div>\t\n                        <\/div>\n                    <\/div>\n                    <div class=\"vc_row row form-row columns-3\">\t\n                        <div class=\"vc_col-lg-4 vc_col-md-4 vc_col-sm-12 vc_col-xs-12 form-column\">\n                            <label for=\"county\">Condado<\/label>\n                            <div class=\"input-wrapper\">\n                                <select id=\"county\" name=\"county\" class=\"form-select\">\n                                    <option selected value=\"\">Condado<\/option>\n                                                                    <\/select>\n                                <div class=\"form-icon\">\n                                    <i class=\"fa fa-map-marker\"><\/i>\n                                <\/div>\t\n                            <\/div>\t\n                        <\/div>\t\n                        <div class=\"vc_col-lg-4 vc_col-md-4 vc_col-sm-12 vc_col-xs-12 form-column\">\n                            <label for=\"typology-accommodation\">Tipolog\u00eda<\/label>\n                            <div class=\"input-wrapper\">\n                                <select id=\"typology-accommodation\" name=\"typology_accommodation\" class=\"form-select\">\n                                    <option selected value=\"\">Tipolog\u00eda<\/option>\n                                                                    <\/select>\n                                <div class=\"form-icon\">\n                                    <i class=\"fa fa-tag\"><\/i>\n                                <\/div>\t\n                            <\/div>\t\n                        <\/div>\t\n                        <div class=\"vc_col-lg-4 vc_col-md-4 vc_col-sm-12 vc_col-xs-12 form-column\">\n                            <label for=\"geographic-location\">Localizaci\u00f3n Geogr\u00e1fica<\/label>\n                            <div class=\"input-wrapper\">\n                                <select id=\"geographic-location\" name=\"geographic_location\" class=\"form-select\">\n                                    <option selected value>Localizaci\u00f3n Geogr\u00e1fica<\/option>\n                                                                    <\/select>\n                                <div class=\"form-icon\">\n                                    <i class=\"fa fa-info\"><\/i>\n                                <\/div>\t\n                            <\/div>\t\n                        <\/div>\t\n                    <\/div>\t\t\n                <\/form>\n            <\/div>\t\t\n        <\/div>\t\n        <div class=\"filters-btn-wrapper\">\n            <button class=\"btn-filters\">\n                <i class=\"fa fa-filter\"><\/i>\n                <p class=\"show-filters-txt\">Mostrar filtros<\/p>\n                <p class=\"hide-filters-txt\">Ocultar filtros<\/p>\n            <\/button>\n            <div class=\"line\"><\/div>\n            <div class=\"hidden-bg\"><\/div>\n        <\/div>\n    <\/div>\n<\/div>\n\n<script type=\"text\/javascript\">\n    var $ = jQuery;\n    var current_page = 1;\n    var formElement = $(\"#form-search-accommodation\");\n\n    function get_serialize_form() {\n        var formArray = formElement.serializeArray();\n        var formArrayOrganized = {};\n        $.each(formArray, function() {\n            formArrayOrganized[this.name] = this.value;\n        });\n        return formArrayOrganized;\n    }\n\n    function reset_search() {\n        current_page = 1;\n        $(\"#grid\").empty();\n    }\n\n\tfunction filter_accommodation(filters) {\n\t\tconst ajax_url  = \"https:\/\/montanhasmagicas.pt\/wp-admin\/admin-ajax.php\";\n        const loader    = $(\".mm-archive-loading\");\n        const grid      = $(\"#grid\");\n\n        \n\t\t$.ajax({\n\t\t\turl: ajax_url,\n\t\t\ttype: \"POST\",\n\t\t\tdata:{\n\t\t\t\taction: \"filters_rota_pedra_agua_grid\",\n\t\t\t\tfilters: filters,\n                paged: current_page,\n                post_type: \"accommodation\"\n\n\t\t\t},\n\t\t\tbeforeSend: function(){\n\t\t\t\tloader.css(\"display\", \"flex\");\n\t\t\t},\n\t\t\tsuccess: function(response) {\n                loader.hide();\n                if(response != \"\") {\n                    grid.append(response);\n                }\n\t\t\t},\n\t\t\terror: function(error) {\n                loader.hide();\n\t\t\t\tconsole.log(error);\n\t\t\t}\n\t\t});\n\t}\n\n    function reset_accommodation_form() {\n        reset_search();\n        formElement[0].reset();\n        filter_accommodation(get_serialize_form());\n    }\n\n\tjQuery(document).ready(function() {        \n\t\tfilter_accommodation(get_serialize_form());\n\n        formElement.submit(function(e) {\n            reset_search();\n            e.preventDefault();\n\n            filter_accommodation(get_serialize_form());\n            return false;\n        });\n\n        formElement.find(\"select\").on(\"change\", function() {\n            reset_search();\n            filter_accommodation(get_serialize_form());\n        });\n\n        $(document).on(\"click\", \"#load-more\", function() {\n            $(this).parent(\"div\").remove();\n            current_page++;\n            filter_accommodation(get_serialize_form());\n        });\n\t});\n\n<\/script>\n                        <div class=\"vc_col-lg-12 vc_col-md-12 vc_col-sm-12 vc_col-xs-12 break-space-45\">\n                            <div class=\"row vc_row vc_row-o-equal-height vc_row-flex grid-2\" id=\"grid\"><\/div>\n                        <\/div>\n                        <div class=\"vc_col-xs-12 mm-archive-loading\"><div class=\"lds-ring\"><div><\/div><div><\/div><div><\/div><div><\/div><\/div><\/div>\n                    <\/div>\n                <\/div>\n            <\/div>\n        <\/div>\n\n    [\/vc_column_inner][\/vc_row_inner][\/vc_column][\/vc_row]<\/p>\n","protected":false},"excerpt":{"rendered":"<p>[vc_row full_width=\u00bbstretch_row\u00bb vc_row_background=\u00bb\u00bb][vc_column][vc_row_inner][vc_column_inner][vc_column_text] Las Montanhas M\u00e1gicas disponen de una amplia y diversificada oferta de unidades de alojamiento, con niveles de confort y precios que se ajustan a las diferentes necesidades y expectativas. La perfecta combinaci\u00f3n de diferentes estilos arquitect\u00f3nicos y decorativos da como resultado una diversificada oferta de complejos tur\u00edsticos que van desde los m\u00e1s [&hellip;]<\/p>\n","protected":false},"author":1,"featured_media":2347,"parent":16879,"menu_order":8,"comment_status":"closed","ping_status":"closed","template":"page-rotapedra.php","meta":{"footnotes":""},"class_list":["post-16847","page","type-page","status-publish","has-post-thumbnail","hentry"],"_links":{"self":[{"href":"https:\/\/montanhasmagicas.pt\/es\/wp-json\/wp\/v2\/pages\/16847","targetHints":{"allow":["GET"]}}],"collection":[{"href":"https:\/\/montanhasmagicas.pt\/es\/wp-json\/wp\/v2\/pages"}],"about":[{"href":"https:\/\/montanhasmagicas.pt\/es\/wp-json\/wp\/v2\/types\/page"}],"author":[{"embeddable":true,"href":"https:\/\/montanhasmagicas.pt\/es\/wp-json\/wp\/v2\/users\/1"}],"replies":[{"embeddable":true,"href":"https:\/\/montanhasmagicas.pt\/es\/wp-json\/wp\/v2\/comments?post=16847"}],"version-history":[{"count":0,"href":"https:\/\/montanhasmagicas.pt\/es\/wp-json\/wp\/v2\/pages\/16847\/revisions"}],"up":[{"embeddable":true,"href":"https:\/\/montanhasmagicas.pt\/es\/wp-json\/wp\/v2\/pages\/16879"}],"wp:featuredmedia":[{"embeddable":true,"href":"https:\/\/montanhasmagicas.pt\/es\/wp-json\/wp\/v2\/media\/2347"}],"wp:attachment":[{"href":"https:\/\/montanhasmagicas.pt\/es\/wp-json\/wp\/v2\/media?parent=16847"}],"curies":[{"name":"wp","href":"https:\/\/api.w.org\/{rel}","templated":true}]}}