{"id":16424,"date":"2023-07-04T12:56:46","date_gmt":"2023-07-04T11:56:46","guid":{"rendered":"https:\/\/montanhasmagicas.pt\/?page_id=16424"},"modified":"2023-07-04T12:56:46","modified_gmt":"2023-07-04T11:56:46","slug":"gastronomia-y-vinos","status":"publish","type":"page","link":"https:\/\/montanhasmagicas.pt\/es\/montanhas-magicas\/cultura\/gastronomia-y-vinos\/","title":{"rendered":"Gastronom\u00eda y Vinos"},"content":{"rendered":"<p>[vc_row vc_row_background=\u00bb\u00bb el_class=\u00bbbreak-space-45&#8243;][vc_column][vc_row_inner][vc_column_inner][vc_column_text]<\/p>\n<h2 style=\"text-align: center;\">En las Montanhas M\u00e1gicas\u00ae se come divinamente, raz\u00f3n por la cual la gastronom\u00eda es una de las mejores tarjetas de visita del territorio!<\/h2>\n<p style=\"text-align: center;\">La rica y diversificada gastronom\u00eda local tiene su origen en usos, costumbres y saberes ancestrales,\u00a0 reflejando la calidad de los productos locales procedentes de la agricultura, del pastoreo y, en menor medida, de la pesca, a la cual le suma la maestr\u00eda de los condimentos y el arte de la buena cocina: familiar, artesanal, cari\u00f1osa,\u00a0abundante y variada.<\/p>\n<p style=\"text-align: center;\">\u00a0Evidenciando una articulaci\u00f3n perfecta entre las ancestrales y modernas t\u00e9cnicas de confecci\u00f3n, esta gastronom\u00eda incluye una extensa lista de especialidades que hacen\u00a0las delicias de quien programa un paseo por estas tierras.<\/p>\n<p>[\/vc_column_text][\/vc_column_inner][\/vc_row_inner][\/vc_column][\/vc_row][vc_row full_width=\u00bbstretch_row_content\u00bb vc_row_background=\u00bb\u00bb][vc_column][vc_row_inner][vc_column_inner offset=\u00bbvc_col-lg-6 vc_col-md-12 vc_col-xs-12&#8243;]\n\t<div class=\"mm-dashboard-item\">\n\t\t<div class=\"wrapper\">\n\t\t\t<a href=\"https:\/\/montanhasmagicas.pt\/montanhas-magicas\/cultura\/gastronomia-vinhos\/produtos-locais\/\"   >            \n\t\t\t\t<div class=\"header\">\n\t\t\t\t\t<h2 class=\"name\">Produtos Locais<\/h2>\n\t\t\t\t\t<div class=\"fa-wrapper\">\n\t\t\t\t\t\t<i class=\"fa fa-arrow-right\"><\/i>\n\t\t\t\t\t<\/div>\t\n\t\t\t\t<\/div>\n\t\t\t\t<div class=\"bg-box\">\n\t\t\t\t\t<div class=\"img\" style=\"background-image: url(https:\/\/montanhasmagicas.pt\/wp-content\/uploads\/2022\/08\/experiencias-gastronomicas-1.png);\"><\/div>\n\t\t\t\t<\/div>\n\t\t\t<\/a>\n\t\t<\/div> \n\t<\/div>\n\n[\/vc_column_inner][vc_column_inner offset=\u00bbvc_col-lg-3 vc_col-md-12 vc_col-xs-12&#8243;]\n\t<div class=\"mm-dashboard-item\">\n\t\t<div class=\"wrapper\">\n\t\t\t<a href=\"https:\/\/montanhasmagicas.pt\/montanhas-magicas\/cultura\/gastronomia-vinhos\/vinhos\/\"   >            \n\t\t\t\t<div class=\"header\">\n\t\t\t\t\t<h2 class=\"name\">Vinhos<\/h2>\n\t\t\t\t\t<div class=\"fa-wrapper\">\n\t\t\t\t\t\t<i class=\"fa fa-arrow-right\"><\/i>\n\t\t\t\t\t<\/div>\t\n\t\t\t\t<\/div>\n\t\t\t\t<div class=\"bg-box\">\n\t\t\t\t\t<div class=\"img\" style=\"background-image: url(https:\/\/montanhasmagicas.pt\/wp-content\/uploads\/2022\/08\/vinhos-verdes.jpg);\"><\/div>\n\t\t\t\t<\/div>\n\t\t\t<\/a>\n\t\t<\/div> \n\t<\/div>\n\n[\/vc_column_inner][vc_column_inner offset=\u00bbvc_col-lg-3 vc_col-md-12 vc_col-xs-12&#8243;]\n\t<div class=\"mm-dashboard-item\">\n\t\t<div class=\"wrapper\">\n\t\t\t<a href=\"https:\/\/montanhasmagicas.pt\/montanhas-magicas\/cultura\/gastronomia-vinhos\/pratos-tipicos\/\"   >            \n\t\t\t\t<div class=\"header\">\n\t\t\t\t\t<h2 class=\"name\">Pratos T\u00edpicos<\/h2>\n\t\t\t\t\t<div class=\"fa-wrapper\">\n\t\t\t\t\t\t<i class=\"fa fa-arrow-right\"><\/i>\n\t\t\t\t\t<\/div>\t\n\t\t\t\t<\/div>\n\t\t\t\t<div class=\"bg-box\">\n\t\t\t\t\t<div class=\"img\" style=\"background-image: url(https:\/\/montanhasmagicas.pt\/wp-content\/uploads\/2022\/08\/experiencias-gastronomicas-7.png);\"><\/div>\n\t\t\t\t<\/div>\n\t\t\t<\/a>\n\t\t<\/div> \n\t<\/div>\n\n[\/vc_column_inner][\/vc_row_inner][\/vc_column][\/vc_row]<\/p>\n","protected":false},"excerpt":{"rendered":"<p>[vc_row vc_row_background=\u00bb\u00bb el_class=\u00bbbreak-space-45&#8243;][vc_column][vc_row_inner][vc_column_inner][vc_column_text] En las Montanhas M\u00e1gicas\u00ae se come divinamente, raz\u00f3n por la cual la gastronom\u00eda es una de las mejores tarjetas de visita del territorio! La rica y diversificada gastronom\u00eda local tiene su origen en usos, costumbres y saberes ancestrales,\u00a0 reflejando la calidad de los productos locales procedentes de la agricultura, del pastoreo y, [&hellip;]<\/p>\n","protected":false},"author":1,"featured_media":1435,"parent":16395,"menu_order":76,"comment_status":"closed","ping_status":"closed","template":"page-general.php","meta":{"footnotes":""},"class_list":["post-16424","page","type-page","status-publish","has-post-thumbnail","hentry"],"_links":{"self":[{"href":"https:\/\/montanhasmagicas.pt\/es\/wp-json\/wp\/v2\/pages\/16424","targetHints":{"allow":["GET"]}}],"collection":[{"href":"https:\/\/montanhasmagicas.pt\/es\/wp-json\/wp\/v2\/pages"}],"about":[{"href":"https:\/\/montanhasmagicas.pt\/es\/wp-json\/wp\/v2\/types\/page"}],"author":[{"embeddable":true,"href":"https:\/\/montanhasmagicas.pt\/es\/wp-json\/wp\/v2\/users\/1"}],"replies":[{"embeddable":true,"href":"https:\/\/montanhasmagicas.pt\/es\/wp-json\/wp\/v2\/comments?post=16424"}],"version-history":[{"count":0,"href":"https:\/\/montanhasmagicas.pt\/es\/wp-json\/wp\/v2\/pages\/16424\/revisions"}],"up":[{"embeddable":true,"href":"https:\/\/montanhasmagicas.pt\/es\/wp-json\/wp\/v2\/pages\/16395"}],"wp:featuredmedia":[{"embeddable":true,"href":"https:\/\/montanhasmagicas.pt\/es\/wp-json\/wp\/v2\/media\/1435"}],"wp:attachment":[{"href":"https:\/\/montanhasmagicas.pt\/es\/wp-json\/wp\/v2\/media?parent=16424"}],"curies":[{"name":"wp","href":"https:\/\/api.w.org\/{rel}","templated":true}]}}