{"id":16395,"date":"2023-07-04T12:28:23","date_gmt":"2023-07-04T11:28:23","guid":{"rendered":"https:\/\/montanhasmagicas.pt\/?page_id=16395"},"modified":"2024-02-21T19:04:59","modified_gmt":"2024-02-21T19:04:59","slug":"cultura","status":"publish","type":"page","link":"https:\/\/montanhasmagicas.pt\/es\/montanhas-magicas\/cultura\/","title":{"rendered":"Cultura"},"content":{"rendered":"<p>[vc_row vc_row_background=\u00bb\u00bb][vc_column][vc_row_inner el_class=\u00bbbreak-space-15&#8243;][vc_column_inner][vc_column_text]<\/p>\n<h2 style=\"text-align: center;\">Descubra las Montanhas M\u00e1gicas a trav\u00e9s de los monumentos, del arte, de la arquitectura y de la cultura local. \u00a1Prep\u00e1rese para un largo viaje en el tiempo!<\/h2>\n<p style=\"text-align: center;\">Si le gusta explorar el componente hist\u00f3rico y cultural de un territorio, sepa que en las Montanhas M\u00e1gicas tienen una historia de miles de a\u00f1os para desentra\u00f1ar y una cultura llena de curiosidades que le sorprender\u00e1n.<\/p>\n<p style=\"text-align: center;\">Descubra los monumentos de diferentes \u00e9pocas hist\u00f3ricas, pueblos tradicionales, museos, artes y oficios, tradiciones populares, entre muchos otros.<\/p>\n<p style=\"text-align: center;\">Solamente tiene que decidir \u00a1por d\u00f3nde empezar!<\/p>\n<p>[\/vc_column_text][\/vc_column_inner][\/vc_row_inner][\/vc_column][\/vc_row][vc_row full_width=\u00bbstretch_row_content\u00bb vc_row_background=\u00bb\u00bb][vc_column][vc_row_inner][vc_column_inner width=\u00bb1\/2&#8243; offset=\u00bbvc_col-lg-6 vc_col-md-6 vc_col-xs-12&#8243;]\n\t<div class=\"mm-dashboard-item\">\n\t\t<div class=\"wrapper\">\n\t\t\t<a href=\"https:\/\/montanhasmagicas.pt\/es\/montanhas-magicas\/cultura\/gastronomia-y-vinos\/\"   >            \n\t\t\t\t<div class=\"header\">\n\t\t\t\t\t<h2 class=\"name\">Gastronom\u00eda y Vinos<\/h2>\n\t\t\t\t\t<div class=\"fa-wrapper\">\n\t\t\t\t\t\t<i class=\"fa fa-arrow-right\"><\/i>\n\t\t\t\t\t<\/div>\t\n\t\t\t\t<\/div>\n\t\t\t\t<div class=\"bg-box\">\n\t\t\t\t\t<div class=\"img\" style=\"background-image: url(https:\/\/montanhasmagicas.pt\/wp-content\/uploads\/2021\/11\/capa-gastronomia-e-vinhos.jpg);\"><\/div>\n\t\t\t\t<\/div>\n\t\t\t<\/a>\n\t\t<\/div> \n\t<\/div>\n\n\n\t<div class=\"mm-dashboard-item\">\n\t\t<div class=\"wrapper\">\n\t\t\t<a href=\"https:\/\/montanhasmagicas.pt\/es\/montanhas-magicas\/cultura\/tradiciones-populares\/\"   >            \n\t\t\t\t<div class=\"header\">\n\t\t\t\t\t<h2 class=\"name\">Tradiciones Populares<\/h2>\n\t\t\t\t\t<div class=\"fa-wrapper\">\n\t\t\t\t\t\t<i class=\"fa fa-arrow-right\"><\/i>\n\t\t\t\t\t<\/div>\t\n\t\t\t\t<\/div>\n\t\t\t\t<div class=\"bg-box\">\n\t\t\t\t\t<div class=\"img\" style=\"background-image: url(https:\/\/montanhasmagicas.pt\/wp-content\/uploads\/2021\/11\/capa-lendas-e-tradicoes-populares.jpg);\"><\/div>\n\t\t\t\t<\/div>\n\t\t\t<\/a>\n\t\t<\/div> \n\t<\/div>\n\n[\/vc_column_inner][vc_column_inner width=\u00bb1\/2&#8243; offset=\u00bbvc_col-lg-6 vc_col-md-6 vc_col-xs-12&#8243;]\n\t<div class=\"mm-dashboard-item\">\n\t\t<div class=\"wrapper\">\n\t\t\t<a href=\"https:\/\/montanhasmagicas.pt\/es\/montanhas-magicas\/cultura\/arte-y-artesania\/\"   >            \n\t\t\t\t<div class=\"header\">\n\t\t\t\t\t<h2 class=\"name\">Arte y Artesan\u00eda<\/h2>\n\t\t\t\t\t<div class=\"fa-wrapper\">\n\t\t\t\t\t\t<i class=\"fa fa-arrow-right\"><\/i>\n\t\t\t\t\t<\/div>\t\n\t\t\t\t<\/div>\n\t\t\t\t<div class=\"bg-box\">\n\t\t\t\t\t<div class=\"img\" style=\"background-image: url(https:\/\/montanhasmagicas.pt\/wp-content\/uploads\/2021\/11\/capas-artes-e-oficios.jpg);\"><\/div>\n\t\t\t\t<\/div>\n\t\t\t<\/a>\n\t\t<\/div> \n\t<\/div>\n\n\n\t<div class=\"mm-dashboard-item\">\n\t\t<div class=\"wrapper\">\n\t\t\t<a href=\"https:\/\/montanhasmagicas.pt\/es\/montanhas-magicas\/cultura\/fiestas\/\"   >            \n\t\t\t\t<div class=\"header\">\n\t\t\t\t\t<h2 class=\"name\">Fiestas<\/h2>\n\t\t\t\t\t<div class=\"fa-wrapper\">\n\t\t\t\t\t\t<i class=\"fa fa-arrow-right\"><\/i>\n\t\t\t\t\t<\/div>\t\n\t\t\t\t<\/div>\n\t\t\t\t<div class=\"bg-box\">\n\t\t\t\t\t<div class=\"img\" style=\"background-image: url(https:\/\/montanhasmagicas.pt\/wp-content\/uploads\/2021\/11\/capa-festividades.jpg);\"><\/div>\n\t\t\t\t<\/div>\n\t\t\t<\/a>\n\t\t<\/div> \n\t<\/div>\n\n[\/vc_column_inner][\/vc_row_inner][\/vc_column][\/vc_row]<\/p>\n","protected":false},"excerpt":{"rendered":"<p>[vc_row vc_row_background=\u00bb\u00bb][vc_column][vc_row_inner el_class=\u00bbbreak-space-15&#8243;][vc_column_inner][vc_column_text] Descubra las Montanhas M\u00e1gicas a trav\u00e9s de los monumentos, del arte, de la arquitectura y de la cultura local. \u00a1Prep\u00e1rese para un largo viaje en el tiempo! Si le gusta explorar el componente hist\u00f3rico y cultural de un territorio, sepa que en las Montanhas M\u00e1gicas tienen una historia de miles de a\u00f1os [&hellip;]<\/p>\n","protected":false},"author":1,"featured_media":1369,"parent":16386,"menu_order":150,"comment_status":"closed","ping_status":"closed","template":"page-general.php","meta":{"footnotes":""},"class_list":["post-16395","page","type-page","status-publish","has-post-thumbnail","hentry"],"_links":{"self":[{"href":"https:\/\/montanhasmagicas.pt\/es\/wp-json\/wp\/v2\/pages\/16395","targetHints":{"allow":["GET"]}}],"collection":[{"href":"https:\/\/montanhasmagicas.pt\/es\/wp-json\/wp\/v2\/pages"}],"about":[{"href":"https:\/\/montanhasmagicas.pt\/es\/wp-json\/wp\/v2\/types\/page"}],"author":[{"embeddable":true,"href":"https:\/\/montanhasmagicas.pt\/es\/wp-json\/wp\/v2\/users\/1"}],"replies":[{"embeddable":true,"href":"https:\/\/montanhasmagicas.pt\/es\/wp-json\/wp\/v2\/comments?post=16395"}],"version-history":[{"count":0,"href":"https:\/\/montanhasmagicas.pt\/es\/wp-json\/wp\/v2\/pages\/16395\/revisions"}],"up":[{"embeddable":true,"href":"https:\/\/montanhasmagicas.pt\/es\/wp-json\/wp\/v2\/pages\/16386"}],"wp:featuredmedia":[{"embeddable":true,"href":"https:\/\/montanhasmagicas.pt\/es\/wp-json\/wp\/v2\/media\/1369"}],"wp:attachment":[{"href":"https:\/\/montanhasmagicas.pt\/es\/wp-json\/wp\/v2\/media?parent=16395"}],"curies":[{"name":"wp","href":"https:\/\/api.w.org\/{rel}","templated":true}]}}