{"id":16372,"date":"2023-07-04T10:59:08","date_gmt":"2023-07-04T09:59:08","guid":{"rendered":"https:\/\/montanhasmagicas.pt\/?page_id=16372"},"modified":"2023-07-04T10:59:08","modified_gmt":"2023-07-04T09:59:08","slug":"prehistoria","status":"publish","type":"page","link":"https:\/\/montanhasmagicas.pt\/es\/montanhas-magicas\/historia\/prehistoria\/","title":{"rendered":"Prehistoria"},"content":{"rendered":"<p>[vc_row vc_row_background=\u00bb\u00bb][vc_column][vc_row_inner][vc_column_inner offset=\u00bbvc_col-xs-12&#8243;][vc_column_text]<\/p>\n<h2>Descubre los or\u00edgenes de la ocupaci\u00f3n de nuestro territorio a trav\u00e9s de importantes restos arqueol\u00f3gicos.<\/h2>\n<p>Por todo el territorio, pero especialmente en las mesetas serranas y en las zonas de media ladera, son visibles monumentos y restos arqueol\u00f3gicos que comprueban la ocupaci\u00f3n humana en diferentes prehist\u00f3ricas. Los que asumen mayor relevancia son las inscripciones rupestres de arte atl\u00e1ntico, descubiertas en varias \u00e1reas, y los monumentos megal\u00edticos (d\u00f3lmenes), cuyo buen estado de conservaci\u00f3n facilita la comprensi\u00f3n de los ritos f\u00fanebres realizados por nuestros m\u00e1s remotos antepasados. Constituyen buenos ejemplos del megal\u00edtico en este territorio el Dolmen de la Cerqueira, el T\u00famulo da Portela da Anta, el Parque Megal\u00edtico de S. Pedro, el Dolmen del Po\u00e7o dos Mouros y la Sepultura do Rei.<\/p>\n<p>Da la Edad de los Metales llegan a nuestros d\u00edas las ruinas y hallazgos arqueol\u00f3gicos de algunos pueblos \u201ccastrejos\u201d, principalmente de construcci\u00f3n circular, de que son buenos ejemplos el Castro de\u00a0la C\u00e1rcoda, el Castro de Nossa Senhora da Guia, el Castro del Monte de las Coronas y las ruinas de la Muralla de las Puertas de Montemuro.[\/vc_column_text][\/vc_column_inner][\/vc_row_inner][vc_row_inner][vc_column_inner]\n\t\t\t\t<div class=\"gallery-img-video\">\n\t\t\t\t<h4 class=\"title\">Galer\u00eda<\/h4>\n\t\t\t\t\t\t\t\t\t<div class=\"gallery-tabs-btn\">\n\t\t\t\t\t\t<div id=\"img-tab-69e8c898ecb6f\" class=\"btn-tab active\">Im\u00e1genes<\/div>\n\t\t\t\t\t\t<div id=\"video-tab-69e8c898ecb6f\" class=\"btn-tab\">Videos<\/div>\n\t\t\t\t\t<\/div>\n\t\t\t\t\t\t\t\t<div class=\"gallery-wrapper\">\n\t\t\t\t\t\t\t\t\t\t\t<div id=\"img-gallery-tab-69e8c898ecb6f\" class=\"gallery-tab active\">\n\t\t\t\t\t\t\t<div class=\"lightbox-gallery lightbox-gallery-69e8c898ecb6f gallery-wrapper col-3\">\n\t\t\t\t\t\t\t\t\t\t\t\t\t\t\t\t\t<a href=\"https:\/\/montanhasmagicas.pt\/wp-content\/uploads\/2022\/03\/gravuras-trebilhadouro-vale-de-cambra-1024x683.jpg\">\n\t\t\t\t\t\t\t\t\t\t<div class=\"wrapper\">\n\t\t\t\t\t\t\t\t\t\t\t<img decoding=\"async\" src=\"https:\/\/montanhasmagicas.pt\/wp-content\/uploads\/2022\/03\/gravuras-trebilhadouro-vale-de-cambra-1024x683.jpg\" title=\"Gravuras Trebilhadouro em Vale de Cambra\" alt=\"Gravuras Trebilhadouro em Vale de Cambra\">\n\t\t\t\t\t\t\t\t\t\t<\/div>\n\t\t\t\t\t\t\t\t\t<\/a>\n\t\t\t\t\t\t\t\t\t\t\t\t\t\t\t\t\t<a href=\"https:\/\/montanhasmagicas.pt\/wp-content\/uploads\/2022\/03\/mamoa-da-portela-da-anta-arouca-1024x682.jpg\">\n\t\t\t\t\t\t\t\t\t\t<div class=\"wrapper\">\n\t\t\t\t\t\t\t\t\t\t\t<img decoding=\"async\" src=\"https:\/\/montanhasmagicas.pt\/wp-content\/uploads\/2022\/03\/mamoa-da-portela-da-anta-arouca-1024x682.jpg\" title=\"Mamoa da Portela da Anta em Arouca\" alt=\"Mamoa da Portela da Anta em Arouca\">\n\t\t\t\t\t\t\t\t\t\t<\/div>\n\t\t\t\t\t\t\t\t\t<\/a>\n\t\t\t\t\t\t\t\t\t\t\t\t\t\t\t\t\t<a href=\"https:\/\/montanhasmagicas.pt\/wp-content\/uploads\/2022\/03\/outeiro-riscos-vale-de-cambra-1024x683.jpg\">\n\t\t\t\t\t\t\t\t\t\t<div class=\"wrapper\">\n\t\t\t\t\t\t\t\t\t\t\t<img decoding=\"async\" src=\"https:\/\/montanhasmagicas.pt\/wp-content\/uploads\/2022\/03\/outeiro-riscos-vale-de-cambra-1024x683.jpg\" title=\"Outeiro Riscos em Vale de Cambra\" alt=\"Outeiro Riscos em Vale de Cambra\">\n\t\t\t\t\t\t\t\t\t\t<\/div>\n\t\t\t\t\t\t\t\t\t<\/a>\n\t\t\t\t\t\t\t\t\t\t\t\t\t\t\t\t\t<a href=\"https:\/\/montanhasmagicas.pt\/wp-content\/uploads\/2022\/03\/castro-carcoda-dever-do-vouga-1024x682.jpg\">\n\t\t\t\t\t\t\t\t\t\t<div class=\"wrapper\">\n\t\t\t\t\t\t\t\t\t\t\t<img decoding=\"async\" src=\"https:\/\/montanhasmagicas.pt\/wp-content\/uploads\/2022\/03\/castro-carcoda-dever-do-vouga-1024x682.jpg\" title=\"Castro Carcoda em Sever do Vouga\" alt=\"Castro Carcoda em Sever do Vouga\">\n\t\t\t\t\t\t\t\t\t\t<\/div>\n\t\t\t\t\t\t\t\t\t<\/a>\n\t\t\t\t\t\t\t\t\t\t\t\t\t\t\t\t\t<a href=\"https:\/\/montanhasmagicas.pt\/wp-content\/uploads\/2022\/03\/anta-cerqueira-sever-do-vouga-1024x682.jpg\">\n\t\t\t\t\t\t\t\t\t\t<div class=\"wrapper\">\n\t\t\t\t\t\t\t\t\t\t\t<img decoding=\"async\" src=\"https:\/\/montanhasmagicas.pt\/wp-content\/uploads\/2022\/03\/anta-cerqueira-sever-do-vouga-1024x682.jpg\" title=\"Anta Cerqueira em Sever do Vouga\" alt=\"Anta Cerqueira em Sever do Vouga\">\n\t\t\t\t\t\t\t\t\t\t<\/div>\n\t\t\t\t\t\t\t\t\t<\/a>\n\t\t\t\t\t\t\t\t\t\t\t\t\t\t\t<\/div>\n\t\t\t\t\t\t<\/div>\n\t\t\t\t\t\t\t\t\t\t\t\t\t\t\t\t<div id=\"video-gallery-tab-69e8c898ecb6f\" style=\"display:none\">\n                        <div class=\"swiper swiper-video-gallery\u201369e8c898ecb6f\">\n                            <div class=\"swiper-wrapper\">\n                                                                                                            <div class=\"swiper-slide\">\n                                            <iframe loading=\"lazy\" id=\"player1\" width=\"100%\" height=\"100%\" src=\"https:\/\/www.youtube.com\/embed\/1H6A4uQKy9A?enablejsapi=1&html5=1&rel=0\" frameborder=\"0\" allowfullscreen iframe-video><\/iframe>\n                                        <\/div>\n                                                                                                                                                <div class=\"swiper-slide\">\n                                            <iframe loading=\"lazy\" id=\"player2\" width=\"100%\" height=\"100%\" src=\"https:\/\/www.youtube.com\/embed\/TsIdoUCeHYo?enablejsapi=1&html5=1&rel=0\" frameborder=\"0\" allowfullscreen iframe-video><\/iframe>\n                                        <\/div>\n                                                                                                <\/div>\n                            <div class=\"button-next\" video-buttons><\/div>\n                            <div class=\"button-prev\" video-buttons><\/div>\n                        <\/div>\n                    <\/div>\n\t\t\t\t\t\t\t\t\t<\/div>\n\t\t\t<\/div>\n\t\t\t\t<script type=\"text\/javascript\">\n            jQuery(document).ready(function($) {\n\t\t\t\tvar lightbox = new SimpleLightbox('.lightbox-gallery-69e8c898ecb6f a', { \/* options *\/ });\n\n                                    \/\/ Tabs Gallery\n                    $(\"#img-tab-69e8c898ecb6f\").click(function() {\n                        $(\"#video-tab-69e8c898ecb6f\").removeClass(\"active\");\n                        $(this).addClass(\"active\");\n                        $(\"#video-gallery-tab-69e8c898ecb6f\").hide();\n                        $(\"#img-gallery-tab-69e8c898ecb6f\").fadeIn();\n                    });\n                    \n                    $(\"#video-tab-69e8c898ecb6f\").click(function() {\n                        $(\"#img-tab-69e8c898ecb6f\").removeClass(\"active\");\n                        $(this).addClass(\"active\");\n                        $(\"#img-gallery-tab-69e8c898ecb6f\").hide();\n                        $(\"#video-gallery-tab-69e8c898ecb6f\").fadeIn();\n                    });\n                \n\t\t\t\t\t\t\t\t\t                    \/\/ Video swiper\n                    var swiper = new Swiper(\".swiper-video-gallery\u201369e8c898ecb6f\", {\n                        navigation: {\n                            nextEl: \".button-next\",\n                            prevEl: \".button-prev\",\n                        },\n                        on: {\n                            slideChange: pauseVideo,\n                        }\n                    });\n\n\t\t\t\t\tvar tag = document.createElement('script');\n\t\t\t\t\ttag.src = \"https:\/\/www.youtube.com\/iframe_api\";\n\t\t\t\t\tvar firstScriptTag = document.getElementsByTagName('script')[0];\n\t\t\t\t\tfirstScriptTag.parentNode.insertBefore(tag, firstScriptTag);\n\n\t\t\t\t\tfunction pauseVideo(el) {\n\t\t\t\t\t\t$('.swiper-slide').each(function () {\n\t\t\t\t\t\t\tvar youtubePlayer = $(this).find('iframe').get(0);\n\t\t\t\t\t\t\tif (youtubePlayer) {\n\t\t\t\t\t\t\t\tyoutubePlayer.contentWindow.postMessage('{\"event\":\"command\",\"func\":\"pauseVideo\",\"args\":\"\"}', '*');\n\t\t\t\t\t\t\t}\n\t\t\t\t\t\t});\n\t\t\t\t\t}\n                \n\t\t\t});\n\t\t<\/script>\n\t[\/vc_column_inner][\/vc_row_inner][\/vc_column][\/vc_row]<\/p>\n","protected":false},"excerpt":{"rendered":"<p>[vc_row vc_row_background=\u00bb\u00bb][vc_column][vc_row_inner][vc_column_inner offset=\u00bbvc_col-xs-12&#8243;][vc_column_text] Descubre los or\u00edgenes de la ocupaci\u00f3n de nuestro territorio a trav\u00e9s de importantes restos arqueol\u00f3gicos. Por todo el territorio, pero especialmente en las mesetas serranas y en las zonas de media ladera, son visibles monumentos y restos arqueol\u00f3gicos que comprueban la ocupaci\u00f3n humana en diferentes prehist\u00f3ricas. Los que asumen mayor relevancia son [&hellip;]<\/p>\n","protected":false},"author":1,"featured_media":1426,"parent":16382,"menu_order":156,"comment_status":"closed","ping_status":"closed","template":"page-general.php","meta":{"footnotes":""},"class_list":["post-16372","page","type-page","status-publish","has-post-thumbnail","hentry"],"_links":{"self":[{"href":"https:\/\/montanhasmagicas.pt\/es\/wp-json\/wp\/v2\/pages\/16372","targetHints":{"allow":["GET"]}}],"collection":[{"href":"https:\/\/montanhasmagicas.pt\/es\/wp-json\/wp\/v2\/pages"}],"about":[{"href":"https:\/\/montanhasmagicas.pt\/es\/wp-json\/wp\/v2\/types\/page"}],"author":[{"embeddable":true,"href":"https:\/\/montanhasmagicas.pt\/es\/wp-json\/wp\/v2\/users\/1"}],"replies":[{"embeddable":true,"href":"https:\/\/montanhasmagicas.pt\/es\/wp-json\/wp\/v2\/comments?post=16372"}],"version-history":[{"count":0,"href":"https:\/\/montanhasmagicas.pt\/es\/wp-json\/wp\/v2\/pages\/16372\/revisions"}],"up":[{"embeddable":true,"href":"https:\/\/montanhasmagicas.pt\/es\/wp-json\/wp\/v2\/pages\/16382"}],"wp:featuredmedia":[{"embeddable":true,"href":"https:\/\/montanhasmagicas.pt\/es\/wp-json\/wp\/v2\/media\/1426"}],"wp:attachment":[{"href":"https:\/\/montanhasmagicas.pt\/es\/wp-json\/wp\/v2\/media?parent=16372"}],"curies":[{"name":"wp","href":"https:\/\/api.w.org\/{rel}","templated":true}]}}