{"id":16368,"date":"2023-07-04T10:53:10","date_gmt":"2023-07-04T09:53:10","guid":{"rendered":"https:\/\/montanhasmagicas.pt\/?page_id=16368"},"modified":"2023-07-04T10:53:10","modified_gmt":"2023-07-04T09:53:10","slug":"antiguedad","status":"publish","type":"page","link":"https:\/\/montanhasmagicas.pt\/es\/montanhas-magicas\/historia\/antiguedad\/","title":{"rendered":"Antig\u00fcedad"},"content":{"rendered":"<p>[vc_row][vc_column][vc_row_inner][vc_column_inner][vc_column_text]<\/p>\n<h2>Puentes, trazados, carreteras, balneum y otros legados patrimoniales de los pueblos romanos.<\/h2>\n<p>Los pueblos romanos dejaron en el territorio un valioso legado patrimonial, presente en monumentos y hallazgos arqueol\u00f3gicos de que son ejemplos puentes, marcos miliarios y partes de v\u00edas romanas, testigos de la din\u00e1mica de esos pueblos en una de las \u00e1reas en que su intervenci\u00f3n fue m\u00e1s evidente \u2013 las conexiones viarias. Cabe se\u00f1alar, a t\u00edtulo de ejemplo, una parte de la v\u00eda romana que pasa en Manhouce y que conectaba Vissaium (Viseu) a Portus Cale (Oporto);\u00a0 y la v\u00eda romana de Ereira, una parte que pertenec\u00eda a un ramal secundario de la v\u00eda principal que un\u00eda Olissipo (Lisboa) a Bracara (Braga).<\/p>\n<p>Fueron tambi\u00e9n los romanos los responsables por se\u00f1alar las singulares propiedades terap\u00e9uticas y curativas de las aguas termales de S. Pedro do Sul y de Carvalhal (en Castro Daire). La historia cuenta que en la \u00e1rea Termal de S. Pedro do Sul, considerada actualmente la mayor y m\u00e1s desarrollada de la Pen\u00ednsula Ib\u00e9rica, han pasado algunos de nuestros monarcas, en particular D. Afonso Henriques, D. Manuel I y D. Am\u00e9lia.<\/p>\n<p>En Gestoso, S. Pedro do Sul, existe un curioso ejemplar de acueducto romano y, en Arouca, fueron descubiertas las ruinas de lo que aparenta ser una pareja agr\u00edcola de la \u00e9poca romana, testigos de la anciana ocupaci\u00f3n agraria en los peque\u00f1os valles de la cuenca del Arda. En Castelo de Paiva, merece citarse la Pia dos Mouros, tumba Hispano-Romana en los alrededores del pueblo de Sobrado, y en Castro Daire fue descubierto un enorme bloque gran\u00edtico con una enigm\u00e1tica inscripci\u00f3n romana.[\/vc_column_text][\/vc_column_inner][\/vc_row_inner][\/vc_column][\/vc_row][vc_row][vc_column]\n\t\t\t\t<div class=\"gallery-img-video\">\n\t\t\t\t<h4 class=\"title\">Galer\u00eda<\/h4>\n\t\t\t\t\t\t\t\t<div class=\"gallery-wrapper\">\n\t\t\t\t\t\t\t\t\t\t\t<div id=\"img-gallery-tab-69e8c8e68fd13\" class=\"gallery-tab active\">\n\t\t\t\t\t\t\t<div class=\"lightbox-gallery lightbox-gallery-69e8c8e68fd13 gallery-wrapper col-3\">\n\t\t\t\t\t\t\t\t\t\t\t\t\t\t\t\t\t<a href=\"https:\/\/montanhasmagicas.pt\/wp-content\/uploads\/2022\/03\/marco-miliario-1024x576.jpg\">\n\t\t\t\t\t\t\t\t\t\t<div class=\"wrapper\">\n\t\t\t\t\t\t\t\t\t\t\t<img decoding=\"async\" src=\"https:\/\/montanhasmagicas.pt\/wp-content\/uploads\/2022\/03\/marco-miliario-1024x576.jpg\" title=\"Marco Miliario\" alt=\"Marco Miliario\">\n\t\t\t\t\t\t\t\t\t\t<\/div>\n\t\t\t\t\t\t\t\t\t<\/a>\n\t\t\t\t\t\t\t\t\t\t\t\t\t\t\t\t\t<a href=\"https:\/\/montanhasmagicas.pt\/wp-content\/uploads\/2022\/03\/ponte-romana-landeira-1024x576.jpg\">\n\t\t\t\t\t\t\t\t\t\t<div class=\"wrapper\">\n\t\t\t\t\t\t\t\t\t\t\t<img decoding=\"async\" src=\"https:\/\/montanhasmagicas.pt\/wp-content\/uploads\/2022\/03\/ponte-romana-landeira-1024x576.jpg\" title=\"Ponte Romana Landeira\" alt=\"Ponte Romana Landeira\">\n\t\t\t\t\t\t\t\t\t\t<\/div>\n\t\t\t\t\t\t\t\t\t<\/a>\n\t\t\t\t\t\t\t\t\t\t\t\t\t\t\t\t\t<a href=\"https:\/\/montanhasmagicas.pt\/wp-content\/uploads\/2022\/03\/ruinas-romanas-termas-1024x576.jpg\">\n\t\t\t\t\t\t\t\t\t\t<div class=\"wrapper\">\n\t\t\t\t\t\t\t\t\t\t\t<img decoding=\"async\" src=\"https:\/\/montanhasmagicas.pt\/wp-content\/uploads\/2022\/03\/ruinas-romanas-termas-1024x576.jpg\" title=\"Ruinas Romanas e Termas\" alt=\"Ruinas Romanas e Termas\">\n\t\t\t\t\t\t\t\t\t\t<\/div>\n\t\t\t\t\t\t\t\t\t<\/a>\n\t\t\t\t\t\t\t\t\t\t\t\t\t\t\t\t\t<a href=\"https:\/\/montanhasmagicas.pt\/wp-content\/uploads\/2022\/03\/via-romana-ereira-1024x576.jpg\">\n\t\t\t\t\t\t\t\t\t\t<div class=\"wrapper\">\n\t\t\t\t\t\t\t\t\t\t\t<img decoding=\"async\" src=\"https:\/\/montanhasmagicas.pt\/wp-content\/uploads\/2022\/03\/via-romana-ereira-1024x576.jpg\" title=\"Via Romana Ereira\" alt=\"Via Romana Ereira\">\n\t\t\t\t\t\t\t\t\t\t<\/div>\n\t\t\t\t\t\t\t\t\t<\/a>\n\t\t\t\t\t\t\t\t\t\t\t\t\t\t\t<\/div>\n\t\t\t\t\t\t<\/div>\n\t\t\t\t\t\t\t\t\t\t\t\t\t\t<\/div>\n\t\t\t<\/div>\n\t\t\t\t<script type=\"text\/javascript\">\n            jQuery(document).ready(function($) {\n\t\t\t\tvar lightbox = new SimpleLightbox('.lightbox-gallery-69e8c8e68fd13 a', { \/* options *\/ });\n\n                \n\t\t\t\t\n\t\t\t});\n\t\t<\/script>\n\t[\/vc_column][\/vc_row]<\/p>\n","protected":false},"excerpt":{"rendered":"<p>[vc_row][vc_column][vc_row_inner][vc_column_inner][vc_column_text] Puentes, trazados, carreteras, balneum y otros legados patrimoniales de los pueblos romanos. Los pueblos romanos dejaron en el territorio un valioso legado patrimonial, presente en monumentos y hallazgos arqueol\u00f3gicos de que son ejemplos puentes, marcos miliarios y partes de v\u00edas romanas, testigos de la din\u00e1mica de esos pueblos en una de las \u00e1reas en [&hellip;]<\/p>\n","protected":false},"author":1,"featured_media":1430,"parent":16382,"menu_order":155,"comment_status":"closed","ping_status":"closed","template":"page-general.php","meta":{"footnotes":""},"class_list":["post-16368","page","type-page","status-publish","has-post-thumbnail","hentry"],"_links":{"self":[{"href":"https:\/\/montanhasmagicas.pt\/es\/wp-json\/wp\/v2\/pages\/16368","targetHints":{"allow":["GET"]}}],"collection":[{"href":"https:\/\/montanhasmagicas.pt\/es\/wp-json\/wp\/v2\/pages"}],"about":[{"href":"https:\/\/montanhasmagicas.pt\/es\/wp-json\/wp\/v2\/types\/page"}],"author":[{"embeddable":true,"href":"https:\/\/montanhasmagicas.pt\/es\/wp-json\/wp\/v2\/users\/1"}],"replies":[{"embeddable":true,"href":"https:\/\/montanhasmagicas.pt\/es\/wp-json\/wp\/v2\/comments?post=16368"}],"version-history":[{"count":0,"href":"https:\/\/montanhasmagicas.pt\/es\/wp-json\/wp\/v2\/pages\/16368\/revisions"}],"up":[{"embeddable":true,"href":"https:\/\/montanhasmagicas.pt\/es\/wp-json\/wp\/v2\/pages\/16382"}],"wp:featuredmedia":[{"embeddable":true,"href":"https:\/\/montanhasmagicas.pt\/es\/wp-json\/wp\/v2\/media\/1430"}],"wp:attachment":[{"href":"https:\/\/montanhasmagicas.pt\/es\/wp-json\/wp\/v2\/media?parent=16368"}],"curies":[{"name":"wp","href":"https:\/\/api.w.org\/{rel}","templated":true}]}}