{"id":16362,"date":"2023-07-03T19:14:21","date_gmt":"2023-07-03T18:14:21","guid":{"rendered":"https:\/\/montanhasmagicas.pt\/?page_id=16362"},"modified":"2023-07-03T19:14:43","modified_gmt":"2023-07-03T18:14:43","slug":"edad-media","status":"publish","type":"page","link":"https:\/\/montanhasmagicas.pt\/es\/montanhas-magicas\/historia\/edad-media\/","title":{"rendered":"Edad Media"},"content":{"rendered":"<p>[vc_row][vc_column][vc_row_inner][vc_column_inner][vc_column_text]<\/p>\n<h2>Los monumentos medievales son una prueba irrefutable de episodios importantes, eventos y acontecimientos hist\u00f3ricos que tuvieron lugar en este territorio durante el turbulento per\u00edodo de la Edad Media.<\/h2>\n<p>Los monumentos medievales son testigos irrefutables de importantes episodios y hechos hist\u00f3ricos que ocurrieron en este territorio a lo largo del conturbado per\u00edodo de la Edad Media. Sobre los monumentos, merecen una referencia especial los monasterios cistercienses de Arouca y de S. Cristov\u00e3o de Laf\u00f5es, que de los primitivos a los actuales edificios han marcado fuertemente la vida, la econom\u00eda y la cultura de los diferentes pueblos que, a lo largo del tiempo, se fijaron en estas tierras.<\/p>\n<p>Merecen igual destaque los monumentos rom\u00e1nicos presentes en casi todas las municipalidades del territorio, en particular en Cinf\u00e3es, Castelo de Paiva, Castro Daire, Arouca y Vale de Cambra, y que se presentan en forma de templos y monasterios cat\u00f3licos, puentes, memoriales y campanarios, evidenciando los rasgos m\u00e1s expresivos del arte y de la arquitectura rom\u00e1nicas.<\/p>\n<p>Algunas villas, en particular Arouca y Castro Daire, han tenido su origen en un viejo burgo medieval, tras lo cual se han expandido y evolucionado, presentando el aspecto de villas modernas que hoy en d\u00eda tienen. De la \u00e9poca medieval persiste a\u00fan, en Cinf\u00e3es, una horca en que se ejecutaban los condenados, denominada Horca Medieval u Horca de S\u00e3o Sebasti\u00e3o. Las innumerables leyendas de moras encantadas y los top\u00f3nimos de algunas localidades del territorio, tales como Almofala, Mamouros y Moura Morta, son testigo de la larga presencia de los moros en estas tierras.<\/p>\n<p>De entre las figuras hist\u00f3ricas que m\u00e1s se destacaron en la \u00e9poca medieval, conviene distinguir D. Mafalda, hija de D. Sancho I y nieta del primer Rey de Portugal, D. Afonso Henriques, que ha recibido el Monasterio de Arouca por donaci\u00f3n de su padre en 1210, y fue leg\u00edtima propietaria del mismo hasta su muerte, en el a\u00f1o de 1256.<\/p>\n<p>Responsable por la prosperidad del Monasterio y de las Tierras de Arouca, D. Mafalda, aquella que el pueblo ha adoptado como su reina y santa, ha extinguido la anterior norma de S. Pedro y ha adoptado la norma de Cister, al mismo tiempo que lo transform\u00f3 en un monasterio femenino. Beatificada en el a\u00f1o de 1792, las fiestas religiosas, en honor a la Reina Santa Mafalda, se realizan, anualmente, al d\u00eda 2 de mayo (festivo municipal en Arouca).<\/p>\n<p>El Conde de Sev\u00e9ri fue, tambi\u00e9n, una importante figura en el contexto hist\u00f3rico local, y de su apellido ha resultado la designaci\u00f3n de la municipalidad de Sever do Vouga. Seg\u00fan cuenta la historia, el Conde de Sev\u00e9ri fue un notable guerrero visigodo que ha estado en la lucha por la posesi\u00f3n de las tierras de Sever do Vouga, contra los suevos en los inicios del siglo VI, y se instal\u00f3 en estas tierras despu\u00e9s de vencer la batalla.<\/p>\n<p>D. Afonso Henriques, D. Manuel I y D. Am\u00e9lia tuvieron una importante conexi\u00f3n al territorio, en particular por sus frecuentes visitas a las Termas de S. Pedro do Sul, por las Cartas de Foro atribuidas a los ayuntamientos, en su mayor\u00eda por D. Manuel I, y por la vivencia de infancia de D. Afonso Henriques, repartida por algunas de las municipalidades de este territorio.<\/p>\n<p>D. Egas Moniz, \u201cel Ayo\u201d de D. Afonso Henriques y personalidad de gran destaque en el contexto hist\u00f3rico nacional, ha residido en la municipalidad de Cinf\u00e3es y de all\u00ed sali\u00f3 como se\u00f1or de Ribadouro, circunstancia de gran relevancia para el pueblo de esta municipalidad.[\/vc_column_text][\/vc_column_inner][\/vc_row_inner][\/vc_column][\/vc_row][vc_row][vc_column]\n\t\t\t\t<div class=\"gallery-img-video\">\n\t\t\t\t<h4 class=\"title\">Galer\u00eda<\/h4>\n\t\t\t\t\t\t\t\t<div class=\"gallery-wrapper\">\n\t\t\t\t\t\t\t\t\t\t\t<div id=\"img-gallery-tab-69e8c8cbe8a31\" class=\"gallery-tab active\">\n\t\t\t\t\t\t\t<div class=\"lightbox-gallery lightbox-gallery-69e8c8cbe8a31 gallery-wrapper col-3\">\n\t\t\t\t\t\t\t\t\t\t\t\t\t\t\t\t\t<a href=\"https:\/\/montanhasmagicas.pt\/wp-content\/uploads\/2022\/03\/albufeira-da-barragem-engenheiro-duarte-pacheco-5-1024x576.jpg\">\n\t\t\t\t\t\t\t\t\t\t<div class=\"wrapper\">\n\t\t\t\t\t\t\t\t\t\t\t<img decoding=\"async\" src=\"https:\/\/montanhasmagicas.pt\/wp-content\/uploads\/2022\/03\/albufeira-da-barragem-engenheiro-duarte-pacheco-5-1024x576.jpg\" title=\"albufeira-da-barragem-engenheiro-duarte-pacheco-5\" alt=\"\">\n\t\t\t\t\t\t\t\t\t\t<\/div>\n\t\t\t\t\t\t\t\t\t<\/a>\n\t\t\t\t\t\t\t\t\t\t\t\t\t\t\t\t\t<a href=\"https:\/\/montanhasmagicas.pt\/wp-content\/uploads\/2022\/03\/albufeira-da-barragem-engenheiro-duarte-pacheco-6-1024x576.jpg\">\n\t\t\t\t\t\t\t\t\t\t<div class=\"wrapper\">\n\t\t\t\t\t\t\t\t\t\t\t<img decoding=\"async\" src=\"https:\/\/montanhasmagicas.pt\/wp-content\/uploads\/2022\/03\/albufeira-da-barragem-engenheiro-duarte-pacheco-6-1024x576.jpg\" title=\"albufeira-da-barragem-engenheiro-duarte-pacheco-6\" alt=\"\">\n\t\t\t\t\t\t\t\t\t\t<\/div>\n\t\t\t\t\t\t\t\t\t<\/a>\n\t\t\t\t\t\t\t\t\t\t\t\t\t\t\t\t\t<a href=\"https:\/\/montanhasmagicas.pt\/wp-content\/uploads\/2022\/03\/levada-de-santa-cruz-1-1024x576.jpg\">\n\t\t\t\t\t\t\t\t\t\t<div class=\"wrapper\">\n\t\t\t\t\t\t\t\t\t\t\t<img decoding=\"async\" src=\"https:\/\/montanhasmagicas.pt\/wp-content\/uploads\/2022\/03\/levada-de-santa-cruz-1-1024x576.jpg\" title=\"levada-de-santa-cruz-1\" alt=\"\">\n\t\t\t\t\t\t\t\t\t\t<\/div>\n\t\t\t\t\t\t\t\t\t<\/a>\n\t\t\t\t\t\t\t\t\t\t\t\t\t\t\t\t\t<a href=\"https:\/\/montanhasmagicas.pt\/wp-content\/uploads\/2022\/03\/pocos-do-rio-teixeira-1-1024x576.jpg\">\n\t\t\t\t\t\t\t\t\t\t<div class=\"wrapper\">\n\t\t\t\t\t\t\t\t\t\t\t<img decoding=\"async\" src=\"https:\/\/montanhasmagicas.pt\/wp-content\/uploads\/2022\/03\/pocos-do-rio-teixeira-1-1024x576.jpg\" title=\"pocos-do-rio-teixeira-1\" alt=\"\">\n\t\t\t\t\t\t\t\t\t\t<\/div>\n\t\t\t\t\t\t\t\t\t<\/a>\n\t\t\t\t\t\t\t\t\t\t\t\t\t\t\t<\/div>\n\t\t\t\t\t\t<\/div>\n\t\t\t\t\t\t\t\t\t\t\t\t\t\t<\/div>\n\t\t\t<\/div>\n\t\t\t\t<script type=\"text\/javascript\">\n            jQuery(document).ready(function($) {\n\t\t\t\tvar lightbox = new SimpleLightbox('.lightbox-gallery-69e8c8cbe8a31 a', { \/* options *\/ });\n\n                \n\t\t\t\t\n\t\t\t});\n\t\t<\/script>\n\t[\/vc_column][\/vc_row]<\/p>\n","protected":false},"excerpt":{"rendered":"<p>[vc_row][vc_column][vc_row_inner][vc_column_inner][vc_column_text] Los monumentos medievales son una prueba irrefutable de episodios importantes, eventos y acontecimientos hist\u00f3ricos que tuvieron lugar en este territorio durante el turbulento per\u00edodo de la Edad Media. Los monumentos medievales son testigos irrefutables de importantes episodios y hechos hist\u00f3ricos que ocurrieron en este territorio a lo largo del conturbado per\u00edodo de la Edad [&hellip;]<\/p>\n","protected":false},"author":1,"featured_media":1418,"parent":16382,"menu_order":154,"comment_status":"closed","ping_status":"closed","template":"page-general.php","meta":{"footnotes":""},"class_list":["post-16362","page","type-page","status-publish","has-post-thumbnail","hentry"],"_links":{"self":[{"href":"https:\/\/montanhasmagicas.pt\/es\/wp-json\/wp\/v2\/pages\/16362","targetHints":{"allow":["GET"]}}],"collection":[{"href":"https:\/\/montanhasmagicas.pt\/es\/wp-json\/wp\/v2\/pages"}],"about":[{"href":"https:\/\/montanhasmagicas.pt\/es\/wp-json\/wp\/v2\/types\/page"}],"author":[{"embeddable":true,"href":"https:\/\/montanhasmagicas.pt\/es\/wp-json\/wp\/v2\/users\/1"}],"replies":[{"embeddable":true,"href":"https:\/\/montanhasmagicas.pt\/es\/wp-json\/wp\/v2\/comments?post=16362"}],"version-history":[{"count":0,"href":"https:\/\/montanhasmagicas.pt\/es\/wp-json\/wp\/v2\/pages\/16362\/revisions"}],"up":[{"embeddable":true,"href":"https:\/\/montanhasmagicas.pt\/es\/wp-json\/wp\/v2\/pages\/16382"}],"wp:featuredmedia":[{"embeddable":true,"href":"https:\/\/montanhasmagicas.pt\/es\/wp-json\/wp\/v2\/media\/1418"}],"wp:attachment":[{"href":"https:\/\/montanhasmagicas.pt\/es\/wp-json\/wp\/v2\/media?parent=16362"}],"curies":[{"name":"wp","href":"https:\/\/api.w.org\/{rel}","templated":true}]}}