{"id":16357,"date":"2023-07-03T18:57:39","date_gmt":"2023-07-03T17:57:39","guid":{"rendered":"https:\/\/montanhasmagicas.pt\/?page_id=16357"},"modified":"2023-07-03T18:57:40","modified_gmt":"2023-07-03T17:57:40","slug":"edad-moderna","status":"publish","type":"page","link":"https:\/\/montanhasmagicas.pt\/es\/montanhas-magicas\/historia\/edad-moderna\/","title":{"rendered":"Edad Moderna"},"content":{"rendered":"<p>[vc_row][vc_column][vc_row_inner][vc_column_inner][vc_column_text]<\/p>\n<h2>En este per\u00edodo hist\u00f3rico se encuentra la asignaci\u00f3n de los contratos de foro a las municipalidad de las Montanhas M\u00e1gicas\u00ae.<\/h2>\n<p>En este per\u00edodo hist\u00f3rico se destaca la atribuci\u00f3n de las Cartas de Foro a los ayuntamientos de las Montanhas M\u00e1gicas\u00ae. La Carta de Foro era un Documento Real utilizado en Portugal con el objetivo de establecer un ayuntamiento y regular su administraci\u00f3n, deberes y privilegios. La Picota es un s\u00edmbolo del municipalismo relacionado con la concesi\u00f3n del foro y con la autonom\u00eda jurisdiccional. En el territorio de las Montanhas M\u00e1gicas\u00ae fueron asignados, en este per\u00edodo y tambi\u00e9n durante la Baja Edad Media, innumerables Cartas de Foro que dieron lugar a un n\u00famero igual de picotas:<\/p>\n<ul>\n<li><b>Cinf\u00e3es:<\/b> 1 de mayo de 1513;<\/li>\n<li><b>Castelo de Paiva:<\/b> 1 de diciembre de 1513\u00a0;<\/li>\n<li><b>Arouca:<\/b> 20 de diciembre de 1513;<\/li>\n<li><b>Vale de Cambra: <\/b>10 de febrero de 1514;<\/li>\n<li><b>Castro Daire:<\/b> 14 de marzo de 1514;<\/li>\n<li><b>S. Pedro do Sul:<\/b> 4 de abril de 1514;<\/li>\n<li><b>Sever do Vouga:<\/b> 29 de abril de 1514.<\/li>\n<\/ul>\n<p>Todas estas Cartas de Foro fueron asignadas por D. Manuel I. Una de las personalidades hist\u00f3ricas m\u00e1s importantes de este per\u00edodo fue el Padre Sebasti\u00e3o Vieira, fraile jesuita natural de Castro Daire, que ha sido martirizado en Jap\u00f3n, en el siglo XVII.[\/vc_column_text][\/vc_column_inner][\/vc_row_inner][\/vc_column][\/vc_row][vc_row][vc_column]\n\t\t\t\t<div class=\"gallery-img-video\">\n\t\t\t\t<h4 class=\"title\">Galer\u00eda<\/h4>\n\t\t\t\t\t\t\t\t<div class=\"gallery-wrapper\">\n\t\t\t\t\t\t\t\t\t\t\t<div id=\"img-gallery-tab-69e8c8cbe5147\" class=\"gallery-tab active\">\n\t\t\t\t\t\t\t<div class=\"lightbox-gallery lightbox-gallery-69e8c8cbe5147 gallery-wrapper col-3\">\n\t\t\t\t\t\t\t\t\t\t\t\t\t\t\t\t\t<a href=\"https:\/\/montanhasmagicas.pt\/wp-content\/uploads\/2022\/03\/recriacao-atribuicao-foral-sever-do-vouga-1024x682.jpg\">\n\t\t\t\t\t\t\t\t\t\t<div class=\"wrapper\">\n\t\t\t\t\t\t\t\t\t\t\t<img decoding=\"async\" src=\"https:\/\/montanhasmagicas.pt\/wp-content\/uploads\/2022\/03\/recriacao-atribuicao-foral-sever-do-vouga-1024x682.jpg\" title=\"Recria\u00e7\u00e3o da Atribui\u00e7\u00e3o do Foral de Sever do Vouga\" alt=\"Recria\u00e7\u00e3o da Atribui\u00e7\u00e3o do Foral de Sever do Vouga\">\n\t\t\t\t\t\t\t\t\t\t<\/div>\n\t\t\t\t\t\t\t\t\t<\/a>\n\t\t\t\t\t\t\t\t\t\t\t\t\t\t\t\t\t<a href=\"https:\/\/montanhasmagicas.pt\/wp-content\/uploads\/2022\/03\/recriacao-atribuicao-foral-vale-de-cambra-1024x768.jpg\">\n\t\t\t\t\t\t\t\t\t\t<div class=\"wrapper\">\n\t\t\t\t\t\t\t\t\t\t\t<img decoding=\"async\" src=\"https:\/\/montanhasmagicas.pt\/wp-content\/uploads\/2022\/03\/recriacao-atribuicao-foral-vale-de-cambra-1024x768.jpg\" title=\"Recria\u00e7\u00e3o da Atribui\u00e7\u00e3o do Foral de Vale de Cambra\" alt=\"Recria\u00e7\u00e3o da Atribui\u00e7\u00e3o do Foral de Vale de Cambra\">\n\t\t\t\t\t\t\t\t\t\t<\/div>\n\t\t\t\t\t\t\t\t\t<\/a>\n\t\t\t\t\t\t\t\t\t\t\t\t\t\t\t<\/div>\n\t\t\t\t\t\t<\/div>\n\t\t\t\t\t\t\t\t\t\t\t\t\t\t<\/div>\n\t\t\t<\/div>\n\t\t\t\t<script type=\"text\/javascript\">\n            jQuery(document).ready(function($) {\n\t\t\t\tvar lightbox = new SimpleLightbox('.lightbox-gallery-69e8c8cbe5147 a', { \/* options *\/ });\n\n                \n\t\t\t\t\n\t\t\t});\n\t\t<\/script>\n\t[\/vc_column][\/vc_row]<\/p>\n","protected":false},"excerpt":{"rendered":"<p>[vc_row][vc_column][vc_row_inner][vc_column_inner][vc_column_text] En este per\u00edodo hist\u00f3rico se encuentra la asignaci\u00f3n de los contratos de foro a las municipalidad de las Montanhas M\u00e1gicas\u00ae. En este per\u00edodo hist\u00f3rico se destaca la atribuci\u00f3n de las Cartas de Foro a los ayuntamientos de las Montanhas M\u00e1gicas\u00ae. La Carta de Foro era un Documento Real utilizado en Portugal con el objetivo [&hellip;]<\/p>\n","protected":false},"author":1,"featured_media":1422,"parent":16382,"menu_order":153,"comment_status":"closed","ping_status":"closed","template":"page-general.php","meta":{"footnotes":""},"class_list":["post-16357","page","type-page","status-publish","has-post-thumbnail","hentry"],"_links":{"self":[{"href":"https:\/\/montanhasmagicas.pt\/es\/wp-json\/wp\/v2\/pages\/16357","targetHints":{"allow":["GET"]}}],"collection":[{"href":"https:\/\/montanhasmagicas.pt\/es\/wp-json\/wp\/v2\/pages"}],"about":[{"href":"https:\/\/montanhasmagicas.pt\/es\/wp-json\/wp\/v2\/types\/page"}],"author":[{"embeddable":true,"href":"https:\/\/montanhasmagicas.pt\/es\/wp-json\/wp\/v2\/users\/1"}],"replies":[{"embeddable":true,"href":"https:\/\/montanhasmagicas.pt\/es\/wp-json\/wp\/v2\/comments?post=16357"}],"version-history":[{"count":0,"href":"https:\/\/montanhasmagicas.pt\/es\/wp-json\/wp\/v2\/pages\/16357\/revisions"}],"up":[{"embeddable":true,"href":"https:\/\/montanhasmagicas.pt\/es\/wp-json\/wp\/v2\/pages\/16382"}],"wp:featuredmedia":[{"embeddable":true,"href":"https:\/\/montanhasmagicas.pt\/es\/wp-json\/wp\/v2\/media\/1422"}],"wp:attachment":[{"href":"https:\/\/montanhasmagicas.pt\/es\/wp-json\/wp\/v2\/media?parent=16357"}],"curies":[{"name":"wp","href":"https:\/\/api.w.org\/{rel}","templated":true}]}}