{"id":16349,"date":"2023-07-03T18:41:48","date_gmt":"2023-07-03T17:41:48","guid":{"rendered":"https:\/\/montanhasmagicas.pt\/?page_id=16349"},"modified":"2023-07-03T18:43:03","modified_gmt":"2023-07-03T17:43:03","slug":"edad-contemporanea","status":"publish","type":"page","link":"https:\/\/montanhasmagicas.pt\/es\/montanhas-magicas\/historia\/edad-contemporanea\/","title":{"rendered":"Edad Contempor\u00e1nea"},"content":{"rendered":"<p>[vc_row][vc_column][vc_row_inner][vc_column_inner][vc_column_text]<\/p>\n<h2>Descubre algunos episodios, hechos y personajes que marcaron la historia de las Montanhas M\u00e1gicas de finales del siglo XVIII.<\/h2>\n<p>Durante los siglos XVIII y XIX el territorio conoci\u00f3 un per\u00edodo de expansi\u00f3n que se ha reflejado en la prosperidad de las clases noble y burguesa. En todos los ayuntamientos surgieron ricos solares e imponentes casas se\u00f1oriales, ostentando elaborados blasones de familia en los portales de las fachadas principales y adoptando los m\u00e1s diversos estilos arquitect\u00f3nicos y art\u00edsticos.<\/p>\n<p>Fue tambi\u00e9n desde el siglo XVIII que se ha comprobado un significativo aumento de la construcci\u00f3n o reconstrucci\u00f3n de iglesias, capillas, santuarios y calvarios, distribuidos de forma equilibrada por todos los ayuntamientos de las Montanhas M\u00e1gicas\u00ae.<\/p>\n<p>Quitando algunas excepciones, resulta imposible definir un estilo art\u00edstico o arquitect\u00f3nico \u00fanicos para estos monumentos religiosos, en la gran mayor\u00eda los mismos reflejan varios estilos, lo que permite al visitante hacer un viaje en el tiempo, contemplando caracter\u00edsticas de varias \u00e9pocas en un solo edificio. Cabe se\u00f1alar que un n\u00famero significativo de iglesias y capillas est\u00e1n clasificadas como Inmuebles o Monumentos de Inter\u00e9s P\u00fablico y, en menor n\u00famero, como Monumentos Nacionales.<\/p>\n<p>A partir del inicio del siglo XX, uno de los principales acontecimientos que ha marcado la historia de las Montanhas M\u00e1gicas\u00ae fue la carrera al Volframio, mineral utilizado en la fabricaci\u00f3n de armas y municiones durante las I y II Guerras Mundiales. La historia de la prospecci\u00f3n minera en las minas de Regoufe, Rio de Frades, Moimenta, Ch\u00e3s y Fraga da Venda se qued\u00f3, de esta forma, inevitablemente asociada a la historia de Europa y del Mundo. Las ruinas del patrimonio minero y la memoria de los hombres que vivieron de cerca esta realidad constituyen un patrimonio material e inmaterial de valor \u00fanico.<\/p>\n<p>Tambi\u00e9n el Coto Minero do Pej\u00e3o, en Castelo de Paiva, de donde se extrajeron millones de toneladas de carb\u00f3n, entre mediados del siglo XIX y finales del siglo XX, y las Minas do Bra\u00e7al, Malhada y Coval da M\u00f3, en Sever do Vouga, donde fueron explorados filones de zinc, plata y especialmente de plomo, han desempe\u00f1ado un papel clave en el desarrollo econ\u00f3mico, social y cultural local.<\/p>\n<p>La agricultura, la silvicultura, el pastoreo y la ganader\u00eda siempre se han demostrado esenciales para la subsistencia de los pueblos que aqu\u00ed se fijaron y para el desarrollo econ\u00f3mico de este vasto territorio. Aunque, en las \u00faltimas d\u00e9cadas, se ha asistido a un pronunciado abandono de las actividades agr\u00edcola y del pastoreo, la historia ancestral de estas actividades, en las Montanhas M\u00e1gicas, muestra un amplio patrimonio rural edificado (aldeas, molinos, almazaras de aceite, regad\u00edos, canastos y eras, entre otros), y un rico y diverso patrimonio cultural que se manifiesta en usos, costumbres, tradiciones, folclore, danzas y cantes, gastronom\u00eda t\u00edpica, artes y oficios. Del ancestral cultivo de la tierra, que ha experimentado un largo per\u00edodo de estancamiento y hoy comienza a ganar nueva fuerza, se destacan algunos productos de calidad reconocida, de que son ejemplos la carne de raza Arouquesa (DOP), el Cabrito de la Gralheira (IGP), los Vinos Verdes (DOC), los vinos de Laf\u00f5es (DOP) y, m\u00e1s recientemente los frutos rojos, con destaque para los ar\u00e1ndanos. Tambi\u00e9n merece referencia la reposter\u00eda conventual, herencia de las monjas de Cister do Monasterio de Arouca, la reposter\u00eda regional que en todas las municipalidades presenta caracter\u00edsticas \u00fanicas, como los licores, las compotas, la miel y los ahumados.<\/p>\n<p>En lo que se refiere a las personalidades con mayor importancia hist\u00f3rica en este territorio, a partir el siglo XVIII se destaca el primer Conde de Castelo de Paiva, Don Martinho Pinto Lencastre de Bulh\u00f5es, a quien se debe mucho el progreso y el desarrollo de la municipalidad.<\/p>\n<p>A finales del siglo XIX merece especial referencia, pela importancia que ha tenido en la historia de Portugal y del Mundo, el ilustre militar, explorador y administrador colonial portugu\u00e9s, nacido en Cinf\u00e3es, Alexandre Serpa Pinto. El museo que se le dedic\u00f3, en Cinf\u00e3es, tiene un extraordinario espolio que integra, entre otros, las primeras ediciones de sus libros, telegramas, objetos personales y profesionales, y uniformes. Tambi\u00e9n hay un Jard\u00edn y una estatua en su homenaje, junto a la Iglesia Matriz de Cinf\u00e3es.<\/p>\n<p>Como episodios hist\u00f3ricos de relieve a finales del siglo XIX y principios del siglo XX, se destacan la elevaci\u00f3n de los pueblos Vale de Cambra y S. Pedro do Sul a ciudades, respectivamente en mayo de 1993 y en junio de 2009.<\/p>\n<p>La presente s\u00edntesis hist\u00f3rica est\u00e1, naturalmente, muy lejos de relatar todos los momentos, acontecimientos, personalidades y monumentos que enaltecen la historia del municipalidades que componen las Montanhas M\u00e1gicas\u00ae. No es ese el prop\u00f3sito ni ser\u00eda, de todo, posible hacerlo en un espacio tan corto, sobre todo por tratarse de siete ayuntamientos con una larga y rica historia. Se entiende, no obstante, que esta breve rese\u00f1a ayudar\u00e1 a comprender un poco de la historia local, especialmente la que se encuentra asociada a los vestigios arqueol\u00f3gicos, monumentos, museos y otros patrimonios que esta gu\u00eda propone visitar. Adem\u00e1s, suscitar\u00e1 el inter\u00e9s para una profundizaci\u00f3n de la historia local mediante la consulta de libros y publicaciones hist\u00f3ricas, escritos por autores locales[\/vc_column_text][\/vc_column_inner][\/vc_row_inner][\/vc_column][\/vc_row][vc_row][vc_column]\n\t\t\t\t<div class=\"gallery-img-video\">\n\t\t\t\t<h4 class=\"title\">Galer\u00eda<\/h4>\n\t\t\t\t\t\t\t\t<div class=\"gallery-wrapper\">\n\t\t\t\t\t\t\t\t\t\t\t<div id=\"img-gallery-tab-69e8c8e68f7ff\" class=\"gallery-tab active\">\n\t\t\t\t\t\t\t<div class=\"lightbox-gallery lightbox-gallery-69e8c8e68f7ff gallery-wrapper col-3\">\n\t\t\t\t\t\t\t\t\t\t\t\t\t\t\t\t\t<a href=\"https:\/\/montanhasmagicas.pt\/wp-content\/uploads\/2022\/03\/minas-de-regoufe-1024x682.jpg\">\n\t\t\t\t\t\t\t\t\t\t<div class=\"wrapper\">\n\t\t\t\t\t\t\t\t\t\t\t<img decoding=\"async\" src=\"https:\/\/montanhasmagicas.pt\/wp-content\/uploads\/2022\/03\/minas-de-regoufe-1024x682.jpg\" title=\"Minas de Regoufe\" alt=\"Minas de Regoufe\">\n\t\t\t\t\t\t\t\t\t\t<\/div>\n\t\t\t\t\t\t\t\t\t<\/a>\n\t\t\t\t\t\t\t\t\t\t\t\t\t\t\t\t\t<a href=\"https:\/\/montanhasmagicas.pt\/wp-content\/uploads\/2022\/03\/aldeia-drave-1024x768.jpg\">\n\t\t\t\t\t\t\t\t\t\t<div class=\"wrapper\">\n\t\t\t\t\t\t\t\t\t\t\t<img decoding=\"async\" src=\"https:\/\/montanhasmagicas.pt\/wp-content\/uploads\/2022\/03\/aldeia-drave-1024x768.jpg\" title=\"Aldeia de Drave\" alt=\"Aldeia de Drave\">\n\t\t\t\t\t\t\t\t\t\t<\/div>\n\t\t\t\t\t\t\t\t\t<\/a>\n\t\t\t\t\t\t\t\t\t\t\t\t\t\t\t\t\t<a href=\"https:\/\/montanhasmagicas.pt\/wp-content\/uploads\/2022\/03\/mineiros-1024x720.jpg\">\n\t\t\t\t\t\t\t\t\t\t<div class=\"wrapper\">\n\t\t\t\t\t\t\t\t\t\t\t<img decoding=\"async\" src=\"https:\/\/montanhasmagicas.pt\/wp-content\/uploads\/2022\/03\/mineiros-1024x720.jpg\" title=\"Mineiros\" alt=\"Mineiros\">\n\t\t\t\t\t\t\t\t\t\t<\/div>\n\t\t\t\t\t\t\t\t\t<\/a>\n\t\t\t\t\t\t\t\t\t\t\t\t\t\t\t\t\t<a href=\"https:\/\/montanhasmagicas.pt\/wp-content\/uploads\/2022\/03\/serpa-pinto-1024x682.jpg\">\n\t\t\t\t\t\t\t\t\t\t<div class=\"wrapper\">\n\t\t\t\t\t\t\t\t\t\t\t<img decoding=\"async\" src=\"https:\/\/montanhasmagicas.pt\/wp-content\/uploads\/2022\/03\/serpa-pinto-1024x682.jpg\" title=\"Serpa Pinto\" alt=\"Serpa Pinto\">\n\t\t\t\t\t\t\t\t\t\t<\/div>\n\t\t\t\t\t\t\t\t\t<\/a>\n\t\t\t\t\t\t\t\t\t\t\t\t\t\t\t\t\t<a href=\"https:\/\/montanhasmagicas.pt\/wp-content\/uploads\/2022\/03\/solar-dos-malafaias-1024x582.jpg\">\n\t\t\t\t\t\t\t\t\t\t<div class=\"wrapper\">\n\t\t\t\t\t\t\t\t\t\t\t<img decoding=\"async\" src=\"https:\/\/montanhasmagicas.pt\/wp-content\/uploads\/2022\/03\/solar-dos-malafaias-1024x582.jpg\" title=\"Solar da Malafaias\" alt=\"Solar da Malafaias\">\n\t\t\t\t\t\t\t\t\t\t<\/div>\n\t\t\t\t\t\t\t\t\t<\/a>\n\t\t\t\t\t\t\t\t\t\t\t\t\t\t\t\t\t<a href=\"https:\/\/montanhasmagicas.pt\/wp-content\/uploads\/2022\/03\/escultura-walking-tour-arte-contemporanea-vale-de-cambra-1024x682.jpg\">\n\t\t\t\t\t\t\t\t\t\t<div class=\"wrapper\">\n\t\t\t\t\t\t\t\t\t\t\t<img decoding=\"async\" src=\"https:\/\/montanhasmagicas.pt\/wp-content\/uploads\/2022\/03\/escultura-walking-tour-arte-contemporanea-vale-de-cambra-1024x682.jpg\" title=\"Escultura da Walking Tour de Arte Contempor\u00e2nea\" alt=\"Escultura da Walking Tour de Arte Contempor\u00e2nea\">\n\t\t\t\t\t\t\t\t\t\t<\/div>\n\t\t\t\t\t\t\t\t\t<\/a>\n\t\t\t\t\t\t\t\t\t\t\t\t\t\t\t<\/div>\n\t\t\t\t\t\t<\/div>\n\t\t\t\t\t\t\t\t\t\t\t\t\t\t<\/div>\n\t\t\t<\/div>\n\t\t\t\t<script type=\"text\/javascript\">\n            jQuery(document).ready(function($) {\n\t\t\t\tvar lightbox = new SimpleLightbox('.lightbox-gallery-69e8c8e68f7ff a', { \/* options *\/ });\n\n                \n\t\t\t\t\n\t\t\t});\n\t\t<\/script>\n\t[\/vc_column][\/vc_row]<\/p>\n","protected":false},"excerpt":{"rendered":"<p>[vc_row][vc_column][vc_row_inner][vc_column_inner][vc_column_text] Descubre algunos episodios, hechos y personajes que marcaron la historia de las Montanhas M\u00e1gicas de finales del siglo XVIII. Durante los siglos XVIII y XIX el territorio conoci\u00f3 un per\u00edodo de expansi\u00f3n que se ha reflejado en la prosperidad de las clases noble y burguesa. En todos los ayuntamientos surgieron ricos solares e imponentes [&hellip;]<\/p>\n","protected":false},"author":1,"featured_media":1414,"parent":16382,"menu_order":152,"comment_status":"closed","ping_status":"closed","template":"page-general.php","meta":{"footnotes":""},"class_list":["post-16349","page","type-page","status-publish","has-post-thumbnail","hentry"],"_links":{"self":[{"href":"https:\/\/montanhasmagicas.pt\/es\/wp-json\/wp\/v2\/pages\/16349","targetHints":{"allow":["GET"]}}],"collection":[{"href":"https:\/\/montanhasmagicas.pt\/es\/wp-json\/wp\/v2\/pages"}],"about":[{"href":"https:\/\/montanhasmagicas.pt\/es\/wp-json\/wp\/v2\/types\/page"}],"author":[{"embeddable":true,"href":"https:\/\/montanhasmagicas.pt\/es\/wp-json\/wp\/v2\/users\/1"}],"replies":[{"embeddable":true,"href":"https:\/\/montanhasmagicas.pt\/es\/wp-json\/wp\/v2\/comments?post=16349"}],"version-history":[{"count":0,"href":"https:\/\/montanhasmagicas.pt\/es\/wp-json\/wp\/v2\/pages\/16349\/revisions"}],"up":[{"embeddable":true,"href":"https:\/\/montanhasmagicas.pt\/es\/wp-json\/wp\/v2\/pages\/16382"}],"wp:featuredmedia":[{"embeddable":true,"href":"https:\/\/montanhasmagicas.pt\/es\/wp-json\/wp\/v2\/media\/1414"}],"wp:attachment":[{"href":"https:\/\/montanhasmagicas.pt\/es\/wp-json\/wp\/v2\/media?parent=16349"}],"curies":[{"name":"wp","href":"https:\/\/api.w.org\/{rel}","templated":true}]}}