{"id":17956,"date":"2026-01-29T13:03:09","date_gmt":"2026-01-29T13:03:09","guid":{"rendered":"https:\/\/montanhasmagicas.pt\/?page_id=17956"},"modified":"2026-01-29T13:03:09","modified_gmt":"2026-01-29T13:03:09","slug":"adventure-sports","status":"publish","type":"page","link":"https:\/\/montanhasmagicas.pt\/en\/what-to-do\/adventure-sports\/","title":{"rendered":"Adventure Sports"},"content":{"rendered":"<p>[vc_row vc_row_background=&#8221;&#8221;][vc_column][vc_row_inner][vc_column_inner][vc_column_text]<\/p>\n<h2 class=\"intro\" style=\"text-align: center;\">Emo\u00e7\u00f5es sem limites!<\/h2>\n<p style=\"text-align: center;\">In the Montanhas M\u00e1gicas we offer you considerable doses of excitement, adrenaline and fun in such vibrant sports as rafting, kayaking, canoeing, canyoning, stand up paddle, climbing, tree climbing, paintball and many others. Invite friends and come, the adventure begins now!<\/p>\n<p>[\/vc_column_text][\/vc_column_inner][\/vc_row_inner][\/vc_column][\/vc_row][vc_row full_width=&#8221;stretch_row_content&#8221; vc_row_background=&#8221;&#8221;][vc_column][vc_row_inner][vc_column_inner offset=&#8221;vc_col-lg-6 vc_col-md-12 vc_col-xs-12&#8243;]\n\t<div class=\"mm-dashboard-item\">\n\t\t<div class=\"wrapper\">\n\t\t\t<a href=\"https:\/\/montanhasmagicas.pt\/o-que-fazer\/desporto-aventura\/rafting\/\"   >            \n\t\t\t\t<div class=\"header\">\n\t\t\t\t\t<h2 class=\"name\">Rafting<\/h2>\n\t\t\t\t\t<div class=\"fa-wrapper\">\n\t\t\t\t\t\t<i class=\"fa fa-arrow-right\"><\/i>\n\t\t\t\t\t<\/div>\t\n\t\t\t\t<\/div>\n\t\t\t\t<div class=\"bg-box\">\n\t\t\t\t\t<div class=\"img\" style=\"background-image: url(https:\/\/montanhasmagicas.pt\/wp-content\/uploads\/2022\/08\/capa-rafting.jpg);\"><\/div>\n\t\t\t\t<\/div>\n\t\t\t<\/a>\n\t\t<\/div> \n\t<\/div>\n\n[\/vc_column_inner][vc_column_inner offset=&#8221;vc_col-lg-3 vc_col-md-12 vc_col-xs-12&#8243;]\n\t<div class=\"mm-dashboard-item\">\n\t\t<div class=\"wrapper\">\n\t\t\t<a href=\"https:\/\/montanhasmagicas.pt\/o-que-fazer\/desporto-aventura\/canoagem-de-aguas-calmas\/\"   >            \n\t\t\t\t<div class=\"header\">\n\t\t\t\t\t<h2 class=\"name\">Canoagem de \u00c1guas Calmas<\/h2>\n\t\t\t\t\t<div class=\"fa-wrapper\">\n\t\t\t\t\t\t<i class=\"fa fa-arrow-right\"><\/i>\n\t\t\t\t\t<\/div>\t\n\t\t\t\t<\/div>\n\t\t\t\t<div class=\"bg-box\">\n\t\t\t\t\t<div class=\"img\" style=\"background-image: url(https:\/\/montanhasmagicas.pt\/wp-content\/themes\/montanhasmagicas-child\/assets\/images\/default-feature-image.jpg);\"><\/div>\n\t\t\t\t<\/div>\n\t\t\t<\/a>\n\t\t<\/div> \n\t<\/div>\n\n[\/vc_column_inner][vc_column_inner offset=&#8221;vc_col-lg-3 vc_col-md-12 vc_col-xs-12&#8243;]\n\t<div class=\"mm-dashboard-item\">\n\t\t<div class=\"wrapper\">\n\t\t\t<a href=\"https:\/\/montanhasmagicas.pt\/o-que-fazer\/desporto-aventura\/canoagem-e-kayaking-de-aguas-bravas\/\"   >            \n\t\t\t\t<div class=\"header\">\n\t\t\t\t\t<h2 class=\"name\">Canoagem e Kayaking de \u00c1guas Bravas<\/h2>\n\t\t\t\t\t<div class=\"fa-wrapper\">\n\t\t\t\t\t\t<i class=\"fa fa-arrow-right\"><\/i>\n\t\t\t\t\t<\/div>\t\n\t\t\t\t<\/div>\n\t\t\t\t<div class=\"bg-box\">\n\t\t\t\t\t<div class=\"img\" style=\"background-image: url(https:\/\/montanhasmagicas.pt\/wp-content\/uploads\/2022\/08\/capa-canoagem-kayaking.jpg);\"><\/div>\n\t\t\t\t<\/div>\n\t\t\t<\/a>\n\t\t<\/div> \n\t<\/div>\n\n[\/vc_column_inner][\/vc_row_inner][vc_row_inner][vc_column_inner offset=&#8221;vc_col-lg-3 vc_col-md-12 vc_col-xs-12&#8243;]\n\t<div class=\"mm-dashboard-item\">\n\t\t<div class=\"wrapper\">\n\t\t\t<a href=\"https:\/\/montanhasmagicas.pt\/o-que-fazer\/desporto-aventura\/canyoning\/\"   >            \n\t\t\t\t<div class=\"header\">\n\t\t\t\t\t<h2 class=\"name\">Canyoning<\/h2>\n\t\t\t\t\t<div class=\"fa-wrapper\">\n\t\t\t\t\t\t<i class=\"fa fa-arrow-right\"><\/i>\n\t\t\t\t\t<\/div>\t\n\t\t\t\t<\/div>\n\t\t\t\t<div class=\"bg-box\">\n\t\t\t\t\t<div class=\"img\" style=\"background-image: url(https:\/\/montanhasmagicas.pt\/wp-content\/uploads\/2022\/08\/capa-canyoning.jpg);\"><\/div>\n\t\t\t\t<\/div>\n\t\t\t<\/a>\n\t\t<\/div> \n\t<\/div>\n\n[\/vc_column_inner][vc_column_inner offset=&#8221;vc_col-lg-3 vc_col-md-12 vc_col-xs-12&#8243;]\n\t<div class=\"mm-dashboard-item\">\n\t\t<div class=\"wrapper\">\n\t\t\t<a href=\"https:\/\/montanhasmagicas.pt\/o-que-fazer\/desporto-aventura\/stand-up-paddle\/\"   >            \n\t\t\t\t<div class=\"header\">\n\t\t\t\t\t<h2 class=\"name\">Stand up Paddle<\/h2>\n\t\t\t\t\t<div class=\"fa-wrapper\">\n\t\t\t\t\t\t<i class=\"fa fa-arrow-right\"><\/i>\n\t\t\t\t\t<\/div>\t\n\t\t\t\t<\/div>\n\t\t\t\t<div class=\"bg-box\">\n\t\t\t\t\t<div class=\"img\" style=\"background-image: url(https:\/\/montanhasmagicas.pt\/wp-content\/uploads\/2022\/08\/capa-stand-up-paddle.jpg);\"><\/div>\n\t\t\t\t<\/div>\n\t\t\t<\/a>\n\t\t<\/div> \n\t<\/div>\n\n[\/vc_column_inner][vc_column_inner offset=&#8221;vc_col-lg-6 vc_col-md-12 vc_col-xs-12&#8243;]\n\t<div class=\"mm-dashboard-item\">\n\t\t<div class=\"wrapper\">\n\t\t\t<a href=\"https:\/\/montanhasmagicas.pt\/o-que-fazer\/desporto-aventura\/paintball\/\"   >            \n\t\t\t\t<div class=\"header\">\n\t\t\t\t\t<h2 class=\"name\">Paintball<\/h2>\n\t\t\t\t\t<div class=\"fa-wrapper\">\n\t\t\t\t\t\t<i class=\"fa fa-arrow-right\"><\/i>\n\t\t\t\t\t<\/div>\t\n\t\t\t\t<\/div>\n\t\t\t\t<div class=\"bg-box\">\n\t\t\t\t\t<div class=\"img\" style=\"background-image: url(https:\/\/montanhasmagicas.pt\/wp-content\/uploads\/2022\/08\/capa-paintball.jpg);\"><\/div>\n\t\t\t\t<\/div>\n\t\t\t<\/a>\n\t\t<\/div> \n\t<\/div>\n\n[\/vc_column_inner][\/vc_row_inner][vc_row_inner][vc_column_inner offset=&#8221;vc_col-lg-6 vc_col-md-12 vc_col-xs-12&#8243;]\n\t<div class=\"mm-dashboard-item\">\n\t\t<div class=\"wrapper\">\n\t\t\t<a href=\"https:\/\/montanhasmagicas.pt\/o-que-fazer\/desporto-aventura\/escalada\/\"   >            \n\t\t\t\t<div class=\"header\">\n\t\t\t\t\t<h2 class=\"name\">Escalada<\/h2>\n\t\t\t\t\t<div class=\"fa-wrapper\">\n\t\t\t\t\t\t<i class=\"fa fa-arrow-right\"><\/i>\n\t\t\t\t\t<\/div>\t\n\t\t\t\t<\/div>\n\t\t\t\t<div class=\"bg-box\">\n\t\t\t\t\t<div class=\"img\" style=\"background-image: url(https:\/\/montanhasmagicas.pt\/wp-content\/uploads\/2022\/08\/capa-escalada.jpg);\"><\/div>\n\t\t\t\t<\/div>\n\t\t\t<\/a>\n\t\t<\/div> \n\t<\/div>\n\n[\/vc_column_inner][vc_column_inner offset=&#8221;vc_col-lg-3 vc_col-md-12 vc_col-xs-12&#8243;]\n\t<div class=\"mm-dashboard-item\">\n\t\t<div class=\"wrapper\">\n\t\t\t<a href=\"https:\/\/montanhasmagicas.pt\/o-que-fazer\/desporto-aventura\/rapel\/\"   >            \n\t\t\t\t<div class=\"header\">\n\t\t\t\t\t<h2 class=\"name\">Rapel<\/h2>\n\t\t\t\t\t<div class=\"fa-wrapper\">\n\t\t\t\t\t\t<i class=\"fa fa-arrow-right\"><\/i>\n\t\t\t\t\t<\/div>\t\n\t\t\t\t<\/div>\n\t\t\t\t<div class=\"bg-box\">\n\t\t\t\t\t<div class=\"img\" style=\"background-image: url(https:\/\/montanhasmagicas.pt\/wp-content\/uploads\/2022\/08\/capa-rapel.jpg);\"><\/div>\n\t\t\t\t<\/div>\n\t\t\t<\/a>\n\t\t<\/div> \n\t<\/div>\n\n[\/vc_column_inner][vc_column_inner offset=&#8221;vc_col-lg-3 vc_col-md-12 vc_col-xs-12&#8243;]\n\t<div class=\"mm-dashboard-item\">\n\t\t<div class=\"wrapper\">\n\t\t\t<a href=\"https:\/\/montanhasmagicas.pt\/o-que-fazer\/desporto-aventura\/slide\/\"   >            \n\t\t\t\t<div class=\"header\">\n\t\t\t\t\t<h2 class=\"name\">Slide<\/h2>\n\t\t\t\t\t<div class=\"fa-wrapper\">\n\t\t\t\t\t\t<i class=\"fa fa-arrow-right\"><\/i>\n\t\t\t\t\t<\/div>\t\n\t\t\t\t<\/div>\n\t\t\t\t<div class=\"bg-box\">\n\t\t\t\t\t<div class=\"img\" style=\"background-image: url(https:\/\/montanhasmagicas.pt\/wp-content\/uploads\/2022\/08\/capa-slide.jpg);\"><\/div>\n\t\t\t\t<\/div>\n\t\t\t<\/a>\n\t\t<\/div> \n\t<\/div>\n\n[\/vc_column_inner][\/vc_row_inner][vc_row_inner][vc_column_inner offset=&#8221;vc_col-lg-6 vc_col-md-12 vc_col-xs-12&#8243;]\n\t<div class=\"mm-dashboard-item\">\n\t\t<div class=\"wrapper\">\n\t\t\t<a href=\"https:\/\/montanhasmagicas.pt\/o-que-fazer\/desporto-aventura\/arvorismo\/\"   >            \n\t\t\t\t<div class=\"header\">\n\t\t\t\t\t<h2 class=\"name\">Arvorismo<\/h2>\n\t\t\t\t\t<div class=\"fa-wrapper\">\n\t\t\t\t\t\t<i class=\"fa fa-arrow-right\"><\/i>\n\t\t\t\t\t<\/div>\t\n\t\t\t\t<\/div>\n\t\t\t\t<div class=\"bg-box\">\n\t\t\t\t\t<div class=\"img\" style=\"background-image: url(https:\/\/montanhasmagicas.pt\/wp-content\/uploads\/2022\/08\/capa-arvorismo.jpg);\"><\/div>\n\t\t\t\t<\/div>\n\t\t\t<\/a>\n\t\t<\/div> \n\t<\/div>\n\n[\/vc_column_inner][vc_column_inner offset=&#8221;vc_col-lg-6 vc_col-md-12 vc_col-xs-12&#8243;]\n\t<div class=\"mm-dashboard-item\">\n\t\t<div class=\"wrapper\">\n\t\t\t<a href=\"https:\/\/montanhasmagicas.pt\/o-que-fazer\/desporto-aventura\/orientacao\/\"   >            \n\t\t\t\t<div class=\"header\">\n\t\t\t\t\t<h2 class=\"name\">Orienta\u00e7\u00e3o<\/h2>\n\t\t\t\t\t<div class=\"fa-wrapper\">\n\t\t\t\t\t\t<i class=\"fa fa-arrow-right\"><\/i>\n\t\t\t\t\t<\/div>\t\n\t\t\t\t<\/div>\n\t\t\t\t<div class=\"bg-box\">\n\t\t\t\t\t<div class=\"img\" style=\"background-image: url(https:\/\/montanhasmagicas.pt\/wp-content\/uploads\/2022\/08\/capa-orientacao.jpg);\"><\/div>\n\t\t\t\t<\/div>\n\t\t\t<\/a>\n\t\t<\/div> \n\t<\/div>\n\n[\/vc_column_inner][\/vc_row_inner][\/vc_column][\/vc_row]<\/p>\n","protected":false},"excerpt":{"rendered":"<p>[vc_row vc_row_background=&#8221;&#8221;][vc_column][vc_row_inner][vc_column_inner][vc_column_text] Emo\u00e7\u00f5es sem limites! In the Montanhas M\u00e1gicas we offer you considerable doses of excitement, adrenaline and fun in such vibrant sports as rafting, kayaking, canoeing, canyoning, stand up paddle, climbing, tree climbing, paintball and many others. Invite friends and come, the adventure begins now! [\/vc_column_text][\/vc_column_inner][\/vc_row_inner][\/vc_column][\/vc_row][vc_row full_width=&#8221;stretch_row_content&#8221; vc_row_background=&#8221;&#8221;][vc_column][vc_row_inner][vc_column_inner offset=&#8221;vc_col-lg-6 vc_col-md-12 vc_col-xs-12&#8243;][\/vc_column_inner][vc_column_inner offset=&#8221;vc_col-lg-3 vc_col-md-12 vc_col-xs-12&#8243;][\/vc_column_inner][vc_column_inner [&hellip;]<\/p>\n","protected":false},"author":1,"featured_media":1729,"parent":17884,"menu_order":81,"comment_status":"closed","ping_status":"closed","template":"page-general.php","meta":{"footnotes":""},"class_list":["post-17956","page","type-page","status-publish","has-post-thumbnail","hentry"],"_links":{"self":[{"href":"https:\/\/montanhasmagicas.pt\/en\/wp-json\/wp\/v2\/pages\/17956","targetHints":{"allow":["GET"]}}],"collection":[{"href":"https:\/\/montanhasmagicas.pt\/en\/wp-json\/wp\/v2\/pages"}],"about":[{"href":"https:\/\/montanhasmagicas.pt\/en\/wp-json\/wp\/v2\/types\/page"}],"author":[{"embeddable":true,"href":"https:\/\/montanhasmagicas.pt\/en\/wp-json\/wp\/v2\/users\/1"}],"replies":[{"embeddable":true,"href":"https:\/\/montanhasmagicas.pt\/en\/wp-json\/wp\/v2\/comments?post=17956"}],"version-history":[{"count":1,"href":"https:\/\/montanhasmagicas.pt\/en\/wp-json\/wp\/v2\/pages\/17956\/revisions"}],"predecessor-version":[{"id":17957,"href":"https:\/\/montanhasmagicas.pt\/en\/wp-json\/wp\/v2\/pages\/17956\/revisions\/17957"}],"up":[{"embeddable":true,"href":"https:\/\/montanhasmagicas.pt\/en\/wp-json\/wp\/v2\/pages\/17884"}],"wp:featuredmedia":[{"embeddable":true,"href":"https:\/\/montanhasmagicas.pt\/en\/wp-json\/wp\/v2\/media\/1729"}],"wp:attachment":[{"href":"https:\/\/montanhasmagicas.pt\/en\/wp-json\/wp\/v2\/media?parent=17956"}],"curies":[{"name":"wp","href":"https:\/\/api.w.org\/{rel}","templated":true}]}}